{"id":15322,"date":"2020-10-28T08:28:59","date_gmt":"2021-09-10T16:56:29","guid":{"rendered":"https:\/\/www.my-damas.com\/product\/shams-al-emarat-khususi-oud-perfume-10-ml-para-homem-e-mulher-rolo-de-oleo\/"},"modified":"2022-03-13T14:58:22","modified_gmt":"2022-03-13T14:58:22","slug":"shams-al-emarat-khususi-oud-perfume-10-ml-for-men-and-women-oil-roll","status":"publish","type":"product","link":"https:\/\/myroyalmarket.com\/pt-br\/produto\/shams-al-emarat-khususi-oud-perfume-10-ml-for-men-and-women-oil-roll\/","title":{"rendered":"Perfume Shams Al Emarat Khususi Oud 10 ml para Homens e Mulheres, Rolo de \u00d3leo"},"content":{"rendered":"<div class=\"wpb-content-wrapper\"><p>[vc_row][vc_column width=&#8221;1\/6&#8243;][\/vc_column][vc_column width=&#8221;2\/3&#8243;][vc_column_text]<\/p>\n<p style=\"text-align: center\"><strong>Shams Al Emarat Khususi<\/strong><br \/>\nEau de Perfume<\/p>\n<p>Shams Al Emarat Khususi \u00e9 um delicado alm\u00edscar branco frutado com baunilha, rosa, \u00e2mbar e s\u00e2ndalo.<\/p>\n<p>Nota: Estes s\u00e3o perfumes halal com (Alcohol Denat). Todos esses perfumes s\u00e3o importados dos Emirados \u00c1rabes Unidos e t\u00eam um cheiro excelente e tamb\u00e9m uma apar\u00eancia bonita, tornando-os presentes perfeitos.<\/p>\n<p>Vem em uma embalagem muito fina, plana e retangular que pode caber no bolso de uma jaqueta ou caber perfeitamente em sua bolsa e tem uma excelente rela\u00e7\u00e3o custo-benef\u00edcio. Isso o torna um presente ideal e altamente recomendado. Uma fragr\u00e2ncia vers\u00e1til perfeita para todos os eventos.<\/p>\n<p><strong>Conte\u00fado da caixa<\/strong> : 1 Frasco Rolo de \u00f3leo de perfume de 10ml[\/vc_column_text][\/vc_column][vc_column width=&#8221;1\/6&#8243;][\/vc_column][\/vc_row]<\/p>\n<\/div>","protected":false},"excerpt":{"rendered":"<div class=\"col-md-6 form-group\">\n<div id=\"highlight_content\">\n<div class=\"highlight_preview\">\n<div id=\"product_highlight\" class=\"product_highlight\">\n<ul>\n<li>Duradouro<\/li>\n<li>Produto mais vendido<\/li>\n<li>Eau De Perfume (EDP)<\/li>\n<li>Capacidade: 10ml<\/li>\n<li>Lindo spray de bolso<\/li>\n<li>Produto Original da UEA<\/li>\n<\/ul><\/div>\n<\/p><\/div>\n<\/p><\/div>\n<\/p><\/div>\n","protected":false},"featured_media":9328,"comment_status":"open","ping_status":"closed","template":"","meta":[],"product_brand":[],"product_cat":[270],"product_tag":[],"class_list":{"0":"post-15322","1":"product","2":"type-product","3":"status-publish","4":"has-post-thumbnail","6":"product_cat-oil-oud-perfume-pt-br","7":"product_shipping_class-1-pt-br","9":"first","10":"instock","11":"sale","12":"shipping-taxable","13":"purchasable","14":"product-type-simple"},"supplier_id":null,"supplier_sku":"","barcode":null,"atum_controlled":true,"out_stock_date":null,"out_stock_threshold":null,"inheritable":false,"inbound_stock":0,"stock_on_hold":0,"sold_today":0,"sales_last_days":0,"reserved_stock":0,"customer_returns":0,"warehouse_damage":0,"lost_in_post":0,"other_logs":0,"out_stock_days":0,"lost_sales":0,"has_location":false,"update_date":"2026-05-05T00:45:46","atum_locations":[],"atum_stock_status":"instock","restock_status":false,"low_stock_amount":"","sales_update_date":"2026-05-05T00:45:46","calc_backorders":null,"_links":{"self":[{"href":"https:\/\/myroyalmarket.com\/pt-br\/wp-json\/wp\/v2\/product\/15322","targetHints":{"allow":["GET"]}}],"collection":[{"href":"https:\/\/myroyalmarket.com\/pt-br\/wp-json\/wp\/v2\/product"}],"about":[{"href":"https:\/\/myroyalmarket.com\/pt-br\/wp-json\/wp\/v2\/types\/product"}],"replies":[{"embeddable":true,"href":"https:\/\/myroyalmarket.com\/pt-br\/wp-json\/wp\/v2\/comments?post=15322"}],"wp:featuredmedia":[{"embeddable":true,"href":"https:\/\/myroyalmarket.com\/pt-br\/wp-json\/wp\/v2\/media\/9328"}],"wp:attachment":[{"href":"https:\/\/myroyalmarket.com\/pt-br\/wp-json\/wp\/v2\/media?parent=15322"}],"wp:term":[{"taxonomy":"product_brand","embeddable":true,"href":"https:\/\/myroyalmarket.com\/pt-br\/wp-json\/wp\/v2\/product_brand?post=15322"},{"taxonomy":"product_cat","embeddable":true,"href":"https:\/\/myroyalmarket.com\/pt-br\/wp-json\/wp\/v2\/product_cat?post=15322"},{"taxonomy":"product_tag","embeddable":true,"href":"https:\/\/myroyalmarket.com\/pt-br\/wp-json\/wp\/v2\/product_tag?post=15322"}],"curies":[{"name":"wp","href":"https:\/\/api.w.org\/{rel}","templated":true}]}}