{"id":15344,"date":"2020-10-28T08:28:59","date_gmt":"2021-09-10T17:04:25","guid":{"rendered":"https:\/\/www.my-damas.com\/product\/perfume-oleo-qamarain-oud-10ml-para-homem\/"},"modified":"2022-03-13T14:58:20","modified_gmt":"2022-03-13T14:58:20","slug":"qamarain-oil-perfume-oud-10ml-for-men","status":"publish","type":"product","link":"https:\/\/myroyalmarket.com\/pt-br\/produto\/qamarain-oil-perfume-oud-10ml-for-men\/","title":{"rendered":"Perfume de \u00f3leo Qamarain (Oud) 10ML para homens"},"content":{"rendered":"<div class=\"wpb-content-wrapper\"><p>[vc_row][vc_column width=&#8221;1\/6&#8243;][\/vc_column][vc_column width=&#8221;2\/3&#8243;][vc_column_text]<\/p>\n<p style=\"text-align: center\">ARD AL ZAAFARAN PERFUMES \u00d3LEO DE PERFUME CONCENTRADO QAMARAIN 10ML &#8211; PERFUME SEM \u00c1LCOOL<\/p>\n<p>\u00d3leo de perfume Qamarain de Ard Al Zaafaran &#8211; Um perfume fresco e picante com toques florais.<\/p>\n<p>A nota principal come\u00e7a fresca e direta com bergamota fresca, gengibre, tangerina e pimenta picante.<\/p>\n<p>A nota de cora\u00e7\u00e3o \u00e9 floral com violetas e vodka.<\/p>\n<p>Vetiver e cedro formam a base, espalhando agrad\u00e1veis notas amadeiradas.<\/p>\n<p>Uma bela fragr\u00e2ncia masculina, que tem uma apar\u00eancia ligeiramente doce e fresca, mas ainda irradia masculinidade elegante. Excelente para qualquer ocasi\u00e3o.<\/p>\n<p><strong>Conte\u00fado da caixa<\/strong> : 1 Frasco Rolo de \u00f3leo de perfume de 10ml<\/p>\n<p>[\/vc_column_text][\/vc_column][vc_column width=&#8221;1\/6&#8243;][\/vc_column][\/vc_row]<\/p>\n<\/div>","protected":false},"excerpt":{"rendered":"<ul>\n<li>Duradouro<\/li>\n<li>Produto mais vendido<\/li>\n<li>Eau De Perfume (EDP)<\/li>\n<li>Capacidade: 10ml<\/li>\n<li>Linda garrafa decorada<\/li>\n<li>Produto Original da UEA<\/li>\n<\/ul>\n","protected":false},"featured_media":9352,"comment_status":"open","ping_status":"closed","template":"","meta":[],"product_brand":[],"product_cat":[270],"product_tag":[],"class_list":{"0":"post-15344","1":"product","2":"type-product","3":"status-publish","4":"has-post-thumbnail","6":"product_cat-oil-oud-perfume-pt-br","7":"product_shipping_class-1-pt-br","9":"first","10":"outofstock","11":"sale","12":"shipping-taxable","13":"purchasable","14":"product-type-simple"},"supplier_id":null,"supplier_sku":"","barcode":null,"atum_controlled":true,"out_stock_date":"2022-11-23 18:36:53","out_stock_threshold":null,"inheritable":false,"inbound_stock":0,"stock_on_hold":0,"sold_today":0,"sales_last_days":0,"reserved_stock":0,"customer_returns":0,"warehouse_damage":0,"lost_in_post":0,"other_logs":0,"out_stock_days":1258,"lost_sales":0,"has_location":false,"update_date":"2026-05-05T00:45:43","atum_locations":[],"atum_stock_status":"outofstock","restock_status":false,"low_stock_amount":"","sales_update_date":"2026-05-05T00:45:43","calc_backorders":null,"_links":{"self":[{"href":"https:\/\/myroyalmarket.com\/pt-br\/wp-json\/wp\/v2\/product\/15344","targetHints":{"allow":["GET"]}}],"collection":[{"href":"https:\/\/myroyalmarket.com\/pt-br\/wp-json\/wp\/v2\/product"}],"about":[{"href":"https:\/\/myroyalmarket.com\/pt-br\/wp-json\/wp\/v2\/types\/product"}],"replies":[{"embeddable":true,"href":"https:\/\/myroyalmarket.com\/pt-br\/wp-json\/wp\/v2\/comments?post=15344"}],"wp:featuredmedia":[{"embeddable":true,"href":"https:\/\/myroyalmarket.com\/pt-br\/wp-json\/wp\/v2\/media\/9352"}],"wp:attachment":[{"href":"https:\/\/myroyalmarket.com\/pt-br\/wp-json\/wp\/v2\/media?parent=15344"}],"wp:term":[{"taxonomy":"product_brand","embeddable":true,"href":"https:\/\/myroyalmarket.com\/pt-br\/wp-json\/wp\/v2\/product_brand?post=15344"},{"taxonomy":"product_cat","embeddable":true,"href":"https:\/\/myroyalmarket.com\/pt-br\/wp-json\/wp\/v2\/product_cat?post=15344"},{"taxonomy":"product_tag","embeddable":true,"href":"https:\/\/myroyalmarket.com\/pt-br\/wp-json\/wp\/v2\/product_tag?post=15344"}],"curies":[{"name":"wp","href":"https:\/\/api.w.org\/{rel}","templated":true}]}}