{"id":15351,"date":"2020-10-28T08:28:59","date_gmt":"2021-09-10T17:06:33","guid":{"rendered":"https:\/\/www.my-damas.com\/product\/oud-sharqia-perfume-10ml-for-women-oil-roll\/"},"modified":"2022-03-13T14:58:19","modified_gmt":"2022-03-13T14:58:19","slug":"oud-sharqia-perfume-10ml-for-women-oil-roll","status":"publish","type":"product","link":"https:\/\/myroyalmarket.com\/pt-br\/produto\/oud-sharqia-perfume-10ml-for-women-oil-roll\/","title":{"rendered":"Perfume Oud Sharqia 10ML para mulheres, rolo de \u00f3leo"},"content":{"rendered":"<div class=\"wpb-content-wrapper\"><p>[vc_row][vc_column width=&#8221;1\/6&#8243;][\/vc_column][vc_column width=&#8221;2\/3&#8243;][vc_column_text]<\/p>\n<p style=\"text-align: center\"><strong>Oud Sharqia<\/strong><br \/>\nOud<\/p>\n<p>Um frasco bonito e elegante e uma linda caixa externa. Oud Sharqia preencheu um exclusivo que descreve a for\u00e7a deste perfume persistente. Oudh que produz notas terrosas e amadeiradas de Ard al Zaafran \u00e9 composto de qualidade premium com desenvolvimentos modernos.<\/p>\n<p>Oud Sharqia Ard al Zaafran Perfumes \u00e9 um perfume Oriental Compartilhado. As notas de topo s\u00e3o \u00e1gar (oud), canela e noz-moscada: o meio \u00e9 jasmim e s\u00e2ndalo: as notas de fundo s\u00e3o alm\u00edscar. baunilha, madeira guaiaco, \u00e2mbar<\/p>\n<p>&nbsp;<\/p>\n<p>Conte\u00fado da caixa: 1 Frasco Rolo de \u00f3leo de perfume de 10ml[\/vc_column_text][\/vc_column][vc_column width=&#8221;1\/6&#8243;][\/vc_column][\/vc_row]<\/p>\n<\/div>","protected":false},"excerpt":{"rendered":"<ul>\n<li>Duradouro<\/li>\n<li>Produto mais vendido<\/li>\n<li>Eau De Perfume (EDP)<\/li>\n<li>Capacidade: 10ml<\/li>\n<li>Linda garrafa decorada<\/li>\n<li>Produto Original da UEA<\/li>\n<\/ul>\n","protected":false},"featured_media":9360,"comment_status":"open","ping_status":"closed","template":"","meta":[],"product_brand":[],"product_cat":[270],"product_tag":[],"class_list":{"0":"post-15351","1":"product","2":"type-product","3":"status-publish","4":"has-post-thumbnail","6":"product_cat-oil-oud-perfume-pt-br","7":"product_shipping_class-1-pt-br","9":"first","10":"instock","11":"sale","12":"shipping-taxable","13":"purchasable","14":"product-type-simple"},"supplier_id":null,"supplier_sku":"","barcode":null,"atum_controlled":true,"out_stock_date":null,"out_stock_threshold":null,"inheritable":false,"inbound_stock":0,"stock_on_hold":0,"sold_today":0,"sales_last_days":0,"reserved_stock":0,"customer_returns":0,"warehouse_damage":0,"lost_in_post":0,"other_logs":0,"out_stock_days":0,"lost_sales":0,"has_location":false,"update_date":"2026-05-05T00:45:50","atum_locations":[],"atum_stock_status":"instock","restock_status":false,"low_stock_amount":"","sales_update_date":"2026-05-05T00:45:50","calc_backorders":null,"_links":{"self":[{"href":"https:\/\/myroyalmarket.com\/pt-br\/wp-json\/wp\/v2\/product\/15351","targetHints":{"allow":["GET"]}}],"collection":[{"href":"https:\/\/myroyalmarket.com\/pt-br\/wp-json\/wp\/v2\/product"}],"about":[{"href":"https:\/\/myroyalmarket.com\/pt-br\/wp-json\/wp\/v2\/types\/product"}],"replies":[{"embeddable":true,"href":"https:\/\/myroyalmarket.com\/pt-br\/wp-json\/wp\/v2\/comments?post=15351"}],"wp:featuredmedia":[{"embeddable":true,"href":"https:\/\/myroyalmarket.com\/pt-br\/wp-json\/wp\/v2\/media\/9360"}],"wp:attachment":[{"href":"https:\/\/myroyalmarket.com\/pt-br\/wp-json\/wp\/v2\/media?parent=15351"}],"wp:term":[{"taxonomy":"product_brand","embeddable":true,"href":"https:\/\/myroyalmarket.com\/pt-br\/wp-json\/wp\/v2\/product_brand?post=15351"},{"taxonomy":"product_cat","embeddable":true,"href":"https:\/\/myroyalmarket.com\/pt-br\/wp-json\/wp\/v2\/product_cat?post=15351"},{"taxonomy":"product_tag","embeddable":true,"href":"https:\/\/myroyalmarket.com\/pt-br\/wp-json\/wp\/v2\/product_tag?post=15351"}],"curies":[{"name":"wp","href":"https:\/\/api.w.org\/{rel}","templated":true}]}}