{"id":15356,"date":"2020-10-28T08:28:59","date_gmt":"2021-09-10T17:08:12","guid":{"rendered":"https:\/\/www.my-damas.com\/product\/perfume-ord-orquidea-10ml-para-homem-e-mulher-rolo-de-oleo\/"},"modified":"2022-03-13T15:00:22","modified_gmt":"2022-03-13T15:00:22","slug":"oud-orchid-perfume-10ml-for-men-and-women-oil-roll","status":"publish","type":"product","link":"https:\/\/myroyalmarket.com\/pt-br\/produto\/oud-orchid-perfume-10ml-for-men-and-women-oil-roll\/","title":{"rendered":"Perfume Oud Orchid 10ml Masculino e Feminino, Rolo de \u00d3leo"},"content":{"rendered":"<div class=\"wpb-content-wrapper\"><p>[vc_row][vc_column width=&#8221;1\/6&#8243;][\/vc_column][vc_column width=&#8221;2\/3&#8243;][vc_column_text]<\/p>\n<p style=\"text-align: center;\"><strong>ARD AL ZAAFARAN PERFUMES \u00d3LEO DE PERFUME CONCENTRADO \u00d3LEO DE ORQU\u00cdDEA 10ML &#8211; PERFUME SEM \u00c1LCOOL<\/strong><\/p>\n<p>O \u00f3leo de perfume Oud Orchid de Ard Al Zaafaran \u00e9 um perfume oriental amadeirado para homens e mulheres.<\/p>\n<p>O perfume tem uma nota de cabe\u00e7a floral-picante levemente fresca com camur\u00e7a e cravo.<\/p>\n<p>A nota de cora\u00e7\u00e3o \u00e9 floral com jasmim e orqu\u00eddeas. Tons de chocolate escuro complementam maravilhosamente as notas florais e espalham sensualidade.<\/p>\n<p>A base \u00e9 muito quente, amadeirada e cheia de oud, s\u00e2ndalo, baunilha, alm\u00edscar branco e patchuli.[\/vc_column_text][\/vc_column][vc_column width=&#8221;1\/6&#8243;][\/vc_column][\/vc_row]<\/p>\n<\/div>","protected":false},"excerpt":{"rendered":"<ul>\n<li>Oud, Rose, Patchouli<\/li>\n<li>Canela, \u00c2mbar, Oud, Cedro<\/li>\n<li>S\u00e2ndalo, Alm\u00edscar Branco, Oud, Musgo de Carvalho<\/li>\n<li>Duradouro<\/li>\n<li>Produto mais vendido<\/li>\n<li>Eau de Perfume (EDP)<\/li>\n<li>Capacidade: 10ml<\/li>\n<li>Linda garrafa decorada<\/li>\n<li>Produto Original da UEA<\/li>\n<\/ul>\n","protected":false},"featured_media":9372,"comment_status":"open","ping_status":"closed","template":"","meta":[],"product_brand":[],"product_cat":[270],"product_tag":[],"class_list":{"0":"post-15356","1":"product","2":"type-product","3":"status-publish","4":"has-post-thumbnail","6":"product_cat-oil-oud-perfume-pt-br","7":"product_shipping_class-1-pt-br","9":"first","10":"outofstock","11":"sale","12":"shipping-taxable","13":"purchasable","14":"product-type-simple"},"supplier_id":null,"supplier_sku":"","barcode":null,"atum_controlled":true,"out_stock_date":"2022-03-13 15:00:22","out_stock_threshold":null,"inheritable":false,"inbound_stock":0,"stock_on_hold":0,"sold_today":0,"sales_last_days":0,"reserved_stock":0,"customer_returns":0,"warehouse_damage":0,"lost_in_post":0,"other_logs":0,"out_stock_days":1513,"lost_sales":0,"has_location":false,"update_date":"2026-05-05T00:45:43","atum_locations":[],"atum_stock_status":"outofstock","restock_status":false,"low_stock_amount":"","sales_update_date":"2026-05-05T00:45:43","calc_backorders":null,"_links":{"self":[{"href":"https:\/\/myroyalmarket.com\/pt-br\/wp-json\/wp\/v2\/product\/15356","targetHints":{"allow":["GET"]}}],"collection":[{"href":"https:\/\/myroyalmarket.com\/pt-br\/wp-json\/wp\/v2\/product"}],"about":[{"href":"https:\/\/myroyalmarket.com\/pt-br\/wp-json\/wp\/v2\/types\/product"}],"replies":[{"embeddable":true,"href":"https:\/\/myroyalmarket.com\/pt-br\/wp-json\/wp\/v2\/comments?post=15356"}],"wp:featuredmedia":[{"embeddable":true,"href":"https:\/\/myroyalmarket.com\/pt-br\/wp-json\/wp\/v2\/media\/9372"}],"wp:attachment":[{"href":"https:\/\/myroyalmarket.com\/pt-br\/wp-json\/wp\/v2\/media?parent=15356"}],"wp:term":[{"taxonomy":"product_brand","embeddable":true,"href":"https:\/\/myroyalmarket.com\/pt-br\/wp-json\/wp\/v2\/product_brand?post=15356"},{"taxonomy":"product_cat","embeddable":true,"href":"https:\/\/myroyalmarket.com\/pt-br\/wp-json\/wp\/v2\/product_cat?post=15356"},{"taxonomy":"product_tag","embeddable":true,"href":"https:\/\/myroyalmarket.com\/pt-br\/wp-json\/wp\/v2\/product_tag?post=15356"}],"curies":[{"name":"wp","href":"https:\/\/api.w.org\/{rel}","templated":true}]}}