{"id":15362,"date":"2020-10-28T08:28:59","date_gmt":"2021-09-10T17:10:01","guid":{"rendered":"https:\/\/www.my-damas.com\/product\/perfume-oud-abyad-10-ml-para-homem-e-mulher-rolo-de-oleo\/"},"modified":"2022-07-04T16:31:15","modified_gmt":"2022-07-04T16:31:15","slug":"oud-abyad-perfume-10-ml-for-men-and-women-oil-roll","status":"publish","type":"product","link":"https:\/\/myroyalmarket.com\/pt-br\/produto\/oud-abyad-perfume-10-ml-for-men-and-women-oil-roll\/","title":{"rendered":"Perfume Oud Abyad 10 ML para homens e mulheres, rolo de \u00f3leo"},"content":{"rendered":"<div class=\"wpb-content-wrapper\"><p>[vc_row][vc_column width=&#8221;1\/6&#8243;][\/vc_column][vc_column width=&#8221;2\/3&#8243;][vc_column_text]<\/p>\n<div style=\"text-align: center;\"><strong>Oud Abyad<\/strong><\/div>\n<div><\/div>\n<div>Este \u00e9 o aroma mais delicado e sutil que podemos esperar do oud. A abertura atalcada e ligeiramente medicinal do oud leva a um cora\u00e7\u00e3o suave floral e quente e picante. A nota final de conforto inclui incenso, s\u00e2ndalo, \u00e2mbar e baunilha doce que d\u00e1 seu calor cremoso \u00e0 composi\u00e7\u00e3o, mas n\u00e3o baniu a complexidade refinada do oud. &amp; As notas principais s\u00e3o rosa de Damasco, a\u00e7afr\u00e3o, \u00e1garwood.<\/div>\n<div><\/div>\n<div>Melhor perfume Oud do mercado com lindo frasco e espumante dentro.Para Homem e Mulher. Produto de r\u00e1pida movimenta\u00e7\u00e3o.Melhor qualidade a um pre\u00e7o acess\u00edvel<\/div>\n<div><\/div>\n<div>Nota: Estes s\u00e3o perfumes halal com (Alcohol Denat). Esses perfumes s\u00e3o todos importados do Extremo Oriente e t\u00eam um \u00f3timo cheiro e tamb\u00e9m uma \u00f3tima apar\u00eancia, tornando-os presentes perfeitos.<\/div>\n<div><\/div>\n<div>Tamanho: 10ml<\/div>\n<div>Fabricante: Ard Al Zafraan<\/div>\n<div><\/div>\n<div>Vem em uma embalagem muito fina, plana e retangular que pode caber no bolso de uma jaqueta ou caber perfeitamente em sua bolsa e tem uma excelente rela\u00e7\u00e3o custo-benef\u00edcio. Isso o torna um presente ideal e altamente recomendado. Uma fragr\u00e2ncia vers\u00e1til perfeita para todos os eventos.<\/div>\n<div><\/div>\n<div><\/div>\n<div><\/div>\n<p><br data-cke-eol=\"1\">[\/vc_column_text][\/vc_column][vc_column width=&#8221;1\/6&#8243;][\/vc_column][\/vc_row]<\/p>\n<\/div>","protected":false},"excerpt":{"rendered":"<ul>\n<li>Duradouro<\/li>\n<li>Produto mais vendido<\/li>\n<li>Eau De Perfume (EDP)<\/li>\n<li>Capacidade: 10ml<\/li>\n<li>Lindo spray de bolso<\/li>\n<li>Produto Original da UEA<\/li>\n<\/ul>\n","protected":false},"featured_media":9376,"comment_status":"open","ping_status":"closed","template":"","meta":[],"product_brand":[],"product_cat":[270],"product_tag":[],"class_list":{"0":"post-15362","1":"product","2":"type-product","3":"status-publish","4":"has-post-thumbnail","6":"product_cat-oil-oud-perfume-pt-br","7":"product_shipping_class-1-pt-br","9":"first","10":"instock","11":"sale","12":"shipping-taxable","13":"purchasable","14":"product-type-simple"},"supplier_id":null,"supplier_sku":"","barcode":null,"atum_controlled":true,"out_stock_date":null,"out_stock_threshold":null,"inheritable":false,"inbound_stock":0,"stock_on_hold":0,"sold_today":0,"sales_last_days":0,"reserved_stock":0,"customer_returns":0,"warehouse_damage":0,"lost_in_post":0,"other_logs":0,"out_stock_days":0,"lost_sales":0,"has_location":false,"update_date":"2026-05-04T16:42:53","atum_locations":[],"atum_stock_status":"instock","restock_status":false,"low_stock_amount":"","sales_update_date":"2026-05-04T16:42:53","calc_backorders":null,"_links":{"self":[{"href":"https:\/\/myroyalmarket.com\/pt-br\/wp-json\/wp\/v2\/product\/15362","targetHints":{"allow":["GET"]}}],"collection":[{"href":"https:\/\/myroyalmarket.com\/pt-br\/wp-json\/wp\/v2\/product"}],"about":[{"href":"https:\/\/myroyalmarket.com\/pt-br\/wp-json\/wp\/v2\/types\/product"}],"replies":[{"embeddable":true,"href":"https:\/\/myroyalmarket.com\/pt-br\/wp-json\/wp\/v2\/comments?post=15362"}],"wp:featuredmedia":[{"embeddable":true,"href":"https:\/\/myroyalmarket.com\/pt-br\/wp-json\/wp\/v2\/media\/9376"}],"wp:attachment":[{"href":"https:\/\/myroyalmarket.com\/pt-br\/wp-json\/wp\/v2\/media?parent=15362"}],"wp:term":[{"taxonomy":"product_brand","embeddable":true,"href":"https:\/\/myroyalmarket.com\/pt-br\/wp-json\/wp\/v2\/product_brand?post=15362"},{"taxonomy":"product_cat","embeddable":true,"href":"https:\/\/myroyalmarket.com\/pt-br\/wp-json\/wp\/v2\/product_cat?post=15362"},{"taxonomy":"product_tag","embeddable":true,"href":"https:\/\/myroyalmarket.com\/pt-br\/wp-json\/wp\/v2\/product_tag?post=15362"}],"curies":[{"name":"wp","href":"https:\/\/api.w.org\/{rel}","templated":true}]}}