{"id":15377,"date":"2020-10-28T08:28:59","date_gmt":"2021-09-10T17:16:15","guid":{"rendered":"https:\/\/www.my-damas.com\/product\/dirham-silver-perfume-oud-10ml-for-men-oil-roll\/"},"modified":"2022-03-13T14:58:18","modified_gmt":"2022-03-13T14:58:18","slug":"dirham-silver-perfume-oud-10ml-for-men-oil-roll","status":"publish","type":"product","link":"https:\/\/myroyalmarket.com\/pt-br\/produto\/dirham-silver-perfume-oud-10ml-for-men-oil-roll\/","title":{"rendered":"Perfume Dirham Silver (Oud) 10ML For Men, Oil Roll"},"content":{"rendered":"<div class=\"wpb-content-wrapper\"><p>[vc_row][vc_column width=&#8221;1\/6&#8243;][\/vc_column][vc_column width=&#8221;2\/3&#8243;][vc_column_text]<\/p>\n<p style=\"text-align: center\">Perfume dirham<br \/>\nOud<\/p>\n<p>A fragr\u00e2ncia do perfume Dirham \u00e9 considerada a mais popular em nosso pa\u00eds, apesar de ter um cheiro oriental totalmente n\u00e3o convencional. Feno, ervas secas, karadam\u00f3nom cheio de toco e grama svie\u017eo &#8211; kyslo &#8211; herb\u00e1cea especial. Bastante intenso, bastante indefin\u00edvel como honestamente navoravkovan\u00fd Arab no pasto alpino.<\/p>\n<p>O cheiro est\u00e1 se movendo no plano orientar &#8211; fougere. Cabe homens, sem discuss\u00e3o, mas compre aqui e ali dentro das mulheres de ataque da TPM. Perfume de Dirham \u00e9 bem usado em clima de primavera-ver\u00e3o. Eles compram para ele todas as faixas et\u00e1rias, que n\u00e3o est\u00e3o sujeitas aos ditames da moda e das tend\u00eancias.<\/p>\n<p><strong>Ingredientes<\/strong> : lim\u00e3o, bergamota, lavanda, cardamomo, jasmim, rosa, cedro vetiver[\/vc_column_text][\/vc_column][vc_column width=&#8221;1\/6&#8243;][\/vc_column][\/vc_row]<\/p>\n<\/div>","protected":false},"excerpt":{"rendered":"<ul>\n<li>Duradouro<\/li>\n<li>Produto mais vendido<\/li>\n<li>Eau De Perfume (EDP)<\/li>\n<li>Capacidade: 10ml<\/li>\n<li>Linda garrafa decorada<\/li>\n<li>Produto Original da UEA<\/li>\n<\/ul>\n","protected":false},"featured_media":9396,"comment_status":"open","ping_status":"closed","template":"","meta":[],"product_brand":[],"product_cat":[270],"product_tag":[],"class_list":{"0":"post-15377","1":"product","2":"type-product","3":"status-publish","4":"has-post-thumbnail","6":"product_cat-oil-oud-perfume-pt-br","7":"product_shipping_class-1-pt-br","9":"first","10":"instock","11":"sale","12":"shipping-taxable","13":"purchasable","14":"product-type-simple"},"supplier_id":null,"supplier_sku":"","barcode":null,"atum_controlled":true,"out_stock_date":null,"out_stock_threshold":null,"inheritable":false,"inbound_stock":0,"stock_on_hold":0,"sold_today":0,"sales_last_days":0,"reserved_stock":0,"customer_returns":0,"warehouse_damage":0,"lost_in_post":0,"other_logs":0,"out_stock_days":0,"lost_sales":0,"has_location":false,"update_date":"2026-05-04T16:42:53","atum_locations":[],"atum_stock_status":"instock","restock_status":false,"low_stock_amount":"","sales_update_date":"2026-05-04T16:42:53","calc_backorders":null,"_links":{"self":[{"href":"https:\/\/myroyalmarket.com\/pt-br\/wp-json\/wp\/v2\/product\/15377","targetHints":{"allow":["GET"]}}],"collection":[{"href":"https:\/\/myroyalmarket.com\/pt-br\/wp-json\/wp\/v2\/product"}],"about":[{"href":"https:\/\/myroyalmarket.com\/pt-br\/wp-json\/wp\/v2\/types\/product"}],"replies":[{"embeddable":true,"href":"https:\/\/myroyalmarket.com\/pt-br\/wp-json\/wp\/v2\/comments?post=15377"}],"wp:featuredmedia":[{"embeddable":true,"href":"https:\/\/myroyalmarket.com\/pt-br\/wp-json\/wp\/v2\/media\/9396"}],"wp:attachment":[{"href":"https:\/\/myroyalmarket.com\/pt-br\/wp-json\/wp\/v2\/media?parent=15377"}],"wp:term":[{"taxonomy":"product_brand","embeddable":true,"href":"https:\/\/myroyalmarket.com\/pt-br\/wp-json\/wp\/v2\/product_brand?post=15377"},{"taxonomy":"product_cat","embeddable":true,"href":"https:\/\/myroyalmarket.com\/pt-br\/wp-json\/wp\/v2\/product_cat?post=15377"},{"taxonomy":"product_tag","embeddable":true,"href":"https:\/\/myroyalmarket.com\/pt-br\/wp-json\/wp\/v2\/product_tag?post=15377"}],"curies":[{"name":"wp","href":"https:\/\/api.w.org\/{rel}","templated":true}]}}