{"id":15382,"date":"2020-10-28T08:28:59","date_gmt":"2021-09-10T17:18:06","guid":{"rendered":"https:\/\/www.my-damas.com\/product\/dar-al-shabaab-oud-perfumes-10-ml-for-men-oil-roll\/"},"modified":"2022-03-13T14:58:17","modified_gmt":"2022-03-13T14:58:17","slug":"dar-al-shabaab-oud-perfumes-10-ml-for-men-oil-roll","status":"publish","type":"product","link":"https:\/\/myroyalmarket.com\/pt-br\/produto\/dar-al-shabaab-oud-perfumes-10-ml-for-men-oil-roll\/","title":{"rendered":"Perfumes Dar Al Shabaab Oud 10 ML para homens, rolo de \u00f3leo"},"content":{"rendered":"<div class=\"wpb-content-wrapper\"><p>[vc_row][vc_column width=&#8221;1\/6&#8243;][\/vc_column][vc_column width=&#8221;2\/3&#8243;][vc_column_text]<\/p>\n<p style=\"text-align: center;\"><strong>Dar Al Shabab<\/strong><br \/>\nArd Al Zaafaran<\/p>\n<p>Dar Al Shabab 100ml Spray Ard Al Zaafaran, A\u00e7afr\u00e3o Hist\u00f3ria O a\u00e7afr\u00e3o est\u00e1 entre as plantas mais valiosas do mundo e \u00e9 conhecido no Ir\u00e3 por muitos s\u00e9culos. Os persas, al\u00e9m de exportar a\u00e7afr\u00e3o para muitas partes do mundo antigo, apresentaram suas propriedades aos gregos. Russos. Romanos, chineses e outras na\u00e7\u00f5es. Dado seu clima, hoje o Ir\u00e3 ainda \u00e9 um dos pa\u00edses mais apropriados para OTOW a\u00e7afr\u00e3o.<\/p>\n<p>Vem em uma embalagem muito fina, plana e retangular que pode caber no bolso de uma jaqueta ou caber perfeitamente em sua bolsa e tem uma excelente rela\u00e7\u00e3o custo-benef\u00edcio. Isso o torna um presente ideal e altamente recomendado. Uma fragr\u00e2ncia vers\u00e1til perfeita para todos os eventos.[\/vc_column_text][vc_single_image image=&#8221;9400&#8243; img_size=&#8221;full&#8221; alignment=&#8221;center&#8221;][\/vc_column][vc_column width=&#8221;1\/6&#8243;][\/vc_column][\/vc_row]<\/p>\n<\/div>","protected":false},"excerpt":{"rendered":"<ul>\n<li>P\u00eassego, abacaxi, ma\u00e7\u00e3, a\u00e7afr\u00e3o, bergamota<\/li>\n<li>Rosas, l\u00edrio do vale, jasmim<\/li>\n<li>S\u00e2ndalo, \u00e2mbar cinzento, cipriol, cedro, baunilha, patchuli, alm\u00edscar branco<\/li>\n<li>Fabricante: Ard Al Zafraan<\/li>\n<li>Tamanho: 10ml<\/li>\n<\/ul>\n","protected":false},"featured_media":9404,"comment_status":"open","ping_status":"closed","template":"","meta":[],"product_brand":[],"product_cat":[270],"product_tag":[],"class_list":{"0":"post-15382","1":"product","2":"type-product","3":"status-publish","4":"has-post-thumbnail","6":"product_cat-oil-oud-perfume-pt-br","7":"product_shipping_class-1-pt-br","9":"first","10":"instock","11":"sale","12":"shipping-taxable","13":"purchasable","14":"product-type-simple"},"supplier_id":null,"supplier_sku":"","barcode":null,"atum_controlled":true,"out_stock_date":null,"out_stock_threshold":null,"inheritable":false,"inbound_stock":0,"stock_on_hold":0,"sold_today":0,"sales_last_days":0,"reserved_stock":0,"customer_returns":0,"warehouse_damage":0,"lost_in_post":0,"other_logs":0,"out_stock_days":0,"lost_sales":0,"has_location":false,"update_date":"2026-05-05T00:45:48","atum_locations":[],"atum_stock_status":"instock","restock_status":false,"low_stock_amount":"","sales_update_date":"2026-05-05T00:45:48","calc_backorders":null,"_links":{"self":[{"href":"https:\/\/myroyalmarket.com\/pt-br\/wp-json\/wp\/v2\/product\/15382","targetHints":{"allow":["GET"]}}],"collection":[{"href":"https:\/\/myroyalmarket.com\/pt-br\/wp-json\/wp\/v2\/product"}],"about":[{"href":"https:\/\/myroyalmarket.com\/pt-br\/wp-json\/wp\/v2\/types\/product"}],"replies":[{"embeddable":true,"href":"https:\/\/myroyalmarket.com\/pt-br\/wp-json\/wp\/v2\/comments?post=15382"}],"wp:featuredmedia":[{"embeddable":true,"href":"https:\/\/myroyalmarket.com\/pt-br\/wp-json\/wp\/v2\/media\/9404"}],"wp:attachment":[{"href":"https:\/\/myroyalmarket.com\/pt-br\/wp-json\/wp\/v2\/media?parent=15382"}],"wp:term":[{"taxonomy":"product_brand","embeddable":true,"href":"https:\/\/myroyalmarket.com\/pt-br\/wp-json\/wp\/v2\/product_brand?post=15382"},{"taxonomy":"product_cat","embeddable":true,"href":"https:\/\/myroyalmarket.com\/pt-br\/wp-json\/wp\/v2\/product_cat?post=15382"},{"taxonomy":"product_tag","embeddable":true,"href":"https:\/\/myroyalmarket.com\/pt-br\/wp-json\/wp\/v2\/product_tag?post=15382"}],"curies":[{"name":"wp","href":"https:\/\/api.w.org\/{rel}","templated":true}]}}