{"id":15391,"date":"2020-10-28T08:28:59","date_gmt":"2021-09-11T11:50:43","guid":{"rendered":"https:\/\/www.my-damas.com\/product\/dar-al-hae-oud-perfume-10-ml-para-mulheres-oleo-roll\/"},"modified":"2022-03-13T15:00:20","modified_gmt":"2022-03-13T15:00:20","slug":"dar-al-hae-oud-perfume-10-ml-for-women-oil-roll","status":"publish","type":"product","link":"https:\/\/myroyalmarket.com\/pt-br\/produto\/dar-al-hae-oud-perfume-10-ml-for-women-oil-roll\/","title":{"rendered":"Perfume Dar Al Hae Oud 10 ML para mulheres, rolo de \u00f3leo"},"content":{"rendered":"<div class=\"wpb-content-wrapper\"><p>[vc_row][vc_column width=&#8221;1\/6&#8243;][\/vc_column][vc_column width=&#8221;2\/3&#8243;][vc_column_text]<\/p>\n<h1 class=\"ng-binding ng-scope\" style=\"text-align: center\">ARD AL ZAAFARAN PERFUMES \u00d3LEO DE PERFUME CONCENTRADO DAR AL HAE 10ML<\/h1>\n<p>O \u00f3leo de perfume Dar Al Hae de Ard Al Zaafaran \u00e9 um perfume oriental quente e profundo para mulheres.<\/p>\n<p>A nota de cabe\u00e7a do perfume abre ligeiramente fresca com lima e patchouli terroso.<\/p>\n<p>Na nota de cora\u00e7\u00e3o encontramos s\u00e2ndalo e baunilha, que se complementam harmoniosamente e d\u00e3o um toque oriental.<\/p>\n<p>A base forma alm\u00edscar com \u00e2mbar.<\/p>\n<p>Um perfume muito charmoso com toques orientais, cujo calor e suavidade espalham uma agrad\u00e1vel harmonia.<\/p>\n<p>Principais acordes: quente, oriental, amadeirado, terroso<\/p>\n<p><br data-cke-eol=\"1\">[\/vc_column_text][\/vc_column][vc_column width=&#8221;1\/6&#8243;][\/vc_column][\/vc_row]<\/p>\n<\/div>","protected":false},"excerpt":{"rendered":"<ul>\n<li>Fam\u00edlia da fragr\u00e2ncia: oriental<\/li>\n<li>Tipo de fragr\u00e2ncia: Halal Attar \/ Eau de Parfum<\/li>\n<li>Fabrica\u00e7\u00e3o: Ard Al Zaafaran<\/li>\n<li>G\u00eanero: Femme<\/li>\n<li>Pa\u00eds de fabrica\u00e7\u00e3o: Emirados \u00c1rabes Unidos<\/li>\n<li>Tamanho: 10ml<\/li>\n<\/ul>\n","protected":false},"featured_media":9412,"comment_status":"open","ping_status":"closed","template":"","meta":[],"product_brand":[],"product_cat":[270],"product_tag":[],"class_list":{"0":"post-15391","1":"product","2":"type-product","3":"status-publish","4":"has-post-thumbnail","6":"product_cat-oil-oud-perfume-pt-br","7":"product_shipping_class-1-pt-br","9":"first","10":"outofstock","11":"sale","12":"shipping-taxable","13":"purchasable","14":"product-type-simple"},"supplier_id":null,"supplier_sku":"","barcode":null,"atum_controlled":true,"out_stock_date":"2022-03-13 15:00:20","out_stock_threshold":null,"inheritable":false,"inbound_stock":0,"stock_on_hold":0,"sold_today":0,"sales_last_days":0,"reserved_stock":0,"customer_returns":0,"warehouse_damage":0,"lost_in_post":0,"other_logs":0,"out_stock_days":1513,"lost_sales":0,"has_location":false,"update_date":"2026-05-05T00:45:41","atum_locations":[],"atum_stock_status":"outofstock","restock_status":false,"low_stock_amount":"","sales_update_date":"2026-05-05T00:45:41","calc_backorders":null,"_links":{"self":[{"href":"https:\/\/myroyalmarket.com\/pt-br\/wp-json\/wp\/v2\/product\/15391","targetHints":{"allow":["GET"]}}],"collection":[{"href":"https:\/\/myroyalmarket.com\/pt-br\/wp-json\/wp\/v2\/product"}],"about":[{"href":"https:\/\/myroyalmarket.com\/pt-br\/wp-json\/wp\/v2\/types\/product"}],"replies":[{"embeddable":true,"href":"https:\/\/myroyalmarket.com\/pt-br\/wp-json\/wp\/v2\/comments?post=15391"}],"wp:featuredmedia":[{"embeddable":true,"href":"https:\/\/myroyalmarket.com\/pt-br\/wp-json\/wp\/v2\/media\/9412"}],"wp:attachment":[{"href":"https:\/\/myroyalmarket.com\/pt-br\/wp-json\/wp\/v2\/media?parent=15391"}],"wp:term":[{"taxonomy":"product_brand","embeddable":true,"href":"https:\/\/myroyalmarket.com\/pt-br\/wp-json\/wp\/v2\/product_brand?post=15391"},{"taxonomy":"product_cat","embeddable":true,"href":"https:\/\/myroyalmarket.com\/pt-br\/wp-json\/wp\/v2\/product_cat?post=15391"},{"taxonomy":"product_tag","embeddable":true,"href":"https:\/\/myroyalmarket.com\/pt-br\/wp-json\/wp\/v2\/product_tag?post=15391"}],"curies":[{"name":"wp","href":"https:\/\/api.w.org\/{rel}","templated":true}]}}