{"id":15405,"date":"2020-10-28T08:28:58","date_gmt":"2021-09-11T11:57:32","guid":{"rendered":"https:\/\/www.my-damas.com\/product\/akhbar-al-ushaq-oud-perfume-10-ml-for-women-oil-roll\/"},"modified":"2023-10-23T08:49:46","modified_gmt":"2023-10-23T08:49:46","slug":"akhbar-al-ushaq-oud-perfume-10-ml-for-women-oil-roll","status":"publish","type":"product","link":"https:\/\/myroyalmarket.com\/pt-br\/produto\/akhbar-al-ushaq-oud-perfume-10-ml-for-women-oil-roll\/","title":{"rendered":"Akhbar Al Ushaq Oud Perfume 10 ML para mulheres, rolo de \u00f3leo"},"content":{"rendered":"<div class=\"wpb-content-wrapper\"><p>[vc_row][vc_column width=&#8221;1\/6&#8243;][\/vc_column][vc_column width=&#8221;2\/3&#8243;][vc_column_text]<\/p>\n<h1 class=\"ng-binding ng-scope\" style=\"text-align: center;\">Ard Al Zaafaran Akhbar Al Ushaq 10ml<\/h1>\n<p>Akhbar Al Ushaq de Ard Al Zaafaran &#8211; Uma fragr\u00e2ncia feminina com aromas frutados e florais, baunilha quente e coco. Akhbar Al Ushaq come\u00e7a com uma fruta suculenta com morangos, framboesas, uvas e ma\u00e7\u00e3s. As notas de cora\u00e7\u00e3o sensuais das notas amadeiradas de coco e baunilha s\u00e3o lisonjeiras e quentes. Rosas, l\u00edrios e Freesin formam a base floral.<\/p>\n<p>Um belo perfume oriental, que inspira com sua vitalidade no in\u00edcio e sua progress\u00e3o para uma harmonia c\u00e1lida e suave na base e que se adapta bem ao dia a dia.[\/vc_column_text][\/vc_column][vc_column width=&#8221;1\/6&#8243;][\/vc_column][\/vc_row]<\/p>\n<\/div>","protected":false},"excerpt":{"rendered":"<ul>\n<li>Fam\u00edlia da fragr\u00e2ncia: oriental<\/li>\n<li>Tipo de fragr\u00e2ncia: Halal Attar \/ Eau de Parfum<\/li>\n<li>Fabrica\u00e7\u00e3o: Ard Al Zaafaran<\/li>\n<li>G\u00eanero: Femme<\/li>\n<li>Pa\u00eds de fabrica\u00e7\u00e3o: Emirados \u00c1rabes Unidos<\/li>\n<li>Tamanho: 10ml<\/li>\n<\/ul>\n","protected":false},"featured_media":9436,"comment_status":"open","ping_status":"closed","template":"","meta":[],"product_brand":[],"product_cat":[270],"product_tag":[],"class_list":{"0":"post-15405","1":"product","2":"type-product","3":"status-publish","4":"has-post-thumbnail","6":"product_cat-oil-oud-perfume-pt-br","7":"product_shipping_class-1-pt-br","9":"first","10":"instock","11":"sale","12":"shipping-taxable","13":"purchasable","14":"product-type-simple"},"supplier_id":null,"supplier_sku":"","barcode":null,"atum_controlled":true,"out_stock_date":null,"out_stock_threshold":null,"inheritable":false,"inbound_stock":0,"stock_on_hold":0,"sold_today":0,"sales_last_days":0,"reserved_stock":0,"customer_returns":0,"warehouse_damage":0,"lost_in_post":0,"other_logs":0,"out_stock_days":0,"lost_sales":0,"has_location":false,"update_date":"2026-05-05T00:45:46","atum_locations":[],"atum_stock_status":"instock","restock_status":false,"low_stock_amount":"","sales_update_date":"2026-05-05T00:45:46","calc_backorders":null,"_links":{"self":[{"href":"https:\/\/myroyalmarket.com\/pt-br\/wp-json\/wp\/v2\/product\/15405","targetHints":{"allow":["GET"]}}],"collection":[{"href":"https:\/\/myroyalmarket.com\/pt-br\/wp-json\/wp\/v2\/product"}],"about":[{"href":"https:\/\/myroyalmarket.com\/pt-br\/wp-json\/wp\/v2\/types\/product"}],"replies":[{"embeddable":true,"href":"https:\/\/myroyalmarket.com\/pt-br\/wp-json\/wp\/v2\/comments?post=15405"}],"wp:featuredmedia":[{"embeddable":true,"href":"https:\/\/myroyalmarket.com\/pt-br\/wp-json\/wp\/v2\/media\/9436"}],"wp:attachment":[{"href":"https:\/\/myroyalmarket.com\/pt-br\/wp-json\/wp\/v2\/media?parent=15405"}],"wp:term":[{"taxonomy":"product_brand","embeddable":true,"href":"https:\/\/myroyalmarket.com\/pt-br\/wp-json\/wp\/v2\/product_brand?post=15405"},{"taxonomy":"product_cat","embeddable":true,"href":"https:\/\/myroyalmarket.com\/pt-br\/wp-json\/wp\/v2\/product_cat?post=15405"},{"taxonomy":"product_tag","embeddable":true,"href":"https:\/\/myroyalmarket.com\/pt-br\/wp-json\/wp\/v2\/product_tag?post=15405"}],"curies":[{"name":"wp","href":"https:\/\/api.w.org\/{rel}","templated":true}]}}