{"id":15415,"date":"2020-10-28T08:28:56","date_gmt":"2021-09-11T12:02:22","guid":{"rendered":"https:\/\/www.my-damas.com\/product\/oudi-perfume-oil-roll-10ml-for-men-and-women-oil-perfume\/"},"modified":"2023-02-21T18:30:11","modified_gmt":"2023-02-21T18:30:11","slug":"oudi-perfume-oil-roll-10ml-for-men-and-women-oil-perfume","status":"publish","type":"product","link":"https:\/\/myroyalmarket.com\/pt-br\/produto\/oudi-perfume-oil-roll-10ml-for-men-and-women-oil-perfume\/","title":{"rendered":"Rolo de \u00f3leo de perfume oudi 10ml para homens e mulheres Perfume de \u00f3leo"},"content":{"rendered":"<div class=\"wpb-content-wrapper\"><p>[vc_row][vc_column width=&#8221;1\/6&#8243;][\/vc_column][vc_column width=&#8221;2\/3&#8243;][vc_column_text]<\/p>\n<p style=\"text-align: center\"><strong>perfume oudi<\/strong><br \/>\nEau de Perfume<\/p>\n<p>Oudi de Ard Al Zafraan Oudi \u00e9 composto por extratos florais e de oud de qualidade premium. Todas as suas notas favoritas contidas em uma garrafa; o s\u00e2ndalo exala seu aroma adocicado de madeira ricamente salpicado de canela; cedro aumenta a suavidade deste perfume cl\u00e1ssico. O perfume vem em um frasco lindamente elegante, juntamente com uma bela caixa externa.<\/p>\n<p>Ard Al Zaafaran \u00e9 um conhecido fabricante de muitos perfumes com sede em Dubai. S\u00e3o uma marca relativamente nova no Reino Unido, mas com demanda crescente devido \u00e0 grande variedade de perfumes orientais para homens e mulheres.[\/vc_column_text][\/vc_column][vc_column width=&#8221;1\/6&#8243;][\/vc_column][\/vc_row]<\/p>\n<\/div>","protected":false},"excerpt":{"rendered":"<ul>\n<li>Oud, Rose, Patchouli<\/li>\n<li>Canela, \u00c2mbar, Oud, Cedro<\/li>\n<li>S\u00e2ndalo, Alm\u00edscar Branco, Oud, Musgo de Carvalho<\/li>\n<li>Duradouro<\/li>\n<li>Produto mais vendido<\/li>\n<li>Eau de Perfume (EDP)<\/li>\n<li>Capacidade: 10ml<\/li>\n<li>Linda garrafa decorada<\/li>\n<li>Produto Original da UEA<\/li>\n<\/ul>\n","protected":false},"featured_media":9452,"comment_status":"open","ping_status":"closed","template":"","meta":[],"product_brand":[],"product_cat":[270],"product_tag":[],"class_list":{"0":"post-15415","1":"product","2":"type-product","3":"status-publish","4":"has-post-thumbnail","6":"product_cat-oil-oud-perfume-pt-br","7":"product_shipping_class-1-pt-br","9":"first","10":"instock","11":"sale","12":"shipping-taxable","13":"purchasable","14":"product-type-simple"},"supplier_id":null,"supplier_sku":"","barcode":null,"atum_controlled":true,"out_stock_date":null,"out_stock_threshold":null,"inheritable":false,"inbound_stock":0,"stock_on_hold":0,"sold_today":0,"sales_last_days":0,"reserved_stock":0,"customer_returns":0,"warehouse_damage":0,"lost_in_post":0,"other_logs":0,"out_stock_days":0,"lost_sales":0,"has_location":false,"update_date":"2026-05-05T00:45:48","atum_locations":[],"atum_stock_status":"instock","restock_status":false,"low_stock_amount":"","sales_update_date":"2026-05-05T00:45:48","calc_backorders":null,"_links":{"self":[{"href":"https:\/\/myroyalmarket.com\/pt-br\/wp-json\/wp\/v2\/product\/15415","targetHints":{"allow":["GET"]}}],"collection":[{"href":"https:\/\/myroyalmarket.com\/pt-br\/wp-json\/wp\/v2\/product"}],"about":[{"href":"https:\/\/myroyalmarket.com\/pt-br\/wp-json\/wp\/v2\/types\/product"}],"replies":[{"embeddable":true,"href":"https:\/\/myroyalmarket.com\/pt-br\/wp-json\/wp\/v2\/comments?post=15415"}],"wp:featuredmedia":[{"embeddable":true,"href":"https:\/\/myroyalmarket.com\/pt-br\/wp-json\/wp\/v2\/media\/9452"}],"wp:attachment":[{"href":"https:\/\/myroyalmarket.com\/pt-br\/wp-json\/wp\/v2\/media?parent=15415"}],"wp:term":[{"taxonomy":"product_brand","embeddable":true,"href":"https:\/\/myroyalmarket.com\/pt-br\/wp-json\/wp\/v2\/product_brand?post=15415"},{"taxonomy":"product_cat","embeddable":true,"href":"https:\/\/myroyalmarket.com\/pt-br\/wp-json\/wp\/v2\/product_cat?post=15415"},{"taxonomy":"product_tag","embeddable":true,"href":"https:\/\/myroyalmarket.com\/pt-br\/wp-json\/wp\/v2\/product_tag?post=15415"}],"curies":[{"name":"wp","href":"https:\/\/api.w.org\/{rel}","templated":true}]}}