{"id":15428,"date":"2020-10-28T08:28:54","date_gmt":"2021-09-11T13:09:03","guid":{"rendered":"https:\/\/www.my-damas.com\/product\/health-care-roselle-flower-tea\/"},"modified":"2025-10-12T18:42:27","modified_gmt":"2025-10-12T10:42:27","slug":"health-care-roselle-flower-tea","status":"publish","type":"product","link":"https:\/\/myroyalmarket.com\/pt-br\/produto\/health-care-roselle-flower-tea\/","title":{"rendered":"Health Care Roselle Flower Tea (100g) com imagem real"},"content":{"rendered":"<div class=\"wpb-content-wrapper\"><p>[vc_row][vc_column width=&#8221;1\/6&#8243;][\/vc_column][vc_column width=&#8221;2\/3&#8243;][vc_column_text]<\/p>\n<h2>O ch\u00e1 de hibisco \u00e9 preparado fervendo partes da planta do hibisco, conhecida pelo nome cient\u00edfico de Hibiscus sabdariffa, principalmente a flor.<\/h2>\n<p>[\/vc_column_text][vc_single_image image=&#8221;10852&#8243; img_size=&#8221;full&#8221;][vc_column_text]<\/p>\n<h2><strong>Benef\u00edcios do ch\u00e1 de hibisco<\/strong><\/h2>\n<ol>\n<li><strong>Previne Hipertens\u00e3o <\/strong><\/li>\n<li><strong>Reduz os n\u00edveis de colesterol<\/strong><\/li>\n<li><strong>Diminui os n\u00edveis de a\u00e7\u00facar no sangue<\/strong><\/li>\n<li><strong>Mant\u00e9m o seu f\u00edgado saud\u00e1vel<\/strong><\/li>\n<li><strong>Trata c\u00f3licas menstruais<\/strong><\/li>\n<li><strong>Trata a depress\u00e3o<\/strong><\/li>\n<li><strong>Aids Digestion<\/strong><\/li>\n<li><strong>Refrigerante Corporal<\/strong><\/li>\n<li><strong>Controle de Peso<\/strong><\/li>\n<li><strong>Anti-envelhecimento<\/strong><\/li>\n<li><strong>Rico em vitamina C<\/strong><\/li>\n<li><strong>Uma bebida para todas as esta\u00e7\u00f5es<\/strong><\/li>\n<li><strong>T\u00eam efeitos laxativos<\/strong><\/li>\n<li><strong>Efeito quimio-preventivo<\/strong><\/li>\n<li><strong>\u00c9 verm\u00edfugo \/ antibacteriano<\/strong><\/li>\n<li><strong>Outros benef\u00edcios<\/strong><\/li>\n<\/ol>\n<p>[\/vc_column_text][vc_single_image image=&#8221;10848&#8243; img_size=&#8221;full&#8221;][\/vc_column][vc_column width=&#8221;1\/6&#8243;][\/vc_column][\/vc_row]<\/p>\n<\/div>","protected":false},"excerpt":{"rendered":"<ul>\n<li>Excelente gerenciamento de press\u00e3o arterial.<\/li>\n<li>Reduzindo o colesterol.<\/li>\n<li>Protege o F\u00edgado.<\/li>\n<li>Propriedades antic\u00e2ncer.<\/li>\n<li>Propriedades antiinflamat\u00f3rias e antibacterianas.<\/li>\n<li>Al\u00edvio de c\u00f3licas e dores menstruais.<\/li>\n<li>Propriedades do antidepressivo.<\/li>\n<li>Ajuda a reduzir a absor\u00e7\u00e3o de amido e glicose e pode ajudar na perda de peso<\/li>\n<\/ul>\n","protected":false},"featured_media":10840,"comment_status":"open","ping_status":"closed","template":"","meta":[],"product_brand":[],"product_cat":[265],"product_tag":[],"class_list":{"0":"post-15428","1":"product","2":"type-product","3":"status-publish","4":"has-post-thumbnail","6":"product_cat-health-drinks-pt-br","7":"product_shipping_class-1-pt-br","9":"first","10":"outofstock","11":"sale","12":"shipping-taxable","13":"purchasable","14":"product-type-simple"},"supplier_id":null,"supplier_sku":"","barcode":null,"atum_controlled":true,"out_stock_date":"2025-10-12 18:42:27","out_stock_threshold":null,"inheritable":false,"inbound_stock":0,"stock_on_hold":1,"sold_today":0,"sales_last_days":0,"reserved_stock":0,"customer_returns":0,"warehouse_damage":0,"lost_in_post":0,"other_logs":0,"out_stock_days":116,"lost_sales":0,"has_location":false,"update_date":"2026-02-06T03:15:27","atum_locations":[],"atum_stock_status":"outofstock","restock_status":false,"low_stock_amount":"","sales_update_date":"2026-02-06T03:15:27","calc_backorders":null,"_links":{"self":[{"href":"https:\/\/myroyalmarket.com\/pt-br\/wp-json\/wp\/v2\/product\/15428","targetHints":{"allow":["GET"]}}],"collection":[{"href":"https:\/\/myroyalmarket.com\/pt-br\/wp-json\/wp\/v2\/product"}],"about":[{"href":"https:\/\/myroyalmarket.com\/pt-br\/wp-json\/wp\/v2\/types\/product"}],"replies":[{"embeddable":true,"href":"https:\/\/myroyalmarket.com\/pt-br\/wp-json\/wp\/v2\/comments?post=15428"}],"wp:featuredmedia":[{"embeddable":true,"href":"https:\/\/myroyalmarket.com\/pt-br\/wp-json\/wp\/v2\/media\/10840"}],"wp:attachment":[{"href":"https:\/\/myroyalmarket.com\/pt-br\/wp-json\/wp\/v2\/media?parent=15428"}],"wp:term":[{"taxonomy":"product_brand","embeddable":true,"href":"https:\/\/myroyalmarket.com\/pt-br\/wp-json\/wp\/v2\/product_brand?post=15428"},{"taxonomy":"product_cat","embeddable":true,"href":"https:\/\/myroyalmarket.com\/pt-br\/wp-json\/wp\/v2\/product_cat?post=15428"},{"taxonomy":"product_tag","embeddable":true,"href":"https:\/\/myroyalmarket.com\/pt-br\/wp-json\/wp\/v2\/product_tag?post=15428"}],"curies":[{"name":"wp","href":"https:\/\/api.w.org\/{rel}","templated":true}]}}