{"id":15611,"date":"2021-09-26T10:09:37","date_gmt":"2021-09-26T10:09:37","guid":{"rendered":"https:\/\/www.my-damas.com\/?post_type=product&#038;p=15611"},"modified":"2022-05-24T05:47:58","modified_gmt":"2022-05-24T05:47:58","slug":"eth-miner-psu-with-high-quality-full-modular-1850w-power-supply","status":"publish","type":"product","link":"https:\/\/myroyalmarket.com\/pt-br\/produto\/eth-miner-psu-with-high-quality-full-modular-1850w-power-supply\/","title":{"rendered":"ETH Miner PSU com fonte de alimenta\u00e7\u00e3o totalmente modular de alta qualidade de 1850 W"},"content":{"rendered":"<div class=\"wpb-content-wrapper\"><p>[vc_row][vc_column width=&#8221;1\/6&#8243;][\/vc_column][vc_column width=&#8221;2\/3&#8243;][vc_single_image image=&#8221;15666&#8243; img_size=&#8221;full&#8221;][vc_single_image image=&#8221;15660&#8243; img_size=&#8221;full&#8221;][vc_single_image image=&#8221;15654&#8243; img_size=&#8221;full&#8221;][vc_single_image image=&#8221;15648&#8243; img_size=&#8221;full&#8221;][vc_single_image image=&#8221;15672&#8243; img_size=&#8221;full&#8221;][\/vc_column][vc_column width=&#8221;1\/6&#8243;][\/vc_column][\/vc_row]<\/p>\n<\/div>","protected":false},"excerpt":{"rendered":"<p>&nbsp;<\/p>\n<ul>\n<li style=\"list-style-type: none\">\n<ul class=\"do-entry-item\">\n<li><span class=\"attr-name J-attr-name\" title=\"Certifica\u00e7\u00e3o\">Certifica\u00e7\u00e3o:<\/span> ce, RoHS<\/li>\n<li class=\"do-entry-item\">Aplica\u00e7\u00e3o: Fonte de alimenta\u00e7\u00e3o para minera\u00e7\u00e3o<\/li>\n<li class=\"do-entry-item\">Poder de classifica\u00e7\u00e3o:<span style=\"font-family: inherit;font-size: inherit;font-style: inherit;font-weight: inherit\">&gt; 1850W<\/span><\/li>\n<li class=\"do-entry-item\">Tipo de interface: 24 pinos, 4 + 4 pinos, PCI-6 + 2, SATA, IDE<\/li>\n<li class=\"do-entry-item\">Nome da marca: ZUMAX ou OEM<\/li>\n<li class=\"do-entry-item\">Tens\u00e3o de entrada: 220V<\/li>\n<li class=\"do-entry-item\">Efici\u00eancia: 87%<\/li>\n<li class=\"do-entry-item\">Tamanho: 165 * 150 * 85 mm<\/li>\n<li class=\"do-entry-item\">Ventilador: Preto<\/li>\n<li class=\"do-entry-item\">Tens\u00e3o de sa\u00edda: 1850W<\/li>\n<li class=\"do-entry-item\">Cor preta<\/li>\n<\/ul>\n<\/li>\n<\/ul>\n","protected":false},"featured_media":15666,"comment_status":"open","ping_status":"closed","template":"","meta":[],"product_brand":[],"product_cat":[355],"product_tag":[],"class_list":{"0":"post-15611","1":"product","2":"type-product","3":"status-publish","4":"has-post-thumbnail","6":"product_cat-computer-accessories-pt-br","8":"first","9":"instock","10":"sale","11":"shipping-taxable","12":"purchasable","13":"product-type-simple"},"supplier_id":null,"supplier_sku":"","barcode":null,"atum_controlled":true,"out_stock_date":null,"out_stock_threshold":null,"inheritable":false,"inbound_stock":0,"stock_on_hold":1,"sold_today":0,"sales_last_days":0,"reserved_stock":0,"customer_returns":0,"warehouse_damage":0,"lost_in_post":0,"other_logs":0,"out_stock_days":0,"lost_sales":0,"has_location":false,"update_date":"2026-05-04T16:42:42","atum_locations":[],"atum_stock_status":"instock","restock_status":false,"low_stock_amount":"","sales_update_date":"2026-05-04T16:42:42","calc_backorders":null,"_links":{"self":[{"href":"https:\/\/myroyalmarket.com\/pt-br\/wp-json\/wp\/v2\/product\/15611","targetHints":{"allow":["GET"]}}],"collection":[{"href":"https:\/\/myroyalmarket.com\/pt-br\/wp-json\/wp\/v2\/product"}],"about":[{"href":"https:\/\/myroyalmarket.com\/pt-br\/wp-json\/wp\/v2\/types\/product"}],"replies":[{"embeddable":true,"href":"https:\/\/myroyalmarket.com\/pt-br\/wp-json\/wp\/v2\/comments?post=15611"}],"wp:featuredmedia":[{"embeddable":true,"href":"https:\/\/myroyalmarket.com\/pt-br\/wp-json\/wp\/v2\/media\/15666"}],"wp:attachment":[{"href":"https:\/\/myroyalmarket.com\/pt-br\/wp-json\/wp\/v2\/media?parent=15611"}],"wp:term":[{"taxonomy":"product_brand","embeddable":true,"href":"https:\/\/myroyalmarket.com\/pt-br\/wp-json\/wp\/v2\/product_brand?post=15611"},{"taxonomy":"product_cat","embeddable":true,"href":"https:\/\/myroyalmarket.com\/pt-br\/wp-json\/wp\/v2\/product_cat?post=15611"},{"taxonomy":"product_tag","embeddable":true,"href":"https:\/\/myroyalmarket.com\/pt-br\/wp-json\/wp\/v2\/product_tag?post=15611"}],"curies":[{"name":"wp","href":"https:\/\/api.w.org\/{rel}","templated":true}]}}