{"id":15779,"date":"2021-10-03T09:14:37","date_gmt":"2021-10-03T09:14:40","guid":{"rendered":"https:\/\/www.my-damas.com\/?post_type=product&#038;p=15779"},"modified":"2025-05-15T23:04:24","modified_gmt":"2025-05-15T15:04:24","slug":"vip-black-horse-honey-golden-12-x-10-gram","status":"publish","type":"product","link":"https:\/\/myroyalmarket.com\/pt-br\/produto\/vip-black-horse-honey-golden-12-x-10-gram\/","title":{"rendered":"VIP Black Horse Honey Golden 12 x 10 gramas"},"content":{"rendered":"<div class=\"wpb-content-wrapper\"><p>[vc_row][vc_column width=&#8221;1\/6&#8243;][\/vc_column][vc_column width=&#8221;2\/3&#8243;][vc_single_image image=&#8221;39191&#8243; img_size=&#8221;full&#8221; alignment=&#8221;center&#8221;][vc_column_text]Com Gel\u00e9ia Real, Panax Ginseng e Ervas da Floresta Tropical.[\/vc_column_text][\/vc_column][vc_column width=&#8221;1\/6&#8243;][\/vc_column][\/vc_row]<\/p>\n<\/div>","protected":false},"excerpt":{"rendered":"<ul>\n<li>Melhora a circula\u00e7\u00e3o sangu\u00ednea.<\/li>\n<li>Aumenta a pot\u00eancia e restaura o desejo sexual<\/li>\n<li>Estimule a libido sexual.<\/li>\n<li>Ajuda a controlar a ejacula\u00e7\u00e3o precoce.<\/li>\n<li>Melhora a ere\u00e7\u00e3o e a mant\u00e9m por muito tempo durante a rela\u00e7\u00e3o sexual.<\/li>\n<li>Rico em prote\u00ednas, amino\u00e1cidos, vitaminas, enzimas digestivas e metab\u00f3licas.<\/li>\n<li>Suporta o sistema imunol\u00f3gico.<\/li>\n<\/ul>\n","protected":false},"featured_media":39197,"comment_status":"open","ping_status":"closed","template":"","meta":[],"product_brand":[],"product_cat":[250],"product_tag":[],"class_list":{"0":"post-15779","1":"product","2":"type-product","3":"status-publish","4":"has-post-thumbnail","6":"product_cat-royal-honey-pt-br","8":"first","9":"instock","10":"sale","11":"shipping-taxable","12":"purchasable","13":"product-type-simple"},"supplier_id":null,"supplier_sku":"","barcode":null,"atum_controlled":true,"out_stock_date":null,"out_stock_threshold":null,"inheritable":false,"inbound_stock":0,"stock_on_hold":24,"sold_today":0,"sales_last_days":3,"reserved_stock":0,"customer_returns":0,"warehouse_damage":0,"lost_in_post":0,"other_logs":0,"out_stock_days":0,"lost_sales":0,"has_location":false,"update_date":"2026-05-07T19:38:35","atum_locations":[],"atum_stock_status":"instock","restock_status":false,"low_stock_amount":"","sales_update_date":"2026-05-07T19:38:35","calc_backorders":null,"_links":{"self":[{"href":"https:\/\/myroyalmarket.com\/pt-br\/wp-json\/wp\/v2\/product\/15779","targetHints":{"allow":["GET"]}}],"collection":[{"href":"https:\/\/myroyalmarket.com\/pt-br\/wp-json\/wp\/v2\/product"}],"about":[{"href":"https:\/\/myroyalmarket.com\/pt-br\/wp-json\/wp\/v2\/types\/product"}],"replies":[{"embeddable":true,"href":"https:\/\/myroyalmarket.com\/pt-br\/wp-json\/wp\/v2\/comments?post=15779"}],"wp:featuredmedia":[{"embeddable":true,"href":"https:\/\/myroyalmarket.com\/pt-br\/wp-json\/wp\/v2\/media\/39197"}],"wp:attachment":[{"href":"https:\/\/myroyalmarket.com\/pt-br\/wp-json\/wp\/v2\/media?parent=15779"}],"wp:term":[{"taxonomy":"product_brand","embeddable":true,"href":"https:\/\/myroyalmarket.com\/pt-br\/wp-json\/wp\/v2\/product_brand?post=15779"},{"taxonomy":"product_cat","embeddable":true,"href":"https:\/\/myroyalmarket.com\/pt-br\/wp-json\/wp\/v2\/product_cat?post=15779"},{"taxonomy":"product_tag","embeddable":true,"href":"https:\/\/myroyalmarket.com\/pt-br\/wp-json\/wp\/v2\/product_tag?post=15779"}],"curies":[{"name":"wp","href":"https:\/\/api.w.org\/{rel}","templated":true}]}}