{"id":17040,"date":"2020-10-28T08:28:50","date_gmt":"2022-02-24T19:43:30","guid":{"rendered":"https:\/\/www.my-damas.com\/product\/daarej-perfume-oud-100ml-for-men\/"},"modified":"2022-02-24T19:43:50","modified_gmt":"2022-02-24T19:43:50","slug":"daarej-perfume-oud-100ml-for-men","status":"publish","type":"product","link":"https:\/\/myroyalmarket.com\/pt-br\/produto\/daarej-perfume-oud-100ml-for-men\/","title":{"rendered":"Rasasi, perfume Daarej 100ML para homens"},"content":{"rendered":"<div class=\"wpb-content-wrapper\"><p>[vc_row][vc_column width=&#8221;1\/6&#8243;][\/vc_column][vc_column width=&#8221;2\/3&#8243;][vc_column_text]<\/p>\n<h1>Dareej Pour Femme<\/h1>\n<p>Rasasi Daarej \u00e9 uma fragr\u00e2ncia de luxo para mulheres, cheia de charme, imagina\u00e7\u00e3o e promessas. De uma forma perfeita, celebra a feminilidade moderna e a sedu\u00e7\u00e3o. Adequado para mulheres autoconfiantes, curiosas e abertas ao mundo. As mulheres que gostam de usar Daarej adoram novidades e se cercam de luxo.<\/p>\n<p>Rasasi Daarej abre com uma mistura m\u00e1gica de bergamota \u00fanica, p\u00eassego doce, laranja brincalh\u00e3o e tons verdes inebriantes. Seu cora\u00e7\u00e3o est\u00e1 cheio de ess\u00eancias de heliotr\u00f3pio em flor, jasmim sedoso, orqu\u00eddea sensual e tuberosa excitante. Sua base \u00e9 formada por ess\u00eancias de \u00e2mbar cinza animal, caramelo delicado e doce e patchouli ex\u00f3tico. Uma combina\u00e7\u00e3o de madeira de s\u00e2ndalo quente, baunilha e vetiver refrescante forma um final muito emocionante para este aroma. Este perfume exclusivo para mulheres da Rasasi pode ser usado em uma reuni\u00e3o de neg\u00f3cios, bem como em um evento social noturno.<\/p>\n<p>Coloque um verdadeiro v\u00e9u de autoconfian\u00e7a tecido por Rasasi Daarej! Expressa um equil\u00edbrio claro de feminilidade e personalidade forte, enquanto seu efeito resultante \u00e9 surpreendentemente sedutor. Complete sua roupa com luxo e sex appeal por Rasasi Daarej e surpreenda aqueles ao seu redor![\/vc_column_text][\/vc_column][vc_column width=&#8221;1\/6&#8243;][\/vc_column][\/vc_row]<\/p>\n<\/div>","protected":false},"excerpt":{"rendered":"<ul>\n<li>Notas de topo: Laranja, Bergamota, P\u00eassego, Notas Verdes<\/li>\n<li>Notas m\u00e9dias: Tuberosa, Orqu\u00eddea, Heliotr\u00f3pio, Jasmim<\/li>\n<li>Notas de fundo: Patchouli, Baunilha, Caramelo, Alm\u00edscar, Vetiver, S\u00e2ndalo, \u00c2mbar<\/li>\n<li>Duradouro<\/li>\n<li>Produto mais vendido<\/li>\n<li>Eau De Perfume (EDP)<\/li>\n<li>Capacidade: 100ml<\/li>\n<li>Linda garrafa decorada<\/li>\n<li>Produto Original da UEA<\/li>\n<\/ul>\n","protected":false},"featured_media":11052,"comment_status":"open","ping_status":"closed","template":"","meta":[],"product_brand":[],"product_cat":[243,280],"product_tag":[],"class_list":{"0":"post-17040","1":"product","2":"type-product","3":"status-publish","4":"has-post-thumbnail","6":"product_cat-oud-prfume-pt-br-2","7":"product_cat-oud-for-men-pt-br","8":"product_shipping_class-1-pt-br","10":"first","11":"outofstock","12":"sale","13":"shipping-taxable","14":"purchasable","15":"product-type-simple"},"supplier_id":null,"supplier_sku":"","barcode":null,"atum_controlled":true,"out_stock_date":null,"out_stock_threshold":null,"inheritable":false,"inbound_stock":0,"stock_on_hold":0,"sold_today":0,"sales_last_days":0,"reserved_stock":0,"customer_returns":0,"warehouse_damage":0,"lost_in_post":0,"other_logs":0,"out_stock_days":0,"lost_sales":0,"has_location":false,"update_date":"2026-05-05T00:45:53","atum_locations":[],"atum_stock_status":"outofstock","restock_status":false,"low_stock_amount":"","sales_update_date":"2026-05-05T00:45:53","calc_backorders":null,"_links":{"self":[{"href":"https:\/\/myroyalmarket.com\/pt-br\/wp-json\/wp\/v2\/product\/17040","targetHints":{"allow":["GET"]}}],"collection":[{"href":"https:\/\/myroyalmarket.com\/pt-br\/wp-json\/wp\/v2\/product"}],"about":[{"href":"https:\/\/myroyalmarket.com\/pt-br\/wp-json\/wp\/v2\/types\/product"}],"replies":[{"embeddable":true,"href":"https:\/\/myroyalmarket.com\/pt-br\/wp-json\/wp\/v2\/comments?post=17040"}],"wp:featuredmedia":[{"embeddable":true,"href":"https:\/\/myroyalmarket.com\/pt-br\/wp-json\/wp\/v2\/media\/11052"}],"wp:attachment":[{"href":"https:\/\/myroyalmarket.com\/pt-br\/wp-json\/wp\/v2\/media?parent=17040"}],"wp:term":[{"taxonomy":"product_brand","embeddable":true,"href":"https:\/\/myroyalmarket.com\/pt-br\/wp-json\/wp\/v2\/product_brand?post=17040"},{"taxonomy":"product_cat","embeddable":true,"href":"https:\/\/myroyalmarket.com\/pt-br\/wp-json\/wp\/v2\/product_cat?post=17040"},{"taxonomy":"product_tag","embeddable":true,"href":"https:\/\/myroyalmarket.com\/pt-br\/wp-json\/wp\/v2\/product_tag?post=17040"}],"curies":[{"name":"wp","href":"https:\/\/api.w.org\/{rel}","templated":true}]}}