{"id":17058,"date":"2020-10-28T08:28:51","date_gmt":"2022-02-24T19:45:05","guid":{"rendered":"https:\/\/www.my-damas.com\/product\/oud-mood-gold-perfumes-100ml-edp-for-men-and-women\/"},"modified":"2022-03-28T19:36:22","modified_gmt":"2022-03-28T19:36:22","slug":"oud-mood-gold-perfumes-100ml-edp-for-men-and-women","status":"publish","type":"product","link":"https:\/\/myroyalmarket.com\/pt-br\/produto\/oud-mood-gold-perfumes-100ml-edp-for-men-and-women\/","title":{"rendered":"Oud Mood Gold Perfumes 100ml EDP para Homens e Mulheres por Lattafa Perfumes"},"content":{"rendered":"<div class=\"wpb-content-wrapper\"><p>[vc_row][vc_column width=&#8221;1\/6&#8243;][\/vc_column][vc_column width=&#8221;2\/3&#8243;][vc_column_text]<\/p>\n<h2>Perfume Oud Mood Eau de Parfum de Lattafa Perfumes<\/h2>\n<p>Perfume Oud Mood Eau de Parfum de Lattafa Perfumes \u00e9 uma fragr\u00e2ncia quente e oriental com notas florais, amadeiradas e especiadas e apresenta uma do\u00e7ura agrad\u00e1vel.<\/p>\n<p>A nota de topo \u00e9 doce-especiada com notas florais e a\u00e7afr\u00e3o.<\/p>\n<p>\u00c2mbar e resinas seguem na nota de cora\u00e7\u00e3o e s\u00e3o substitu\u00eddos por baunilha, leves notas esfuma\u00e7adas e s\u00e2ndalo na base.<\/p>\n<p>Um excelente perfume oriental que \u00e9 agrad\u00e1vel e lisonjeiro cheio de calor.<\/p>\n<p>Principais acordes: amadeirado, \u00e2mbar, quente, floral, doce, almiscarado, bals\u00e2mico[\/vc_column_text][vc_single_image image=&#8221;10884&#8243; img_size=&#8221;full&#8221;][\/vc_column][vc_column width=&#8221;1\/6&#8243;][\/vc_column][\/vc_row]<\/p>\n<\/div>","protected":false},"excerpt":{"rendered":"<ul>\n<li>Notas de topo: a\u00e7afr\u00e3o, notas florais<\/li>\n<li>Notas m\u00e9dias: \u00e2mbar, resinas<\/li>\n<li>Notas de fundo: fuma\u00e7a, baunilha, s\u00e2ndalo<\/li>\n<li>Recomenda\u00e7\u00e3o para: mulheres e homens<\/li>\n<li>Cont\u00e9m \u00e1lcool desnaturado (halal)<\/li>\n<li>Quantidade: 100ml Eau de perfume<\/li>\n<li>Garrafa com bico de pulveriza\u00e7\u00e3o<\/li>\n<\/ul>\n","protected":false},"featured_media":11684,"comment_status":"open","ping_status":"closed","template":"","meta":[],"product_brand":[],"product_cat":[244,243,280,275],"product_tag":[],"class_list":{"0":"post-17058","1":"product","2":"type-product","3":"status-publish","4":"has-post-thumbnail","6":"product_cat-oud-for-women-pt-br","7":"product_cat-oud-prfume-pt-br-2","8":"product_cat-oud-for-men-pt-br","9":"product_cat-oud-unisex-pt-br","10":"product_shipping_class-1-pt-br","12":"first","13":"instock","14":"sale","15":"shipping-taxable","16":"purchasable","17":"product-type-simple"},"supplier_id":null,"supplier_sku":"","barcode":null,"atum_controlled":true,"out_stock_date":null,"out_stock_threshold":null,"inheritable":false,"inbound_stock":0,"stock_on_hold":0,"sold_today":0,"sales_last_days":0,"reserved_stock":0,"customer_returns":0,"warehouse_damage":0,"lost_in_post":0,"other_logs":0,"out_stock_days":0,"lost_sales":0,"has_location":false,"update_date":"2026-05-05T00:45:14","atum_locations":[],"atum_stock_status":"instock","restock_status":false,"low_stock_amount":"","sales_update_date":"2026-05-05T00:45:14","calc_backorders":null,"_links":{"self":[{"href":"https:\/\/myroyalmarket.com\/pt-br\/wp-json\/wp\/v2\/product\/17058","targetHints":{"allow":["GET"]}}],"collection":[{"href":"https:\/\/myroyalmarket.com\/pt-br\/wp-json\/wp\/v2\/product"}],"about":[{"href":"https:\/\/myroyalmarket.com\/pt-br\/wp-json\/wp\/v2\/types\/product"}],"replies":[{"embeddable":true,"href":"https:\/\/myroyalmarket.com\/pt-br\/wp-json\/wp\/v2\/comments?post=17058"}],"wp:featuredmedia":[{"embeddable":true,"href":"https:\/\/myroyalmarket.com\/pt-br\/wp-json\/wp\/v2\/media\/11684"}],"wp:attachment":[{"href":"https:\/\/myroyalmarket.com\/pt-br\/wp-json\/wp\/v2\/media?parent=17058"}],"wp:term":[{"taxonomy":"product_brand","embeddable":true,"href":"https:\/\/myroyalmarket.com\/pt-br\/wp-json\/wp\/v2\/product_brand?post=17058"},{"taxonomy":"product_cat","embeddable":true,"href":"https:\/\/myroyalmarket.com\/pt-br\/wp-json\/wp\/v2\/product_cat?post=17058"},{"taxonomy":"product_tag","embeddable":true,"href":"https:\/\/myroyalmarket.com\/pt-br\/wp-json\/wp\/v2\/product_tag?post=17058"}],"curies":[{"name":"wp","href":"https:\/\/api.w.org\/{rel}","templated":true}]}}