{"id":17106,"date":"2020-10-28T08:28:50","date_gmt":"2022-03-08T16:14:10","guid":{"rendered":"https:\/\/www.my-damas.com\/product\/khashab-al-oud-perfume-oud-100ml-for-men\/"},"modified":"2022-03-28T19:36:19","modified_gmt":"2022-03-28T19:36:19","slug":"khashab-al-oud-perfume-oud-100ml-for-men","status":"publish","type":"product","link":"https:\/\/myroyalmarket.com\/pt-br\/produto\/khashab-al-oud-perfume-oud-100ml-for-men\/","title":{"rendered":"Perfumes Ard Al Zaafaran, perfume Khashab Al Oud 100ML Para Mulheres e Homens"},"content":{"rendered":"<div class=\"wpb-content-wrapper\"><p>[vc_row][vc_column width=&#8221;1\/6&#8243;][\/vc_column][vc_column width=&#8221;2\/3&#8243;][vc_column_text]<\/p>\n<h2>Perfume Khashab Al Oud Eau de Parfum by Ard Al Zaafaran<\/h2>\n<div>\n<p>Perfume Khashab Al Oud Eau de Parfum de Ard Al Zaafaran \u00e9 um perfume amadeirado suave-especiado para mulheres e homens. A nota de topo oferece um prel\u00fadio de Oudh, jacarand\u00e1 e s\u00e2ndalo.<\/p>\n<p>Cardamomo e pimenta rosa d\u00e3o toques picantes na nota de cora\u00e7\u00e3o.<\/p>\n<p>Baunilha, Tonka e \u00e2mbar se misturam em uma conclus\u00e3o quente e lisonjeira na base.<\/p>\n<p>Notas amadeiradas e picantes misturam-se harmoniosamente para criar uma fragr\u00e2ncia cl\u00e1ssica adequada para todas as ocasi\u00f5es.<\/p>\n<\/div>\n<div>\n<div><\/div>\n<\/div>\n<div>\n<div>Principais acordes: amadeirado, especiado quente, bals\u00e2mico, Oudh, arom\u00e1tico<\/div>\n<\/div>\n<p>[\/vc_column_text][vc_single_image image=&#8221;11048&#8243; img_size=&#8221;full&#8221;][vc_column_text]<\/p>\n<div>Para mulheres e homens<\/div>\n<div><\/div>\n<div>\u2022 Cont\u00e9m \u00e1lcool desnaturado (halal)<\/div>\n<div>\u2022 Quantidade: 100ml Eau de perfume<\/div>\n<div>\u2022 Frasco com bico de pulveriza\u00e7\u00e3o<\/div>\n<p>[\/vc_column_text][\/vc_column][vc_column width=&#8221;1\/6&#8243;][\/vc_column][\/vc_row]<\/p>\n<\/div>","protected":false},"excerpt":{"rendered":"<ul>\n<li>Notas de topo: Oudh, s\u00e2ndalo, pau-rosa<\/li>\n<li>Notas m\u00e9dias: cardamomo, pimenta rosa<\/li>\n<li>Notas de base: baunilha, tonka, \u00e2mbar<\/li>\n<li>Duradouro<\/li>\n<li>Produto mais vendido<\/li>\n<li>Eau De Perfume (EDP)<\/li>\n<li>Capacidade: 100ml<\/li>\n<li>Linda garrafa decorada<\/li>\n<li>Produto Original da UEA<\/li>\n<\/ul>\n","protected":false},"featured_media":11036,"comment_status":"open","ping_status":"closed","template":"","meta":[],"product_brand":[],"product_cat":[244,243,280,275],"product_tag":[],"class_list":{"0":"post-17106","1":"product","2":"type-product","3":"status-publish","4":"has-post-thumbnail","6":"product_cat-oud-for-women-pt-br","7":"product_cat-oud-prfume-pt-br-2","8":"product_cat-oud-for-men-pt-br","9":"product_cat-oud-unisex-pt-br","10":"product_shipping_class-1-pt-br","12":"first","13":"instock","14":"sale","15":"shipping-taxable","16":"purchasable","17":"product-type-simple"},"supplier_id":null,"supplier_sku":"","barcode":null,"atum_controlled":true,"out_stock_date":null,"out_stock_threshold":null,"inheritable":false,"inbound_stock":0,"stock_on_hold":0,"sold_today":0,"sales_last_days":0,"reserved_stock":0,"customer_returns":0,"warehouse_damage":0,"lost_in_post":0,"other_logs":0,"out_stock_days":0,"lost_sales":0,"has_location":false,"update_date":"2026-05-05T00:45:19","atum_locations":[],"atum_stock_status":"instock","restock_status":false,"low_stock_amount":"","sales_update_date":"2026-05-05T00:45:19","calc_backorders":null,"_links":{"self":[{"href":"https:\/\/myroyalmarket.com\/pt-br\/wp-json\/wp\/v2\/product\/17106","targetHints":{"allow":["GET"]}}],"collection":[{"href":"https:\/\/myroyalmarket.com\/pt-br\/wp-json\/wp\/v2\/product"}],"about":[{"href":"https:\/\/myroyalmarket.com\/pt-br\/wp-json\/wp\/v2\/types\/product"}],"replies":[{"embeddable":true,"href":"https:\/\/myroyalmarket.com\/pt-br\/wp-json\/wp\/v2\/comments?post=17106"}],"wp:featuredmedia":[{"embeddable":true,"href":"https:\/\/myroyalmarket.com\/pt-br\/wp-json\/wp\/v2\/media\/11036"}],"wp:attachment":[{"href":"https:\/\/myroyalmarket.com\/pt-br\/wp-json\/wp\/v2\/media?parent=17106"}],"wp:term":[{"taxonomy":"product_brand","embeddable":true,"href":"https:\/\/myroyalmarket.com\/pt-br\/wp-json\/wp\/v2\/product_brand?post=17106"},{"taxonomy":"product_cat","embeddable":true,"href":"https:\/\/myroyalmarket.com\/pt-br\/wp-json\/wp\/v2\/product_cat?post=17106"},{"taxonomy":"product_tag","embeddable":true,"href":"https:\/\/myroyalmarket.com\/pt-br\/wp-json\/wp\/v2\/product_tag?post=17106"}],"curies":[{"name":"wp","href":"https:\/\/api.w.org\/{rel}","templated":true}]}}