{"id":17112,"date":"2020-10-28T08:28:50","date_gmt":"2022-03-08T16:28:37","guid":{"rendered":"https:\/\/www.my-damas.com\/product\/ahlam-al-arab-perfume-oud-80ml-deodorant-for-men-and-women\/"},"modified":"2022-03-28T19:36:18","modified_gmt":"2022-03-28T19:36:18","slug":"ahlam-al-arab-perfume-oud-80ml-deodorant-for-men-and-women","status":"publish","type":"product","link":"https:\/\/myroyalmarket.com\/pt-br\/produto\/ahlam-al-arab-perfume-oud-80ml-deodorant-for-men-and-women\/","title":{"rendered":"Perfumes Ard Al Zaafaran, perfume Ahlam al Arab (Oud) 80ML + Desodorante Masculino e Feminino"},"content":{"rendered":"<div class=\"wpb-content-wrapper\"><p>[vc_row][vc_column width=&#8221;1\/6&#8243;][\/vc_column][vc_column width=&#8221;2\/3&#8243;][vc_column_text]<\/p>\n<h2>Perfume Ahlam Al Arab Eau de Parfum de Ard Al Zaafaran + 50ml Desodorante<\/h2>\n<div>Perfume Eau de Parfum Ahlam Al Arab Eau de Parfum de Ard Al Zaafaran apresenta uma bela combina\u00e7\u00e3o de notas c\u00edtricas e notas amadeiradas orientais!<\/div>\n<div><\/div>\n<div>Notas c\u00edtricas, notas frutadas na letra de cima rapidamente se transformam em canela, noz-moscada, notas amadeiradas e cedro.<\/div>\n<div><\/div>\n<div>A base \u00e9 lisonjeiramente suave com \u00e2mbar e baunilha, enquanto o alm\u00edscar d\u00e1 um toque extra ao perfume.<\/div>\n<div><\/div>\n<div>Perfume Ahlam Al Arab &#8211; Uma fragr\u00e2ncia oriental maravilhosamente suave, fresca e perfeita para o uso di\u00e1rio.<\/div>\n<div><\/div>\n<div>Principais Notas: fresco, suave, c\u00edtrico, amadeirado, especiado, \u00e2mbar<\/div>\n<p>[\/vc_column_text][vc_single_image image=&#8221;11016&#8243; img_size=&#8221;full&#8221;][vc_column_text]<\/p>\n<div>\u2022 Recomenda\u00e7\u00e3o para: homens e mulheres<\/div>\n<div><\/div>\n<div>\u2022 Cont\u00e9m \u00e1lcool desnaturado (halal)<\/div>\n<div><\/div>\n<div>\u2022 Quantidade: 80ml + 50ml Desodorante<\/div>\n<div><\/div>\n<div>\u2022 Frasco com bico de pulveriza\u00e7\u00e3o<\/div>\n<div><\/div>\n<div>\u2022 Fabricante: Ard Al Zaafaran<\/div>\n<p>[\/vc_column_text][\/vc_column][vc_column width=&#8221;1\/6&#8243;][\/vc_column][\/vc_row]<\/p>\n<\/div>","protected":false},"excerpt":{"rendered":"<ul>\n<li>Notas de topo: notas frutadas, c\u00edtricas<\/li>\n<li>Notas m\u00e9dias: notas amadeiradas, canela, noz-moscada, cedro<\/li>\n<li>Notas de fundo: alm\u00edscar, baunilha, \u00e2mbar<\/li>\n<li>Duradouro<\/li>\n<li>Produto mais vendido<\/li>\n<li>Eau De Perfume (EDP)<\/li>\n<li>Capacidade: 80ml<\/li>\n<li>Linda garrafa decorada<\/li>\n<li>Produto Original da UEA<\/li>\n<\/ul>\n","protected":false},"featured_media":11012,"comment_status":"open","ping_status":"closed","template":"","meta":[],"product_brand":[],"product_cat":[244,243,280,275],"product_tag":[],"class_list":{"0":"post-17112","1":"product","2":"type-product","3":"status-publish","4":"has-post-thumbnail","6":"product_cat-oud-for-women-pt-br","7":"product_cat-oud-prfume-pt-br-2","8":"product_cat-oud-for-men-pt-br","9":"product_cat-oud-unisex-pt-br","10":"product_shipping_class-1-pt-br","12":"first","13":"instock","14":"sale","15":"shipping-taxable","16":"purchasable","17":"product-type-simple"},"supplier_id":null,"supplier_sku":"","barcode":null,"atum_controlled":true,"out_stock_date":null,"out_stock_threshold":null,"inheritable":false,"inbound_stock":0,"stock_on_hold":0,"sold_today":0,"sales_last_days":0,"reserved_stock":0,"customer_returns":0,"warehouse_damage":0,"lost_in_post":0,"other_logs":0,"out_stock_days":0,"lost_sales":0,"has_location":false,"update_date":"2026-05-05T00:45:19","atum_locations":[],"atum_stock_status":"instock","restock_status":false,"low_stock_amount":"","sales_update_date":"2026-05-05T00:45:19","calc_backorders":null,"_links":{"self":[{"href":"https:\/\/myroyalmarket.com\/pt-br\/wp-json\/wp\/v2\/product\/17112","targetHints":{"allow":["GET"]}}],"collection":[{"href":"https:\/\/myroyalmarket.com\/pt-br\/wp-json\/wp\/v2\/product"}],"about":[{"href":"https:\/\/myroyalmarket.com\/pt-br\/wp-json\/wp\/v2\/types\/product"}],"replies":[{"embeddable":true,"href":"https:\/\/myroyalmarket.com\/pt-br\/wp-json\/wp\/v2\/comments?post=17112"}],"wp:featuredmedia":[{"embeddable":true,"href":"https:\/\/myroyalmarket.com\/pt-br\/wp-json\/wp\/v2\/media\/11012"}],"wp:attachment":[{"href":"https:\/\/myroyalmarket.com\/pt-br\/wp-json\/wp\/v2\/media?parent=17112"}],"wp:term":[{"taxonomy":"product_brand","embeddable":true,"href":"https:\/\/myroyalmarket.com\/pt-br\/wp-json\/wp\/v2\/product_brand?post=17112"},{"taxonomy":"product_cat","embeddable":true,"href":"https:\/\/myroyalmarket.com\/pt-br\/wp-json\/wp\/v2\/product_cat?post=17112"},{"taxonomy":"product_tag","embeddable":true,"href":"https:\/\/myroyalmarket.com\/pt-br\/wp-json\/wp\/v2\/product_tag?post=17112"}],"curies":[{"name":"wp","href":"https:\/\/api.w.org\/{rel}","templated":true}]}}