{"id":17118,"date":"2020-10-28T08:28:50","date_gmt":"2022-03-08T16:34:45","guid":{"rendered":"https:\/\/www.my-damas.com\/product\/dirham-silver-perfume-oud-100ml-for-men\/"},"modified":"2022-03-28T19:36:18","modified_gmt":"2022-03-28T19:36:18","slug":"dirham-silver-perfume-oud-100ml-for-men","status":"publish","type":"product","link":"https:\/\/myroyalmarket.com\/pt-br\/produto\/dirham-silver-perfume-oud-100ml-for-men\/","title":{"rendered":"Perfume Dirham Silver (Oud) 100ML For Men por Ard Al Zaafaran Perfumes"},"content":{"rendered":"<div class=\"wpb-content-wrapper\"><p>[vc_row][vc_column width=&#8221;1\/6&#8243;][\/vc_column][vc_column width=&#8221;2\/3&#8243;][vc_column_text]<\/p>\n<h2>Perfume Dirham Eau de Parfum de Ard Al Zaafaran<\/h2>\n<p>Perfume Dirham Eau de Parfum de Ard Al Zaafaran <span class=\"hps\">\u00e9 um<\/span> <span class=\"hps\">perfume<\/span> fresco e <span class=\"hps\">vital<\/span> <span class=\"hps\">com<\/span> <span class=\"hps\">notas florais<\/span> <span class=\"hps\">e<\/span> <span class=\"hps\">uma<\/span> base <span class=\"hps\">levemente<\/span> <span class=\"hps\">amadeirada<\/span> .<\/p>\n<p>A <span class=\"hps\">nota de topo<\/span> de <span class=\"hps\">abertura<\/span> <span class=\"hps\">\u00e9 fresca<\/span> <span class=\"hps\">com<\/span> <span class=\"hps\">aromas<\/span> <span class=\"hps\">c\u00edtricos<\/span> e seca <span class=\"hps\">para<\/span> <span class=\"hps\">refrescar<\/span> a <span class=\"hps\">bergamota e o<\/span> <span class=\"hps\">cardamomo<\/span> <span class=\"hps\">picante<\/span> .<\/p>\n<p>A nota de cora\u00e7\u00e3o \u00e9 quente e brilhante com rosas, jasmim e lavanda.<\/p>\n<p>S\u00e2ndalo \u00e9 misturado com cedro e vetiver na base, dando profundidade e eleg\u00e2ncia ao Dirham.<\/p>\n<p><span class=\"hps\">Dirham<\/span> \u00e9 uma <span class=\"hps\">fragr\u00e2ncia<\/span> <span class=\"hps\">ador\u00e1vel<\/span> para o <span class=\"hps\">dia<\/span> a dia, espalhando <span class=\"hps\">frescor<\/span> <span class=\"hps\">e<\/span> <span class=\"hps\">energia<\/span> <span class=\"hps\">positiva<\/span> .<\/p>\n<div><strong>Principais acordes:<\/strong> fresco, floral, vibrante, levemente amadeirado<\/div>\n<div><\/div>\n<div>\n<div>\n<div>\n<div>\u2022 Recomenda\u00e7\u00e3o para: homens<\/div>\n<\/div>\n<\/div>\n<div><\/div>\n<div>\u2022 Cont\u00e9m \u00e1lcool desnaturado (halal)<\/div>\n<div>\n<div><\/div>\n<div>\u2022 Quantidade: 100ml Eau de perfume<\/div>\n<div><\/div>\n<div>\u2022 Frasco com bico de pulveriza\u00e7\u00e3o<\/div>\n<div><\/div>\n<div>\u2022 Fabricante: Ard Al Zaafaran<\/div>\n<\/div>\n<\/div>\n<p>[\/vc_column_text][\/vc_column][vc_column width=&#8221;1\/6&#8243;][\/vc_column][\/vc_row]<\/p>\n<\/div>","protected":false},"excerpt":{"rendered":"<ul>\n<li>Notas: Lim\u00e3o, Bergamota, Lavanda, Cardamomo, Jasmim, Rosa, Vetiver, Cedro<\/li>\n<li>Duradouro<\/li>\n<li>Produto mais vendido<\/li>\n<li>Eau De Perfume (EDP)<\/li>\n<li>Capacidade: 100ml<\/li>\n<li>Linda garrafa decorada<\/li>\n<li>Produto Original da UEA<\/li>\n<\/ul>\n","protected":false},"featured_media":10988,"comment_status":"open","ping_status":"closed","template":"","meta":[],"product_brand":[],"product_cat":[243,280],"product_tag":[],"class_list":{"0":"post-17118","1":"product","2":"type-product","3":"status-publish","4":"has-post-thumbnail","6":"product_cat-oud-prfume-pt-br-2","7":"product_cat-oud-for-men-pt-br","8":"product_shipping_class-1-pt-br","10":"first","11":"instock","12":"sale","13":"shipping-taxable","14":"purchasable","15":"product-type-simple"},"supplier_id":null,"supplier_sku":"","barcode":null,"atum_controlled":true,"out_stock_date":null,"out_stock_threshold":null,"inheritable":false,"inbound_stock":0,"stock_on_hold":0,"sold_today":0,"sales_last_days":0,"reserved_stock":0,"customer_returns":0,"warehouse_damage":0,"lost_in_post":0,"other_logs":0,"out_stock_days":0,"lost_sales":0,"has_location":false,"update_date":"2026-05-05T00:45:36","atum_locations":[],"atum_stock_status":"instock","restock_status":false,"low_stock_amount":"","sales_update_date":"2026-05-05T00:45:36","calc_backorders":null,"_links":{"self":[{"href":"https:\/\/myroyalmarket.com\/pt-br\/wp-json\/wp\/v2\/product\/17118","targetHints":{"allow":["GET"]}}],"collection":[{"href":"https:\/\/myroyalmarket.com\/pt-br\/wp-json\/wp\/v2\/product"}],"about":[{"href":"https:\/\/myroyalmarket.com\/pt-br\/wp-json\/wp\/v2\/types\/product"}],"replies":[{"embeddable":true,"href":"https:\/\/myroyalmarket.com\/pt-br\/wp-json\/wp\/v2\/comments?post=17118"}],"wp:featuredmedia":[{"embeddable":true,"href":"https:\/\/myroyalmarket.com\/pt-br\/wp-json\/wp\/v2\/media\/10988"}],"wp:attachment":[{"href":"https:\/\/myroyalmarket.com\/pt-br\/wp-json\/wp\/v2\/media?parent=17118"}],"wp:term":[{"taxonomy":"product_brand","embeddable":true,"href":"https:\/\/myroyalmarket.com\/pt-br\/wp-json\/wp\/v2\/product_brand?post=17118"},{"taxonomy":"product_cat","embeddable":true,"href":"https:\/\/myroyalmarket.com\/pt-br\/wp-json\/wp\/v2\/product_cat?post=17118"},{"taxonomy":"product_tag","embeddable":true,"href":"https:\/\/myroyalmarket.com\/pt-br\/wp-json\/wp\/v2\/product_tag?post=17118"}],"curies":[{"name":"wp","href":"https:\/\/api.w.org\/{rel}","templated":true}]}}