{"id":17129,"date":"2020-10-28T08:28:50","date_gmt":"2022-03-08T18:28:41","guid":{"rendered":"https:\/\/www.my-damas.com\/product\/risalat-al-muadah-perfume-oud-100ml-for-men-and-women\/"},"modified":"2025-04-27T11:20:41","modified_gmt":"2025-04-27T03:20:41","slug":"risalat-al-muadah-perfume-oud-100ml-for-men-and-women","status":"publish","type":"product","link":"https:\/\/myroyalmarket.com\/pt-br\/produto\/risalat-al-muadah-perfume-oud-100ml-for-men-and-women\/","title":{"rendered":"Perfumes Ard Al Zaafaran, Risalat Al Muadah Ouro \/ Prata (Oud) 100ML Para Mulheres e Homens"},"content":{"rendered":"<div class=\"wpb-content-wrapper\"><p>[vc_row][vc_column width=&#8221;1\/6&#8243;][\/vc_column][vc_column width=&#8221;2\/3&#8243;][vc_column_text]<\/p>\n<h2>Perfume Risalat Al Muadah de Ard Al Zaafaran Eau de Parfume<\/h2>\n<div>Perfume Risalat Al Muadah Eau de Parfum de Ard Al Zaafaran &#8211; Uma fragr\u00e2ncia excitante e floral com notas frescas e brilhantes, muito sofisticadas e sensuais.<\/div>\n<div><\/div>\n<div>A nota de topo abre fortemente e \u00e9 floral com magn\u00f3lia e tuberosa. Ma\u00e7\u00e3s vermelhas, madeiras brancas e s\u00e2ndalo complementam perfeitamente as fragr\u00e2ncias florais e conferem profundidade e car\u00e1ter.<\/div>\n<div><\/div>\n<div>O cora\u00e7\u00e3o traz frescor ao perfume com pepino e lim\u00e3o. Violetas, l\u00edrio do vale e \u00e2mbar suavizam lindamente as notas frescas e espalham o calor floral.<\/div>\n<div><\/div>\n<div>Na base, rosas vermelhas fecham a fragr\u00e2ncia.<\/div>\n<div><\/div>\n<div>Risalat Al Muadah \u00e9 um perfume brilhante, positivo, cheio de vida, ideal para os amantes de perfumes florais.<\/div>\n<div><\/div>\n<div>Principais acordes: floral, frutado, fresco, amadeirado, brilhante<\/div>\n<div><\/div>\n<div>\n<p>\u2022 Recomenda\u00e7\u00e3o: Para mulheres e homens<\/p>\n<p>\u2022 Cont\u00e9m \u00e1lcool desnaturado (halal)<\/p>\n<p>\u2022 Quantidade: 100ml Eau de perfume<\/p>\n<p>\u2022 Frasco com bico de pulveriza\u00e7\u00e3o<\/p>\n<p>\u2022 Fabricante: Ard Al Zaafaran<\/p>\n<\/div>\n<p>[\/vc_column_text][\/vc_column][vc_column width=&#8221;1\/6&#8243;][\/vc_column][\/vc_row]<\/p>\n<\/div>","protected":false},"excerpt":{"rendered":"<p>Ouro: para mulheres<br \/>\nPrata: para homens<\/p>\n<ul>\n<li>Notas de topo: magn\u00f3lia, tuberosa, ma\u00e7\u00e3 vermelha, madeiras brancas, s\u00e2ndalo<\/li>\n<li>Notas m\u00e9dias: pepino, lim\u00e3o, violetas, l\u00edrio do vale, \u00e2mbar<\/li>\n<li>Notas de base: rosas<\/li>\n<li>Duradouro<\/li>\n<li>Produto mais vendido<\/li>\n<li>Eau De Perfume (EDP)<\/li>\n<li>Capacidade: 100ml<\/li>\n<li>Linda garrafa decorada<\/li>\n<li>Produto Original da UEA<\/li>\n<\/ul>\n","protected":false},"featured_media":10976,"comment_status":"open","ping_status":"closed","template":"","meta":[],"product_brand":[],"product_cat":[244,243,280,275],"product_tag":[],"class_list":{"0":"post-17129","1":"product","2":"type-product","3":"status-publish","4":"has-post-thumbnail","6":"product_cat-oud-for-women-pt-br","7":"product_cat-oud-prfume-pt-br-2","8":"product_cat-oud-for-men-pt-br","9":"product_cat-oud-unisex-pt-br","10":"product_shipping_class-1-pt-br","12":"first","13":"outofstock","14":"sale","15":"shipping-taxable","16":"purchasable","17":"product-type-variable","18":"has-default-attributes"},"supplier_id":null,"supplier_sku":"","barcode":null,"atum_controlled":true,"out_stock_date":"2025-06-21 18:47:53","out_stock_threshold":null,"inheritable":true,"inbound_stock":0,"stock_on_hold":0,"sold_today":0,"sales_last_days":0,"reserved_stock":0,"customer_returns":0,"warehouse_damage":0,"lost_in_post":0,"other_logs":0,"out_stock_days":317,"lost_sales":0,"has_location":false,"update_date":"2026-05-05T00:45:36","atum_locations":[],"atum_stock_status":"outofstock","restock_status":false,"low_stock_amount":"","sales_update_date":"2026-05-05T00:45:36","calc_backorders":null,"_links":{"self":[{"href":"https:\/\/myroyalmarket.com\/pt-br\/wp-json\/wp\/v2\/product\/17129","targetHints":{"allow":["GET"]}}],"collection":[{"href":"https:\/\/myroyalmarket.com\/pt-br\/wp-json\/wp\/v2\/product"}],"about":[{"href":"https:\/\/myroyalmarket.com\/pt-br\/wp-json\/wp\/v2\/types\/product"}],"replies":[{"embeddable":true,"href":"https:\/\/myroyalmarket.com\/pt-br\/wp-json\/wp\/v2\/comments?post=17129"}],"wp:featuredmedia":[{"embeddable":true,"href":"https:\/\/myroyalmarket.com\/pt-br\/wp-json\/wp\/v2\/media\/10976"}],"wp:attachment":[{"href":"https:\/\/myroyalmarket.com\/pt-br\/wp-json\/wp\/v2\/media?parent=17129"}],"wp:term":[{"taxonomy":"product_brand","embeddable":true,"href":"https:\/\/myroyalmarket.com\/pt-br\/wp-json\/wp\/v2\/product_brand?post=17129"},{"taxonomy":"product_cat","embeddable":true,"href":"https:\/\/myroyalmarket.com\/pt-br\/wp-json\/wp\/v2\/product_cat?post=17129"},{"taxonomy":"product_tag","embeddable":true,"href":"https:\/\/myroyalmarket.com\/pt-br\/wp-json\/wp\/v2\/product_tag?post=17129"}],"curies":[{"name":"wp","href":"https:\/\/api.w.org\/{rel}","templated":true}]}}