{"id":17145,"date":"2020-10-28T08:28:50","date_gmt":"2022-03-08T18:48:18","guid":{"rendered":"https:\/\/www.my-damas.com\/product\/dirham-gold-perfume-oud-100ml-for-men\/"},"modified":"2022-12-22T20:09:02","modified_gmt":"2022-12-22T20:09:02","slug":"dirham-gold-perfume-oud-100ml-for-men","status":"publish","type":"product","link":"https:\/\/myroyalmarket.com\/pt-br\/produto\/dirham-gold-perfume-oud-100ml-for-men\/","title":{"rendered":"Perfumes Ard Al Zaafaran, perfume Dirham Gold (Oud) 100ML For Men"},"content":{"rendered":"<div class=\"wpb-content-wrapper\"><p>[vc_row][vc_column width=&#8221;1\/6&#8243;][\/vc_column][vc_column width=&#8221;2\/3&#8243;][vc_column_text]<\/p>\n<h4 class=\"block-title \"><span style=\"font-size: 24px;\">Perfume Dirham Gold Eau de Parfum de Ard Al Zaafaran<\/span><\/h4>\n<div class=\"content block-content active\">\n<div class=\"divproductlongtext\">\n<p>Perfume Dirham Gold Eau de Parfum de Ard Al Zaafaran \u00e9 um perfume vivo e positivo, semelhante ao perfume Dirham. No entanto, a impress\u00e3o geral do Dirham Gold \u00e9 mais cheia e quente.<\/p>\n<p>O perfume Dirham Gold come\u00e7a com uma nota de topo de bergamota, s\u00e2ndalo, vetiver, rosas e jasmim.<\/p>\n<p>Rosas e baunilha formam a nota de cora\u00e7\u00e3o.<\/p>\n<p>Laranjas suculentas, doces, c\u00edtricas e abacaxi completam o perfume na base.<\/p>\n<p>Uma fragr\u00e2ncia completa e agradavelmente quente, adequada para o uso di\u00e1rio.<\/p>\n<p>&nbsp;<\/p>\n<p>\u2022 Principais acordes: doce fresco, floral, frutado, amadeirado<\/p>\n<\/div>\n<p>\u2022 Recomenda\u00e7\u00e3o: mulheres e homens<\/p>\n<p>\u2022 Cont\u00e9m \u00e1lcool desnaturado (halal)<\/p>\n<p>\u2022 Quantidade: 100ml<\/p>\n<p>\u2022 Frasco com bico de pulveriza\u00e7\u00e3o<\/p>\n<p>\u2022 Fabricante: Ard Al Zafaaran<\/p>\n<\/div>\n<p>[\/vc_column_text][\/vc_column][vc_column width=&#8221;1\/6&#8243;][\/vc_column][\/vc_row]<\/p>\n<\/div>","protected":false},"excerpt":{"rendered":"<div class=\"col-md-6 form-group\">\n<div id=\"highlight_content\">\n<div class=\"highlight_preview\">\n<div id=\"product_highlight\" class=\"product_highlight\">\n<ul>\n<li>Notas de topo: bergamota, s\u00e2ndalo, vetiver, rosas, jasmim<\/li>\n<li>Notas m\u00e9dias: rosas, baunilha<\/li>\n<li>Notas de fundo: laranjas, frutas c\u00edtricas, anan\u00e1s<\/li>\n<li>Duradouro<\/li>\n<li>Produto mais vendido<\/li>\n<li>Eau De Perfume (EDP)<\/li>\n<li>Capacidade: 100ml<\/li>\n<li>Linda garrafa decorada<\/li>\n<li>Produto Original da UEA<\/li>\n<\/ul>\n<\/div>\n<\/div>\n<\/div>\n<\/div>\n","protected":false},"featured_media":39962,"comment_status":"open","ping_status":"closed","template":"","meta":[],"product_brand":[],"product_cat":[244,243],"product_tag":[],"class_list":{"0":"post-17145","1":"product","2":"type-product","3":"status-publish","4":"has-post-thumbnail","6":"product_cat-oud-for-women-pt-br","7":"product_cat-oud-prfume-pt-br-2","8":"product_shipping_class-1-pt-br","10":"first","11":"instock","12":"sale","13":"shipping-taxable","14":"purchasable","15":"product-type-simple"},"supplier_id":null,"supplier_sku":"","barcode":null,"atum_controlled":true,"out_stock_date":null,"out_stock_threshold":null,"inheritable":false,"inbound_stock":0,"stock_on_hold":0,"sold_today":0,"sales_last_days":0,"reserved_stock":0,"customer_returns":0,"warehouse_damage":0,"lost_in_post":0,"other_logs":0,"out_stock_days":0,"lost_sales":0,"has_location":false,"update_date":"2026-05-05T00:45:15","atum_locations":[],"atum_stock_status":"instock","restock_status":false,"low_stock_amount":"","sales_update_date":"2026-05-05T00:45:15","calc_backorders":null,"_links":{"self":[{"href":"https:\/\/myroyalmarket.com\/pt-br\/wp-json\/wp\/v2\/product\/17145","targetHints":{"allow":["GET"]}}],"collection":[{"href":"https:\/\/myroyalmarket.com\/pt-br\/wp-json\/wp\/v2\/product"}],"about":[{"href":"https:\/\/myroyalmarket.com\/pt-br\/wp-json\/wp\/v2\/types\/product"}],"replies":[{"embeddable":true,"href":"https:\/\/myroyalmarket.com\/pt-br\/wp-json\/wp\/v2\/comments?post=17145"}],"wp:featuredmedia":[{"embeddable":true,"href":"https:\/\/myroyalmarket.com\/pt-br\/wp-json\/wp\/v2\/media\/39962"}],"wp:attachment":[{"href":"https:\/\/myroyalmarket.com\/pt-br\/wp-json\/wp\/v2\/media?parent=17145"}],"wp:term":[{"taxonomy":"product_brand","embeddable":true,"href":"https:\/\/myroyalmarket.com\/pt-br\/wp-json\/wp\/v2\/product_brand?post=17145"},{"taxonomy":"product_cat","embeddable":true,"href":"https:\/\/myroyalmarket.com\/pt-br\/wp-json\/wp\/v2\/product_cat?post=17145"},{"taxonomy":"product_tag","embeddable":true,"href":"https:\/\/myroyalmarket.com\/pt-br\/wp-json\/wp\/v2\/product_tag?post=17145"}],"curies":[{"name":"wp","href":"https:\/\/api.w.org\/{rel}","templated":true}]}}