{"id":17167,"date":"2020-10-28T08:28:50","date_gmt":"2022-03-08T19:01:43","guid":{"rendered":"https:\/\/www.my-damas.com\/product\/risalath-al-ishaq-parfum-perfume-oud-100ml-for-women\/"},"modified":"2025-04-27T11:20:39","modified_gmt":"2025-04-27T03:20:39","slug":"risalath-al-ishaq-parfum-perfume-oud-100ml-for-women","status":"publish","type":"product","link":"https:\/\/myroyalmarket.com\/pt-br\/produto\/risalath-al-ishaq-parfum-perfume-oud-100ml-for-women\/","title":{"rendered":"Perfume Risalath Al Ishaq (Oud) 100ML For Women de Ard Al Zafraan"},"content":{"rendered":"<div class=\"wpb-content-wrapper\"><p>[vc_row][vc_column width=&#8221;1\/6&#8243;][\/vc_column][vc_column width=&#8221;2\/3&#8243;][vc_column_text]Risalat Al Ishaaq<em><strong> <\/strong><\/em>Eau de Parfum de Ard Al Zaafaran &#8211; Uma fragr\u00e2ncia excitante e floral com notas frescas e brilhantes, muito sofisticadas e sensuais.<\/p>\n<p>A nota de cabe\u00e7a abre fortemente e \u00e9 floral com magn\u00f3lia e tuberosa. Ma\u00e7\u00e3s vermelhas, madeiras brancas e s\u00e2ndalo complementam perfeitamente as fragr\u00e2ncias florais e conferem profundidade e car\u00e1ter.<\/p>\n<p>O cora\u00e7\u00e3o traz frescor ao perfume com pepino e lim\u00e3o. Violetas, l\u00edrio do vale e \u00e2mbar suavizam lindamente as notas frescas e espalham o calor floral.<\/p>\n<p>Na base as rosas vermelhas fecham a fragr\u00e2ncia.<\/p>\n<p>Risalat Al Muadah \u00e9 um perfume brilhante, positivo, cheio de vida, ideal para os amantes de perfumes florais.<\/p>\n<p>Principais acordes: floral, frutado, fresco, amadeirado, brilhante[\/vc_column_text][vc_single_image image=&#8221;11680&#8243; img_size=&#8221;full&#8221;][\/vc_column][vc_column width=&#8221;1\/6&#8243;][\/vc_column][\/vc_row]<\/p>\n<\/div>","protected":false},"excerpt":{"rendered":"<ul>\n<li>Notas de topo: magn\u00f3lia, tuberosa, ma\u00e7\u00e3 vermelha, madeiras brancas, s\u00e2ndalo<\/li>\n<li>Notas m\u00e9dias: pepino, lim\u00e3o, violetas, l\u00edrio do vale, \u00e2mbar<\/li>\n<li>Notas de base: rosas<\/li>\n<li>Duradouro<\/li>\n<li>Produto mais vendido<\/li>\n<li>Eau De Perfume (EDP)<\/li>\n<li>Capacidade: 100ml<\/li>\n<li>Linda garrafa decorada<\/li>\n<li>Produto Original da UEA<\/li>\n<\/ul>\n","protected":false},"featured_media":11676,"comment_status":"open","ping_status":"closed","template":"","meta":[],"product_brand":[],"product_cat":[244,243],"product_tag":[],"class_list":{"0":"post-17167","1":"product","2":"type-product","3":"status-publish","4":"has-post-thumbnail","6":"product_cat-oud-for-women-pt-br","7":"product_cat-oud-prfume-pt-br-2","8":"product_shipping_class-1-pt-br","10":"first","11":"outofstock","12":"sale","13":"shipping-taxable","14":"purchasable","15":"product-type-simple"},"supplier_id":null,"supplier_sku":"","barcode":null,"atum_controlled":true,"out_stock_date":"2025-04-27 11:20:39","out_stock_threshold":null,"inheritable":false,"inbound_stock":0,"stock_on_hold":1,"sold_today":0,"sales_last_days":0,"reserved_stock":0,"customer_returns":0,"warehouse_damage":0,"lost_in_post":0,"other_logs":0,"out_stock_days":372,"lost_sales":0,"has_location":false,"update_date":"2026-05-05T00:45:41","atum_locations":[],"atum_stock_status":"outofstock","restock_status":false,"low_stock_amount":"","sales_update_date":"2026-05-05T00:45:41","calc_backorders":null,"_links":{"self":[{"href":"https:\/\/myroyalmarket.com\/pt-br\/wp-json\/wp\/v2\/product\/17167","targetHints":{"allow":["GET"]}}],"collection":[{"href":"https:\/\/myroyalmarket.com\/pt-br\/wp-json\/wp\/v2\/product"}],"about":[{"href":"https:\/\/myroyalmarket.com\/pt-br\/wp-json\/wp\/v2\/types\/product"}],"replies":[{"embeddable":true,"href":"https:\/\/myroyalmarket.com\/pt-br\/wp-json\/wp\/v2\/comments?post=17167"}],"wp:featuredmedia":[{"embeddable":true,"href":"https:\/\/myroyalmarket.com\/pt-br\/wp-json\/wp\/v2\/media\/11676"}],"wp:attachment":[{"href":"https:\/\/myroyalmarket.com\/pt-br\/wp-json\/wp\/v2\/media?parent=17167"}],"wp:term":[{"taxonomy":"product_brand","embeddable":true,"href":"https:\/\/myroyalmarket.com\/pt-br\/wp-json\/wp\/v2\/product_brand?post=17167"},{"taxonomy":"product_cat","embeddable":true,"href":"https:\/\/myroyalmarket.com\/pt-br\/wp-json\/wp\/v2\/product_cat?post=17167"},{"taxonomy":"product_tag","embeddable":true,"href":"https:\/\/myroyalmarket.com\/pt-br\/wp-json\/wp\/v2\/product_tag?post=17167"}],"curies":[{"name":"wp","href":"https:\/\/api.w.org\/{rel}","templated":true}]}}