{"id":17183,"date":"2020-10-28T08:28:50","date_gmt":"2022-03-08T19:30:07","guid":{"rendered":"https:\/\/www.my-damas.com\/product\/dirham-wardi-perfume-oud-100ml-for-women\/"},"modified":"2022-03-28T19:38:18","modified_gmt":"2022-03-28T19:38:18","slug":"dirham-wardi-perfume-oud-100ml-for-women","status":"publish","type":"product","link":"https:\/\/myroyalmarket.com\/pt-br\/produto\/dirham-wardi-perfume-oud-100ml-for-women\/","title":{"rendered":"perfume dirham wardi (Oud) 100ml para mulheres"},"content":{"rendered":"<div class=\"wpb-content-wrapper\"><p>[vc_row][vc_column width=&#8221;1\/6&#8243;][\/vc_column][vc_column width=&#8221;2\/3&#8243;][vc_column_text]<\/p>\n<h2>Perfume Dirham Wardi Eau de Parfum de Ard Al Zaafaran<\/h2>\n<div>Perfume Dirham Wardi Eau de Parfum de Ard Al Zaafaran \u00e9 um perfume de rosa doce e florido para mulheres.<\/div>\n<div>\n<div><\/div>\n<div>A nota de topo abre o perfume com bagas doces, framboesas, pimenta rosa e bergamota.<\/div>\n<div><\/div>\n<div>A nota de cora\u00e7\u00e3o revela uma mistura floral de rosas, pe\u00f4nias e l\u00edrios do vale que combinam habilmente com as notas frutadas anteriores.<\/div>\n<div><\/div>\n<div>Patchouli, \u00edris, s\u00e2ndalo e alm\u00edscar na base adicionam calor e profundidade ao final.<\/div>\n<div><\/div>\n<div>Uma fragr\u00e2ncia maravilhosamente rom\u00e2ntica, feminina e suave que combina habilmente a do\u00e7ura frutada com notas florais e alm\u00edscar. O perfume \u00e9 adequado para todas as ocasi\u00f5es.<\/div>\n<div><\/div>\n<\/div>\n<div>\n<div>Principais acordes: frutado, doce, rosas, floral, suave<\/div>\n<\/div>\n<p>[\/vc_column_text][vc_single_image image=&#8221;10904&#8243; img_size=&#8221;full&#8221;][\/vc_column][vc_column width=&#8221;1\/6&#8243;][\/vc_column][\/vc_row]<\/p>\n<\/div>","protected":false},"excerpt":{"rendered":"<ul>\n<li>Duradouro<\/li>\n<li>Produto mais vendido<\/li>\n<li>Eau De Perfume (EDP)<\/li>\n<li>Capacidade: 100ml<\/li>\n<li>Linda garrafa decorada<\/li>\n<li>Produto Original da UEA<\/li>\n<\/ul>\n","protected":false},"featured_media":10900,"comment_status":"open","ping_status":"closed","template":"","meta":[],"product_brand":[],"product_cat":[244,243],"product_tag":[],"class_list":{"0":"post-17183","1":"product","2":"type-product","3":"status-publish","4":"has-post-thumbnail","6":"product_cat-oud-for-women-pt-br","7":"product_cat-oud-prfume-pt-br-2","8":"product_shipping_class-1-pt-br","10":"first","11":"instock","12":"sale","13":"shipping-taxable","14":"purchasable","15":"product-type-simple"},"supplier_id":null,"supplier_sku":"","barcode":null,"atum_controlled":true,"out_stock_date":null,"out_stock_threshold":null,"inheritable":false,"inbound_stock":0,"stock_on_hold":0,"sold_today":0,"sales_last_days":0,"reserved_stock":0,"customer_returns":0,"warehouse_damage":0,"lost_in_post":0,"other_logs":0,"out_stock_days":0,"lost_sales":0,"has_location":false,"update_date":"2026-05-05T00:45:15","atum_locations":[],"atum_stock_status":"instock","restock_status":false,"low_stock_amount":"","sales_update_date":"2026-05-05T00:45:15","calc_backorders":null,"_links":{"self":[{"href":"https:\/\/myroyalmarket.com\/pt-br\/wp-json\/wp\/v2\/product\/17183","targetHints":{"allow":["GET"]}}],"collection":[{"href":"https:\/\/myroyalmarket.com\/pt-br\/wp-json\/wp\/v2\/product"}],"about":[{"href":"https:\/\/myroyalmarket.com\/pt-br\/wp-json\/wp\/v2\/types\/product"}],"replies":[{"embeddable":true,"href":"https:\/\/myroyalmarket.com\/pt-br\/wp-json\/wp\/v2\/comments?post=17183"}],"wp:featuredmedia":[{"embeddable":true,"href":"https:\/\/myroyalmarket.com\/pt-br\/wp-json\/wp\/v2\/media\/10900"}],"wp:attachment":[{"href":"https:\/\/myroyalmarket.com\/pt-br\/wp-json\/wp\/v2\/media?parent=17183"}],"wp:term":[{"taxonomy":"product_brand","embeddable":true,"href":"https:\/\/myroyalmarket.com\/pt-br\/wp-json\/wp\/v2\/product_brand?post=17183"},{"taxonomy":"product_cat","embeddable":true,"href":"https:\/\/myroyalmarket.com\/pt-br\/wp-json\/wp\/v2\/product_cat?post=17183"},{"taxonomy":"product_tag","embeddable":true,"href":"https:\/\/myroyalmarket.com\/pt-br\/wp-json\/wp\/v2\/product_tag?post=17183"}],"curies":[{"name":"wp","href":"https:\/\/api.w.org\/{rel}","templated":true}]}}