{"id":17278,"date":"2020-10-28T08:28:47","date_gmt":"2022-03-27T08:37:58","guid":{"rendered":"https:\/\/www.my-damas.com\/product\/rawat-al-oud-perfume-100ml-for-men-and-women\/"},"modified":"2022-03-28T19:37:53","modified_gmt":"2022-03-28T19:37:53","slug":"rawat-al-oud-perfume-100ml-for-men-and-women","status":"publish","type":"product","link":"https:\/\/myroyalmarket.com\/pt-br\/produto\/rawat-al-oud-perfume-100ml-for-men-and-women\/","title":{"rendered":"Eau De Parfum, perfume Rawat Al Oud 100ML para homens e mulheres, de Lattafa"},"content":{"rendered":"<div class=\"wpb-content-wrapper\"><p>[vc_row][vc_column width=&#8221;1\/6&#8243;][\/vc_column][vc_column width=&#8221;2\/3&#8243;][vc_column_text]<\/p>\n<h2>PERFUME ROUAT AL OUD EAU DE PARFUM DE LATTAFA PERFUMES<\/h2>\n<p>Perfume Rouat Al Oud Eau de Parfum de Lattafa Perfumes \u00e9 um perfume c\u00edtrico picante com notas especiadas e amadeiradas para mulheres e homens.<\/p>\n<p>A nota de topo abre fresca com bergamota e neroli. O tamarindo tem belos acentos levemente agridoces.<\/p>\n<p>Uma nota de cora\u00e7\u00e3o picante segue com aromas de cardamomo fresco e notas de especiarias.<\/p>\n<p>Uma base de cedro, Oudh, vetiver, alm\u00edscar e patchouli completa a fragr\u00e2ncia quente e rica.<\/p>\n<p>Um grande perfume onde os aromas c\u00edtricos verdes frescos se misturam harmoniosamente com notas amadeiradas e especiadas. Rouat al Oud \u00e9 muito adequado para qualquer ocasi\u00e3o.<\/p>\n<p>Principais acordes: c\u00edtrico, amadeirado, especiado, quente[\/vc_column_text][vc_column_text]\u2022 Recomenda\u00e7\u00e3o para: mulheres e homens[\/vc_column_text][\/vc_column][vc_column width=&#8221;1\/6&#8243;][\/vc_column][\/vc_row]<\/p>\n<\/div>","protected":false},"excerpt":{"rendered":"<ul>\n<li>Notas de topo: bergamota, neroli, tamarindo<br \/>\nNotas m\u00e9dias: cardamomo, especiarias<br \/>\nNotas de fundo: cedro, Oudh, patchouli, vetiver, alm\u00edscar<\/li>\n<li>Duradouro<\/li>\n<li>Produto mais vendido<\/li>\n<li>Eau De Perfume (EDP)<\/li>\n<li>Capacidade: 100ml<\/li>\n<li>Linda garrafa decorada<\/li>\n<li>Produto Original da UEA<\/li>\n<\/ul>\n","protected":false},"featured_media":11176,"comment_status":"open","ping_status":"closed","template":"","meta":[],"product_brand":[],"product_cat":[244,243,280,275],"product_tag":[],"class_list":{"0":"post-17278","1":"product","2":"type-product","3":"status-publish","4":"has-post-thumbnail","6":"product_cat-oud-for-women-pt-br","7":"product_cat-oud-prfume-pt-br-2","8":"product_cat-oud-for-men-pt-br","9":"product_cat-oud-unisex-pt-br","10":"product_shipping_class-1-pt-br","12":"first","13":"instock","14":"sale","15":"shipping-taxable","16":"purchasable","17":"product-type-simple"},"supplier_id":null,"supplier_sku":"","barcode":null,"atum_controlled":true,"out_stock_date":null,"out_stock_threshold":null,"inheritable":false,"inbound_stock":0,"stock_on_hold":0,"sold_today":0,"sales_last_days":0,"reserved_stock":0,"customer_returns":0,"warehouse_damage":0,"lost_in_post":0,"other_logs":0,"out_stock_days":0,"lost_sales":0,"has_location":false,"update_date":"2026-05-05T00:45:17","atum_locations":[],"atum_stock_status":"instock","restock_status":false,"low_stock_amount":"","sales_update_date":"2026-05-05T00:45:17","calc_backorders":null,"_links":{"self":[{"href":"https:\/\/myroyalmarket.com\/pt-br\/wp-json\/wp\/v2\/product\/17278","targetHints":{"allow":["GET"]}}],"collection":[{"href":"https:\/\/myroyalmarket.com\/pt-br\/wp-json\/wp\/v2\/product"}],"about":[{"href":"https:\/\/myroyalmarket.com\/pt-br\/wp-json\/wp\/v2\/types\/product"}],"replies":[{"embeddable":true,"href":"https:\/\/myroyalmarket.com\/pt-br\/wp-json\/wp\/v2\/comments?post=17278"}],"wp:featuredmedia":[{"embeddable":true,"href":"https:\/\/myroyalmarket.com\/pt-br\/wp-json\/wp\/v2\/media\/11176"}],"wp:attachment":[{"href":"https:\/\/myroyalmarket.com\/pt-br\/wp-json\/wp\/v2\/media?parent=17278"}],"wp:term":[{"taxonomy":"product_brand","embeddable":true,"href":"https:\/\/myroyalmarket.com\/pt-br\/wp-json\/wp\/v2\/product_brand?post=17278"},{"taxonomy":"product_cat","embeddable":true,"href":"https:\/\/myroyalmarket.com\/pt-br\/wp-json\/wp\/v2\/product_cat?post=17278"},{"taxonomy":"product_tag","embeddable":true,"href":"https:\/\/myroyalmarket.com\/pt-br\/wp-json\/wp\/v2\/product_tag?post=17278"}],"curies":[{"name":"wp","href":"https:\/\/api.w.org\/{rel}","templated":true}]}}