{"id":17285,"date":"2020-10-28T08:28:47","date_gmt":"2022-03-27T09:01:47","guid":{"rendered":"https:\/\/www.my-damas.com\/product\/rasasi-emotion-homme-edp-100-ml-for-men\/"},"modified":"2022-03-27T09:01:50","modified_gmt":"2022-03-27T09:01:50","slug":"rasasi-emotion-homme-edp-100-ml-for-men","status":"publish","type":"product","link":"https:\/\/myroyalmarket.com\/pt-br\/produto\/rasasi-emotion-homme-edp-100-ml-for-men\/","title":{"rendered":"Rasasi Emotion Homme EDP &#8211; 100 ml (para homens)"},"content":{"rendered":"<div class=\"wpb-content-wrapper\"><p>[vc_row][vc_column width=&#8221;1\/6&#8243;][\/vc_column][vc_column width=&#8221;2\/3&#8243;][vc_column_text]<\/p>\n<div class=\"_1AtVbE col-12-12\">\n<div class=\"_3nkT-2\">\n<div class=\"_2o-xpa\">\n<div class=\"_1mXcCf RmoJUa\">Este perfume \u00e9 dedicado \u00e0s emo\u00e7\u00f5es de ternura, prote\u00e7\u00e3o, vulnerabilidade e romance. Abre com notas frescas de bergamota e flor de laranjeira. Lavanda, violeta, canela e rosa est\u00e3o no cora\u00e7\u00e3o, enquanto a base apresenta patchouli, tonka, s\u00e2ndalo, \u00e2mbar e alm\u00edscar.<\/div>\n<\/div>\n<\/div>\n<\/div>\n<div class=\"_1AtVbE col-12-12\">\n<div class=\"_3dtsli\"><\/div>\n<\/div>\n<p>[\/vc_column_text][\/vc_column][vc_column width=&#8221;1\/6&#8243;][\/vc_column][\/vc_row]<\/p>\n<\/div>","protected":false},"excerpt":{"rendered":"<ul>\n<li>Duradouro<\/li>\n<li>Produto mais vendido<\/li>\n<li>Eau De Perfume (EDP)<\/li>\n<li>Capacidade: 100ml<\/li>\n<li>Linda garrafa decorada<\/li>\n<li>Produto Original da UEA<\/li>\n<\/ul>\n","protected":false},"featured_media":11168,"comment_status":"open","ping_status":"closed","template":"","meta":[],"product_brand":[],"product_cat":[243,280],"product_tag":[],"class_list":{"0":"post-17285","1":"product","2":"type-product","3":"status-publish","4":"has-post-thumbnail","6":"product_cat-oud-prfume-pt-br-2","7":"product_cat-oud-for-men-pt-br","9":"first","10":"outofstock","11":"sale","12":"shipping-taxable","13":"purchasable","14":"product-type-simple"},"supplier_id":null,"supplier_sku":"","barcode":null,"atum_controlled":true,"out_stock_date":null,"out_stock_threshold":null,"inheritable":false,"inbound_stock":0,"stock_on_hold":0,"sold_today":0,"sales_last_days":0,"reserved_stock":0,"customer_returns":0,"warehouse_damage":0,"lost_in_post":0,"other_logs":0,"out_stock_days":0,"lost_sales":0,"has_location":false,"update_date":"2026-05-05T00:45:39","atum_locations":[],"atum_stock_status":"outofstock","restock_status":false,"low_stock_amount":"","sales_update_date":"2026-05-05T00:45:39","calc_backorders":null,"_links":{"self":[{"href":"https:\/\/myroyalmarket.com\/pt-br\/wp-json\/wp\/v2\/product\/17285","targetHints":{"allow":["GET"]}}],"collection":[{"href":"https:\/\/myroyalmarket.com\/pt-br\/wp-json\/wp\/v2\/product"}],"about":[{"href":"https:\/\/myroyalmarket.com\/pt-br\/wp-json\/wp\/v2\/types\/product"}],"replies":[{"embeddable":true,"href":"https:\/\/myroyalmarket.com\/pt-br\/wp-json\/wp\/v2\/comments?post=17285"}],"wp:featuredmedia":[{"embeddable":true,"href":"https:\/\/myroyalmarket.com\/pt-br\/wp-json\/wp\/v2\/media\/11168"}],"wp:attachment":[{"href":"https:\/\/myroyalmarket.com\/pt-br\/wp-json\/wp\/v2\/media?parent=17285"}],"wp:term":[{"taxonomy":"product_brand","embeddable":true,"href":"https:\/\/myroyalmarket.com\/pt-br\/wp-json\/wp\/v2\/product_brand?post=17285"},{"taxonomy":"product_cat","embeddable":true,"href":"https:\/\/myroyalmarket.com\/pt-br\/wp-json\/wp\/v2\/product_cat?post=17285"},{"taxonomy":"product_tag","embeddable":true,"href":"https:\/\/myroyalmarket.com\/pt-br\/wp-json\/wp\/v2\/product_tag?post=17285"}],"curies":[{"name":"wp","href":"https:\/\/api.w.org\/{rel}","templated":true}]}}