{"id":17292,"date":"2020-10-28T08:28:47","date_gmt":"2022-03-27T09:18:42","guid":{"rendered":"https:\/\/www.my-damas.com\/product\/oud-24-hours-perfume-100ml-deodorant-for-men-and-women\/"},"modified":"2022-03-28T19:37:53","modified_gmt":"2022-03-28T19:37:53","slug":"oud-24-hours-perfume-100ml-deodorant-for-men-and-women","status":"publish","type":"product","link":"https:\/\/myroyalmarket.com\/pt-br\/produto\/oud-24-hours-perfume-100ml-deodorant-for-men-and-women\/","title":{"rendered":"Perfumes Ard Al Zaafaran, perfume Oud 24 horas 100ML + Desodorante Masculino e Feminino"},"content":{"rendered":"<div class=\"wpb-content-wrapper\"><p>[vc_row][vc_column width=&#8221;1\/6&#8243;][\/vc_column][vc_column width=&#8221;2\/3&#8243;][vc_column_text]<\/p>\n<h2>Oudh 24 Hours Eau de Parfum de Ard Al Zaafaran<\/h2>\n<p>Oudh 24 Hours Eau de Parfum de Ard Al Zaafaran \u00e9 um perfume oriental com notas frutadas-escuras e uma base quente de \u00e2mbar, s\u00e2ndalo e Oudh.<\/p>\n<p>O \u00f3leo de perfume Oud 24 Hours come\u00e7a com uma nota de topo de bergamota, tangerina e chocolate amargo.<\/p>\n<p>H\u00e1 fragr\u00e2ncias florais e frutadas na nota de cora\u00e7\u00e3o, como ylang-ylang, jasmim, gard\u00eania e frutas arredondadas por especiarias.<\/p>\n<p>A base \u00e9 cheia e suave, dando profundidade e alguma escurid\u00e3o com \u00e2mbar, patchouli, s\u00e2ndalo, oud e incenso.<\/p>\n<p>Ao contr\u00e1rio do seu nome, Oud n\u00e3o \u00e9 o componente dominante neste perfume. Oud s\u00f3 desempenha um papel na base e tamb\u00e9m n\u00e3o \u00e9 predominante aqui.<\/p>\n<p>Uma fragr\u00e2ncia linda e quente, cheia, rica e escura.<\/p>\n<p>Principais acordes: quente-especiado, cacau, frutado, doce[\/vc_column_text][vc_single_image image=&#8221;11132&#8243; img_size=&#8221;full&#8221;][vc_column_text]\u2022 Para mulheres e homens<\/p>\n<p>\u2022 Cont\u00e9m \u00e1lcool desnaturado (halal)<\/p>\n<p>\u2022 Quantidade: 100ml Eau de parfume e 75ml desodorante<\/p>\n<div>\u2022 Frasco com bico de pulveriza\u00e7\u00e3o<\/div>\n<div><\/div>\n<div>\u2022 Fabricante: Ard Al Zafaaran<\/div>\n<p>[\/vc_column_text][\/vc_column][vc_column width=&#8221;1\/6&#8243;][\/vc_column][\/vc_row]<\/p>\n<\/div>","protected":false},"excerpt":{"rendered":"<ul>\n<li>Notas de topo: tangerina, bergamota, chocolate amargo<\/li>\n<li>Notas m\u00e9dias: ylang-ylang, jasmim, gard\u00eania, frutas, especiarias<\/li>\n<li>Notas de fundo: patchouli, \u00e2mbar, s\u00e2ndalo, oud, incenso<\/li>\n<li>Duradouro<\/li>\n<li>Produto mais vendido<\/li>\n<li>Eau De Perfume (EDP)<\/li>\n<li>Capacidade: 100ml<\/li>\n<li>Linda garrafa decorada<\/li>\n<li>Produto Original da UEA<\/li>\n<\/ul>\n","protected":false},"featured_media":11136,"comment_status":"open","ping_status":"closed","template":"","meta":[],"product_brand":[],"product_cat":[244,243,280,275],"product_tag":[],"class_list":{"0":"post-17292","1":"product","2":"type-product","3":"status-publish","4":"has-post-thumbnail","6":"product_cat-oud-for-women-pt-br","7":"product_cat-oud-prfume-pt-br-2","8":"product_cat-oud-for-men-pt-br","9":"product_cat-oud-unisex-pt-br","10":"product_shipping_class-1-pt-br","12":"first","13":"instock","14":"sale","15":"shipping-taxable","16":"purchasable","17":"product-type-simple"},"supplier_id":null,"supplier_sku":"","barcode":null,"atum_controlled":true,"out_stock_date":null,"out_stock_threshold":null,"inheritable":false,"inbound_stock":0,"stock_on_hold":0,"sold_today":0,"sales_last_days":0,"reserved_stock":0,"customer_returns":0,"warehouse_damage":0,"lost_in_post":0,"other_logs":0,"out_stock_days":0,"lost_sales":0,"has_location":false,"update_date":"2026-05-05T00:45:18","atum_locations":[],"atum_stock_status":"instock","restock_status":false,"low_stock_amount":"","sales_update_date":"2026-05-05T00:45:18","calc_backorders":null,"_links":{"self":[{"href":"https:\/\/myroyalmarket.com\/pt-br\/wp-json\/wp\/v2\/product\/17292","targetHints":{"allow":["GET"]}}],"collection":[{"href":"https:\/\/myroyalmarket.com\/pt-br\/wp-json\/wp\/v2\/product"}],"about":[{"href":"https:\/\/myroyalmarket.com\/pt-br\/wp-json\/wp\/v2\/types\/product"}],"replies":[{"embeddable":true,"href":"https:\/\/myroyalmarket.com\/pt-br\/wp-json\/wp\/v2\/comments?post=17292"}],"wp:featuredmedia":[{"embeddable":true,"href":"https:\/\/myroyalmarket.com\/pt-br\/wp-json\/wp\/v2\/media\/11136"}],"wp:attachment":[{"href":"https:\/\/myroyalmarket.com\/pt-br\/wp-json\/wp\/v2\/media?parent=17292"}],"wp:term":[{"taxonomy":"product_brand","embeddable":true,"href":"https:\/\/myroyalmarket.com\/pt-br\/wp-json\/wp\/v2\/product_brand?post=17292"},{"taxonomy":"product_cat","embeddable":true,"href":"https:\/\/myroyalmarket.com\/pt-br\/wp-json\/wp\/v2\/product_cat?post=17292"},{"taxonomy":"product_tag","embeddable":true,"href":"https:\/\/myroyalmarket.com\/pt-br\/wp-json\/wp\/v2\/product_tag?post=17292"}],"curies":[{"name":"wp","href":"https:\/\/api.w.org\/{rel}","templated":true}]}}