{"id":17296,"date":"2020-10-28T08:28:47","date_gmt":"2022-03-27T09:23:34","guid":{"rendered":"https:\/\/www.my-damas.com\/product\/raghba-perfume-oud-100ml-deodorant-for-men-and-women\/"},"modified":"2022-03-28T19:37:52","modified_gmt":"2022-03-28T19:37:52","slug":"raghba-perfume-oud-100ml-deodorant-for-men-and-women","status":"publish","type":"product","link":"https:\/\/myroyalmarket.com\/pt-br\/produto\/raghba-perfume-oud-100ml-deodorant-for-men-and-women\/","title":{"rendered":"Perfumes Lattafa, perfume Raghba (Oud) 100ML + Desodorante para homens e mulheres"},"content":{"rendered":"<div class=\"wpb-content-wrapper\"><p>[vc_row][vc_column width=&#8221;1\/6&#8243;][\/vc_column][vc_column width=&#8221;2\/3&#8243;][vc_column_text]<\/p>\n<h2>Perfume Raghba Eau de Parfum de Lattafa Perfumes com desodorante<\/h2>\n<p>Perfume Raghba Eau de Parfum de Lattafa Perfumes \u00e9 uma fragr\u00e2ncia oriental gourmand com Oudh e baunilha.<\/p>\n<p>A nota de topo abre com baunilha, Oudh e notas de especiarias.<\/p>\n<p>Alm\u00edscar, incenso e a\u00e7\u00facar seguem na nota de cora\u00e7\u00e3o.<\/p>\n<p>A base completa o perfume com s\u00e2ndalo, \u00e2mbar e alm\u00edscar.<\/p>\n<p>Um belo perfume oriental, que \u00e9 particularmente eficaz atrav\u00e9s da combina\u00e7\u00e3o de baunilha e notas defumadas.<\/p>\n<p>Principais acordes: amadeirado, bals\u00e2mico, baunilha, Oudh, oriental[\/vc_column_text][vc_single_image image=&#8221;11124&#8243; img_size=&#8221;full&#8221;][vc_column_text]\u2022 Recomenda\u00e7\u00e3o para: mulheres e homens<\/p>\n<p>\u2022 Cont\u00e9m \u00e1lcool desnaturado (halal)<\/p>\n<p>\u2022 Quantidade: 100ml Eau de perfume + 20ml Desodorante (A variedade pode diferir da foto e pode n\u00e3o ser Raghba)<\/p>\n<div>\u2022 Frasco com bico de pulveriza\u00e7\u00e3o<\/div>\n<p>[\/vc_column_text][\/vc_column][vc_column width=&#8221;1\/6&#8243;][\/vc_column][\/vc_row]<\/p>\n<\/div>","protected":false},"excerpt":{"rendered":"<ul>\n<li>Notas de topo:<\/li>\n<li>Notas m\u00e9dias:<\/li>\n<li>Notas b\u00e1sicas:<\/li>\n<li>Duradouro<\/li>\n<li>Produto mais vendido<\/li>\n<li>Eau De Perfume (EDP)<\/li>\n<li>Capacidade: 100ml<\/li>\n<li>Linda garrafa decorada<\/li>\n<li>Produto Original da UEA<\/li>\n<\/ul>\n","protected":false},"featured_media":11116,"comment_status":"open","ping_status":"closed","template":"","meta":[],"product_brand":[],"product_cat":[244,243,280,275],"product_tag":[],"class_list":{"0":"post-17296","1":"product","2":"type-product","3":"status-publish","4":"has-post-thumbnail","6":"product_cat-oud-for-women-pt-br","7":"product_cat-oud-prfume-pt-br-2","8":"product_cat-oud-for-men-pt-br","9":"product_cat-oud-unisex-pt-br","10":"product_shipping_class-1-pt-br","12":"first","13":"instock","14":"sale","15":"shipping-taxable","16":"purchasable","17":"product-type-simple"},"supplier_id":null,"supplier_sku":"","barcode":null,"atum_controlled":true,"out_stock_date":null,"out_stock_threshold":null,"inheritable":false,"inbound_stock":0,"stock_on_hold":0,"sold_today":0,"sales_last_days":0,"reserved_stock":0,"customer_returns":0,"warehouse_damage":0,"lost_in_post":0,"other_logs":0,"out_stock_days":0,"lost_sales":0,"has_location":false,"update_date":"2026-05-05T00:45:17","atum_locations":[],"atum_stock_status":"instock","restock_status":false,"low_stock_amount":"","sales_update_date":"2026-05-05T00:45:17","calc_backorders":null,"_links":{"self":[{"href":"https:\/\/myroyalmarket.com\/pt-br\/wp-json\/wp\/v2\/product\/17296","targetHints":{"allow":["GET"]}}],"collection":[{"href":"https:\/\/myroyalmarket.com\/pt-br\/wp-json\/wp\/v2\/product"}],"about":[{"href":"https:\/\/myroyalmarket.com\/pt-br\/wp-json\/wp\/v2\/types\/product"}],"replies":[{"embeddable":true,"href":"https:\/\/myroyalmarket.com\/pt-br\/wp-json\/wp\/v2\/comments?post=17296"}],"wp:featuredmedia":[{"embeddable":true,"href":"https:\/\/myroyalmarket.com\/pt-br\/wp-json\/wp\/v2\/media\/11116"}],"wp:attachment":[{"href":"https:\/\/myroyalmarket.com\/pt-br\/wp-json\/wp\/v2\/media?parent=17296"}],"wp:term":[{"taxonomy":"product_brand","embeddable":true,"href":"https:\/\/myroyalmarket.com\/pt-br\/wp-json\/wp\/v2\/product_brand?post=17296"},{"taxonomy":"product_cat","embeddable":true,"href":"https:\/\/myroyalmarket.com\/pt-br\/wp-json\/wp\/v2\/product_cat?post=17296"},{"taxonomy":"product_tag","embeddable":true,"href":"https:\/\/myroyalmarket.com\/pt-br\/wp-json\/wp\/v2\/product_tag?post=17296"}],"curies":[{"name":"wp","href":"https:\/\/api.w.org\/{rel}","templated":true}]}}