{"id":17313,"date":"2020-10-28T08:28:47","date_gmt":"2022-03-27T09:45:07","guid":{"rendered":"https:\/\/www.my-damas.com\/product\/24-carat-pure-gold-oud-perfume-for-men-and-women\/"},"modified":"2023-03-28T10:27:18","modified_gmt":"2023-03-28T10:27:18","slug":"24-carat-pure-gold-oud-perfume-for-men-and-women","status":"publish","type":"product","link":"https:\/\/myroyalmarket.com\/pt-br\/produto\/24-carat-pure-gold-oud-perfume-for-men-and-women\/","title":{"rendered":"Lattafa Perfumes, perfume Oud de ouro puro de 24 quilates para homens e mulheres"},"content":{"rendered":"<div class=\"wpb-content-wrapper\"><p>[vc_row][vc_column width=&#8221;1\/6&#8243;][\/vc_column][vc_column width=&#8221;2\/3&#8243;][vc_column_text]<\/p>\n<h2>Perfume 24 quilates Pure Gold Eau de Parfum da Lattafa Perfumes<\/h2>\n<p>Perfume 24 Carat Pure Gold Eau de Parfum de Lattafa Perfumes \u00e9 um perfume oriental com uma combina\u00e7\u00e3o cl\u00e1ssica de Oudh, rosas e baunilha. No entanto, o perfume se destaca da multid\u00e3o porque combina com sucesso tons suaves com fragr\u00e2ncias escuras e dominantes.<\/p>\n<p>A nota de topo abre com Oudh, a\u00e7afr\u00e3o e canela e \u00e9 relativamente forte.<\/p>\n<p>Rosas e s\u00e2ndalo na nota de cora\u00e7\u00e3o d\u00e3o mais suavidade \u00e0 fragr\u00e2ncia.<\/p>\n<p>A base tem um acabamento cheio, cremoso-\u00e1spero e esfuma\u00e7ado com alm\u00edscar, couro, baunilha, \u00e2mbar e incenso.<\/p>\n<p>24 Carat Pure Gold n\u00e3o \u00e9 uma fragr\u00e2ncia leve, mas um poderoso perfume \u00e1rabe Attar que se destaca por sua longa vida \u00fatil. Embora seja excelente como perfume unissex, n\u00f3s o atribu\u00edmos ao lado masculino.<\/p>\n<p>O perfume \u00e9 ideal para o lazer ou a noite.<\/p>\n<p>&nbsp;<\/p>\n<p>Principais acordes: picante quente, bals\u00e2mico, couro, Oudh, esfuma\u00e7ado[\/vc_column_text][vc_column_text]Recomenda\u00e7\u00e3o para: mulheres e homens<\/p>\n<p>\u2022 Cont\u00e9m \u00e1lcool desnaturado (halal)<\/p>\n<p>\u2022 Quantidade: 100ml Eau de perfume<\/p>\n<div>\u2022 Frasco com bico de pulveriza\u00e7\u00e3o<\/div>\n<p>[\/vc_column_text][\/vc_column][vc_column width=&#8221;1\/6&#8243;][\/vc_column][\/vc_row]<\/p>\n<\/div>","protected":false},"excerpt":{"rendered":"<ul>\n<li>Notas de topo: Oudh, a\u00e7afr\u00e3o, canela<\/li>\n<li>Notas m\u00e9dias: rosas, s\u00e2ndalo<\/li>\n<li>Notas de fundo: alm\u00edscar, incenso, baunilha, \u00e2mbar, couro<\/li>\n<li>Duradouro<\/li>\n<li>Produto mais vendido<\/li>\n<li>Eau De Perfume (EDP)<\/li>\n<li>Capacidade: 100ml<\/li>\n<li>Linda garrafa decorada<\/li>\n<li>Recomenda\u00e7\u00e3o para: mulheres e homens<\/li>\n<li>Produto Original da UEA<\/li>\n<\/ul>\n","protected":false},"featured_media":11096,"comment_status":"open","ping_status":"closed","template":"","meta":[],"product_brand":[],"product_cat":[244,243,280,275],"product_tag":[],"class_list":{"0":"post-17313","1":"product","2":"type-product","3":"status-publish","4":"has-post-thumbnail","6":"product_cat-oud-for-women-pt-br","7":"product_cat-oud-prfume-pt-br-2","8":"product_cat-oud-for-men-pt-br","9":"product_cat-oud-unisex-pt-br","10":"product_shipping_class-1-pt-br","12":"first","13":"instock","14":"sale","15":"shipping-taxable","16":"purchasable","17":"product-type-simple"},"supplier_id":null,"supplier_sku":"","barcode":null,"atum_controlled":true,"out_stock_date":null,"out_stock_threshold":null,"inheritable":false,"inbound_stock":0,"stock_on_hold":2,"sold_today":0,"sales_last_days":0,"reserved_stock":0,"customer_returns":0,"warehouse_damage":0,"lost_in_post":0,"other_logs":0,"out_stock_days":0,"lost_sales":0,"has_location":false,"update_date":"2026-05-05T00:45:10","atum_locations":[],"atum_stock_status":"instock","restock_status":false,"low_stock_amount":"","sales_update_date":"2026-05-05T00:45:10","calc_backorders":null,"_links":{"self":[{"href":"https:\/\/myroyalmarket.com\/pt-br\/wp-json\/wp\/v2\/product\/17313","targetHints":{"allow":["GET"]}}],"collection":[{"href":"https:\/\/myroyalmarket.com\/pt-br\/wp-json\/wp\/v2\/product"}],"about":[{"href":"https:\/\/myroyalmarket.com\/pt-br\/wp-json\/wp\/v2\/types\/product"}],"replies":[{"embeddable":true,"href":"https:\/\/myroyalmarket.com\/pt-br\/wp-json\/wp\/v2\/comments?post=17313"}],"wp:featuredmedia":[{"embeddable":true,"href":"https:\/\/myroyalmarket.com\/pt-br\/wp-json\/wp\/v2\/media\/11096"}],"wp:attachment":[{"href":"https:\/\/myroyalmarket.com\/pt-br\/wp-json\/wp\/v2\/media?parent=17313"}],"wp:term":[{"taxonomy":"product_brand","embeddable":true,"href":"https:\/\/myroyalmarket.com\/pt-br\/wp-json\/wp\/v2\/product_brand?post=17313"},{"taxonomy":"product_cat","embeddable":true,"href":"https:\/\/myroyalmarket.com\/pt-br\/wp-json\/wp\/v2\/product_cat?post=17313"},{"taxonomy":"product_tag","embeddable":true,"href":"https:\/\/myroyalmarket.com\/pt-br\/wp-json\/wp\/v2\/product_tag?post=17313"}],"curies":[{"name":"wp","href":"https:\/\/api.w.org\/{rel}","templated":true}]}}