{"id":17323,"date":"2020-10-28T08:28:47","date_gmt":"2022-03-27T16:04:57","guid":{"rendered":"https:\/\/www.my-damas.com\/product\/oud-malezee-perfume-100-ml-for-men-and-women\/"},"modified":"2022-03-28T19:37:50","modified_gmt":"2022-03-28T19:37:50","slug":"oud-malezee-perfume-100-ml-for-men-and-women","status":"publish","type":"product","link":"https:\/\/myroyalmarket.com\/pt-br\/produto\/oud-malezee-perfume-100-ml-for-men-and-women\/","title":{"rendered":"Perfumes Ard Al Zaafaran, perfume Oud Malezee 100 ml Para homens e mulheres"},"content":{"rendered":"<div class=\"wpb-content-wrapper\"><p>[vc_row][vc_column width=&#8221;1\/6&#8243;][\/vc_column][vc_column width=&#8221;2\/3&#8243;][vc_column_text]<\/p>\n<h2>Perfume Oud Malezee de Ard Al Zaafaran Eau de Parfume<\/h2>\n<div>Perfume Oud Malezee Eau de Parfum de Ard Al Zaafaran \u00e9 uma fragr\u00e2ncia cremosa e amadeirada com Oudh e s\u00e2ndalo.<\/div>\n<div><\/div>\n<div>\n<div>Uma nota de topo suave e picante de canela, especiarias, alcaravia, s\u00e2ndalo e benjoim abre o perfume.<\/div>\n<div>A nota de cora\u00e7\u00e3o forma notas florais de rosa, jasmim e Ylang-Ylang.<\/div>\n<div>Alm\u00edscar, s\u00e2ndalo, Oudh e cedro completam a fragr\u00e2ncia na base, calma, amadeirada e elegante.<\/div>\n<div><\/div>\n<div>Um perfume lindamente equilibrado, cremoso, amadeirado e dormente, cheio de eleg\u00e2ncia. S\u00e2ndalo delicado com notas florais subliminares e Oudh amadeirado se combinam para criar uma fragr\u00e2ncia leve e amadeirada com um calor e suavidade agradavelmente lisonjeiros. O perfume \u00e9 ideal para qualquer ocasi\u00e3o.<\/div>\n<\/div>\n<div><\/div>\n<div>Principais acordes: arom\u00e1tico, s\u00e2ndalo, suave, cremoso, amadeirado, picante, bals\u00e2mico<\/div>\n<p>[\/vc_column_text][vc_column_text]<\/p>\n<div>\u2022 Recomenda\u00e7\u00e3o: Para mulheres e homens<\/div>\n<div>\u2022 Cont\u00e9m \u00e1lcool desnaturado (halal)<\/div>\n<div>\u2022 Quantidade: 100ml Eau de perfume<\/div>\n<div>\u2022 Frasco com bico de pulveriza\u00e7\u00e3o<\/div>\n<div>\u2022 Fabricante: Ard Al Zaafaran<\/div>\n<p>[\/vc_column_text][\/vc_column][vc_column width=&#8221;1\/6&#8243;][\/vc_column][\/vc_row]<\/p>\n<\/div>","protected":false},"excerpt":{"rendered":"<ul>\n<li>Notas de topo: canela, especiarias, alcaravia, s\u00e2ndalo, benjoim<\/li>\n<li>Notas m\u00e9dias: rosa, jasmim e ylang-ylang<\/li>\n<li>Notas de fundo: alm\u00edscar, s\u00e2ndalo, Oudh, cedro<\/li>\n<li>Duradouro<\/li>\n<li>Produto mais vendido<\/li>\n<li>Eau De Perfume (EDP)<\/li>\n<li>Capacidade: 100ml<\/li>\n<li>Linda garrafa decorada<\/li>\n<li>Produto Original da UEA<\/li>\n<li>Para mulheres e homens<\/li>\n<\/ul>\n","protected":false},"featured_media":11060,"comment_status":"open","ping_status":"closed","template":"","meta":[],"product_brand":[],"product_cat":[244,243,280,275],"product_tag":[],"class_list":{"0":"post-17323","1":"product","2":"type-product","3":"status-publish","4":"has-post-thumbnail","6":"product_cat-oud-for-women-pt-br","7":"product_cat-oud-prfume-pt-br-2","8":"product_cat-oud-for-men-pt-br","9":"product_cat-oud-unisex-pt-br","10":"product_shipping_class-1-pt-br","12":"first","13":"instock","14":"sale","15":"shipping-taxable","16":"purchasable","17":"product-type-simple"},"supplier_id":null,"supplier_sku":"","barcode":null,"atum_controlled":true,"out_stock_date":null,"out_stock_threshold":null,"inheritable":false,"inbound_stock":0,"stock_on_hold":0,"sold_today":0,"sales_last_days":0,"reserved_stock":0,"customer_returns":0,"warehouse_damage":0,"lost_in_post":0,"other_logs":0,"out_stock_days":0,"lost_sales":0,"has_location":false,"update_date":"2026-01-26T02:42:43","atum_locations":[],"atum_stock_status":"instock","restock_status":false,"low_stock_amount":"","sales_update_date":"2026-01-26T02:42:43","calc_backorders":null,"_links":{"self":[{"href":"https:\/\/myroyalmarket.com\/pt-br\/wp-json\/wp\/v2\/product\/17323","targetHints":{"allow":["GET"]}}],"collection":[{"href":"https:\/\/myroyalmarket.com\/pt-br\/wp-json\/wp\/v2\/product"}],"about":[{"href":"https:\/\/myroyalmarket.com\/pt-br\/wp-json\/wp\/v2\/types\/product"}],"replies":[{"embeddable":true,"href":"https:\/\/myroyalmarket.com\/pt-br\/wp-json\/wp\/v2\/comments?post=17323"}],"wp:featuredmedia":[{"embeddable":true,"href":"https:\/\/myroyalmarket.com\/pt-br\/wp-json\/wp\/v2\/media\/11060"}],"wp:attachment":[{"href":"https:\/\/myroyalmarket.com\/pt-br\/wp-json\/wp\/v2\/media?parent=17323"}],"wp:term":[{"taxonomy":"product_brand","embeddable":true,"href":"https:\/\/myroyalmarket.com\/pt-br\/wp-json\/wp\/v2\/product_brand?post=17323"},{"taxonomy":"product_cat","embeddable":true,"href":"https:\/\/myroyalmarket.com\/pt-br\/wp-json\/wp\/v2\/product_cat?post=17323"},{"taxonomy":"product_tag","embeddable":true,"href":"https:\/\/myroyalmarket.com\/pt-br\/wp-json\/wp\/v2\/product_tag?post=17323"}],"curies":[{"name":"wp","href":"https:\/\/api.w.org\/{rel}","templated":true}]}}