{"id":17329,"date":"2020-10-28T08:28:46","date_gmt":"2022-03-27T16:12:59","guid":{"rendered":"https:\/\/www.my-damas.com\/product\/lil-shabaab-faqat-oud-100ml-for-men\/"},"modified":"2022-10-04T15:28:22","modified_gmt":"2022-10-04T15:28:22","slug":"lil-shabaab-faqat-oud-100ml-for-men","status":"publish","type":"product","link":"https:\/\/myroyalmarket.com\/pt-br\/produto\/lil-shabaab-faqat-oud-100ml-for-men\/","title":{"rendered":"Lil Shabaab Faqat (Oud) 100ml for Men por Ard Al Zaafaran Perfumes"},"content":{"rendered":"<div class=\"wpb-content-wrapper\"><p>[vc_row][vc_column width=&#8221;1\/6&#8243;][\/vc_column][vc_column width=&#8221;2\/3&#8243;][vc_column_text]<\/p>\n<h2>Perfume Lil Shabaab Faqat Eau De Parfum de Ard Al Zaafaran<\/h2>\n<div>Perfume Lil Shabaab Faqat Eau de Parfum de Ard Al Zaafaran \u00e9 uma fragr\u00e2ncia masculina oriental que se caracteriza por um agrad\u00e1vel tempero.<\/div>\n<div><\/div>\n<div>Canela, noz-moscada e mel formam a abertura, seguida de alm\u00edscar branco, notas amadeiradas e Oudh no cora\u00e7\u00e3o e nas notas de fundo.<\/div>\n<div><\/div>\n<div>Um perfume cheio de autoconfian\u00e7a e eleg\u00e2ncia discreta e masculina.<\/div>\n<div><\/div>\n<div><strong>Principais acordes:<\/strong> oriental, especiado, alm\u00edscar branco, amadeirado<\/div>\n<p>[\/vc_column_text][vc_column_text]<\/p>\n<div>\n<div>\u2022 Adequado para: homens<\/div>\n<\/div>\n<div>\u2022 Cont\u00e9m \u00e1lcool desnaturado (halal)<\/div>\n<div>\u2022 Quantidade: 100ml<\/div>\n<div>\u2022 Frasco com bico de pulveriza\u00e7\u00e3o<\/div>\n<div>\u2022 Fabricante: Ard Al Zaafaran<\/div>\n<p>[\/vc_column_text][\/vc_column][vc_column width=&#8221;1\/6&#8243;][\/vc_column][\/vc_row]<\/p>\n<\/div>","protected":false},"excerpt":{"rendered":"<ul>\n<li>Notas de topo: canela, noz-moscada, mel<\/li>\n<li>Notas m\u00e9dias: alm\u00edscar branco, madeiras, Oudh<\/li>\n<li>Notas de fundo: alm\u00edscar branco, madeiras, Oudh<\/li>\n<li>Duradouro at\u00e9 6 horas<\/li>\n<li>Produto mais vendido<\/li>\n<li>Eau De Perfume (EDP)<\/li>\n<li>Capacidade: 100ml<\/li>\n<li>Linda garrafa decorada<\/li>\n<li>Produto Original da UEA<\/li>\n<\/ul>\n","protected":false},"featured_media":11272,"comment_status":"open","ping_status":"closed","template":"","meta":[],"product_brand":[],"product_cat":[243,280],"product_tag":[],"class_list":{"0":"post-17329","1":"product","2":"type-product","3":"status-publish","4":"has-post-thumbnail","6":"product_cat-oud-prfume-pt-br-2","7":"product_cat-oud-for-men-pt-br","8":"product_shipping_class-1-pt-br","10":"first","11":"instock","12":"sale","13":"shipping-taxable","14":"purchasable","15":"product-type-simple"},"supplier_id":null,"supplier_sku":"","barcode":null,"atum_controlled":true,"out_stock_date":null,"out_stock_threshold":null,"inheritable":false,"inbound_stock":0,"stock_on_hold":0,"sold_today":0,"sales_last_days":0,"reserved_stock":0,"customer_returns":0,"warehouse_damage":0,"lost_in_post":0,"other_logs":0,"out_stock_days":0,"lost_sales":0,"has_location":false,"update_date":"2026-05-05T00:45:16","atum_locations":[],"atum_stock_status":"instock","restock_status":false,"low_stock_amount":"","sales_update_date":"2026-05-05T00:45:16","calc_backorders":null,"_links":{"self":[{"href":"https:\/\/myroyalmarket.com\/pt-br\/wp-json\/wp\/v2\/product\/17329","targetHints":{"allow":["GET"]}}],"collection":[{"href":"https:\/\/myroyalmarket.com\/pt-br\/wp-json\/wp\/v2\/product"}],"about":[{"href":"https:\/\/myroyalmarket.com\/pt-br\/wp-json\/wp\/v2\/types\/product"}],"replies":[{"embeddable":true,"href":"https:\/\/myroyalmarket.com\/pt-br\/wp-json\/wp\/v2\/comments?post=17329"}],"wp:featuredmedia":[{"embeddable":true,"href":"https:\/\/myroyalmarket.com\/pt-br\/wp-json\/wp\/v2\/media\/11272"}],"wp:attachment":[{"href":"https:\/\/myroyalmarket.com\/pt-br\/wp-json\/wp\/v2\/media?parent=17329"}],"wp:term":[{"taxonomy":"product_brand","embeddable":true,"href":"https:\/\/myroyalmarket.com\/pt-br\/wp-json\/wp\/v2\/product_brand?post=17329"},{"taxonomy":"product_cat","embeddable":true,"href":"https:\/\/myroyalmarket.com\/pt-br\/wp-json\/wp\/v2\/product_cat?post=17329"},{"taxonomy":"product_tag","embeddable":true,"href":"https:\/\/myroyalmarket.com\/pt-br\/wp-json\/wp\/v2\/product_tag?post=17329"}],"curies":[{"name":"wp","href":"https:\/\/api.w.org\/{rel}","templated":true}]}}