{"id":17368,"date":"2020-10-28T08:28:47","date_gmt":"2022-03-31T19:34:59","guid":{"rendered":"https:\/\/www.my-damas.com\/product\/sheikh-al-oud-perfume-100ml-for-men-and-women\/"},"modified":"2022-03-31T19:35:14","modified_gmt":"2022-03-31T19:35:14","slug":"sheikh-al-oud-perfume-100ml-for-men-and-women","status":"publish","type":"product","link":"https:\/\/myroyalmarket.com\/pt-br\/produto\/sheikh-al-oud-perfume-100ml-for-men-and-women\/","title":{"rendered":"Sheikh Al Oud perfume 100ML For Men por Ard Al Zaafaran Perfumes"},"content":{"rendered":"<div class=\"wpb-content-wrapper\"><p>[vc_row][vc_column width=&#8221;1\/6&#8243;][\/vc_column][vc_column width=&#8221;2\/3&#8243;][vc_column_text]<\/p>\n<h2>Sheikh Al Oud Spray 100ml por Ard Al Zaafaran<\/h2>\n<div>\n<p>O perfume Sheikh Al Oud come\u00e7a com uma nota de topo de oudh cambodi e bergamota.<\/p>\n<p>S\u00e2ndalo, patchouli e \u00e2mbar formam a nota de cora\u00e7\u00e3o, que \u00e9 seguida por uma base de l\u00e1dano, musgo de carvalho e cedro.<\/p>\n<p>Um maravilhoso perfume oriental amadeirado imbu\u00eddo de aromas de Oudh e s\u00e2ndalo.<\/p>\n<p>Principais acordes: Oudh, amadeirado, oriental.<\/p>\n<\/div>\n<p>[\/vc_column_text][vc_column_text]<\/p>\n<div>\n<div>\n<p>\u2022 Recomenda\u00e7\u00e3o: homens<\/p>\n<p>\u2022 Dimens\u00f5es: 5cm de largura, 8cm de altura, 0,7cm de espessura<\/p>\n<\/div>\n<div>\u2022 Quantidade: 100ml<\/div>\n<\/div>\n<div><\/div>\n<div>\n<p>\u2022 Frasco com bico de pulveriza\u00e7\u00e3o<\/p>\n<p>\u2022 Fabricante: Ard Al Zaafaran<\/p>\n<\/div>\n<p>[\/vc_column_text][\/vc_column][vc_column width=&#8221;1\/6&#8243;][\/vc_column][\/vc_row]<\/p>\n<\/div>","protected":false},"excerpt":{"rendered":"<ul>\n<li>Notas de topo: Oudh cambodi, bergamota<\/li>\n<li>Notas m\u00e9dias: s\u00e2ndalo, patchouli, \u00e2mbar<\/li>\n<li>Notas de fundo: l\u00e1dano, cedro, musgo de carvalho<\/li>\n<li>Duradouro<\/li>\n<li>Produto mais vendido<\/li>\n<li>Eau De Perfume (EDP)<\/li>\n<li>Capacidade: 100ml<\/li>\n<li>Linda garrafa decorada<\/li>\n<li>Produto Original da UEA<\/li>\n<\/ul>\n","protected":false},"featured_media":11160,"comment_status":"open","ping_status":"closed","template":"","meta":[],"product_brand":[],"product_cat":[243,280],"product_tag":[],"class_list":{"0":"post-17368","1":"product","2":"type-product","3":"status-publish","4":"has-post-thumbnail","6":"product_cat-oud-prfume-pt-br-2","7":"product_cat-oud-for-men-pt-br","8":"product_shipping_class-1-pt-br","10":"first","11":"instock","12":"sale","13":"shipping-taxable","14":"purchasable","15":"product-type-simple"},"supplier_id":null,"supplier_sku":"","barcode":null,"atum_controlled":true,"out_stock_date":null,"out_stock_threshold":null,"inheritable":false,"inbound_stock":0,"stock_on_hold":0,"sold_today":0,"sales_last_days":0,"reserved_stock":0,"customer_returns":0,"warehouse_damage":0,"lost_in_post":0,"other_logs":0,"out_stock_days":0,"lost_sales":0,"has_location":false,"update_date":"2026-05-05T00:45:19","atum_locations":[],"atum_stock_status":"instock","restock_status":false,"low_stock_amount":"","sales_update_date":"2026-05-05T00:45:19","calc_backorders":null,"_links":{"self":[{"href":"https:\/\/myroyalmarket.com\/pt-br\/wp-json\/wp\/v2\/product\/17368","targetHints":{"allow":["GET"]}}],"collection":[{"href":"https:\/\/myroyalmarket.com\/pt-br\/wp-json\/wp\/v2\/product"}],"about":[{"href":"https:\/\/myroyalmarket.com\/pt-br\/wp-json\/wp\/v2\/types\/product"}],"replies":[{"embeddable":true,"href":"https:\/\/myroyalmarket.com\/pt-br\/wp-json\/wp\/v2\/comments?post=17368"}],"wp:featuredmedia":[{"embeddable":true,"href":"https:\/\/myroyalmarket.com\/pt-br\/wp-json\/wp\/v2\/media\/11160"}],"wp:attachment":[{"href":"https:\/\/myroyalmarket.com\/pt-br\/wp-json\/wp\/v2\/media?parent=17368"}],"wp:term":[{"taxonomy":"product_brand","embeddable":true,"href":"https:\/\/myroyalmarket.com\/pt-br\/wp-json\/wp\/v2\/product_brand?post=17368"},{"taxonomy":"product_cat","embeddable":true,"href":"https:\/\/myroyalmarket.com\/pt-br\/wp-json\/wp\/v2\/product_cat?post=17368"},{"taxonomy":"product_tag","embeddable":true,"href":"https:\/\/myroyalmarket.com\/pt-br\/wp-json\/wp\/v2\/product_tag?post=17368"}],"curies":[{"name":"wp","href":"https:\/\/api.w.org\/{rel}","templated":true}]}}