{"id":17678,"date":"2022-04-30T09:09:06","date_gmt":"2022-04-30T09:09:06","guid":{"rendered":"https:\/\/www.my-damas.com\/product\/aaz-al-nas-oud-perfume-80ml-for-women\/"},"modified":"2022-04-30T09:09:09","modified_gmt":"2022-04-30T09:09:09","slug":"aaz-al-nas-oud-perfume-80ml-for-women","status":"publish","type":"product","link":"https:\/\/myroyalmarket.com\/pt-br\/produto\/aaz-al-nas-oud-perfume-80ml-for-women\/","title":{"rendered":"Aaz Al Nas Oud Perfume 80ml para Mulheres de Ard Al Zaafaran"},"content":{"rendered":"<div class=\"wpb-content-wrapper\"><p>[vc_row][vc_column width=&#8221;1\/6&#8243;][\/vc_column][vc_column width=&#8221;2\/3&#8243;][vc_column_text]AAZ AL NAS<\/p>\n<p>Rica e ex\u00f3tica, esta fragr\u00e2ncia re\u00fane a rara bergamota italiana com o cheiro forte do gengibre. A fragr\u00e2ncia ent\u00e3o d\u00e1 lugar a um buqu\u00ea de fragr\u00e2ncias florais delicadas e, em seguida, a uma s\u00e9rie de tons almiscarados profundos que s\u00e3o misturados com Baunilha.[\/vc_column_text][\/vc_column][vc_column width=&#8221;1\/6&#8243;][\/vc_column][\/vc_row]<\/p>\n<\/div>","protected":false},"excerpt":{"rendered":"<ul>\n<li>Notas de topo: Bergamota, Gengibre<\/li>\n<li>Notas m\u00e9dias: Rosa Damascena, Ger\u00e2nio, Violeta<\/li>\n<li>Notas de fundo: S\u00e2ndalo, Baunilha, Alm\u00edscar, Patchouli, A\u00e7afr\u00e3o<\/li>\n<li>FAM\u00cdLIA OLFATIVA: C\u00edtrico- Floral- Amadeirado<\/li>\n<li>Duradouro<\/li>\n<li>Produto mais vendido<\/li>\n<li>Eau De Perfume (EDP)<\/li>\n<li>Capacidade: 100ml<\/li>\n<li>Linda garrafa decorada<\/li>\n<li>Produto Original da UEA<\/li>\n<\/ul>\n","protected":false},"featured_media":11224,"comment_status":"open","ping_status":"closed","template":"","meta":[],"product_brand":[],"product_cat":[244,243],"product_tag":[],"class_list":{"0":"post-17678","1":"product","2":"type-product","3":"status-publish","4":"has-post-thumbnail","6":"product_cat-oud-for-women-pt-br","7":"product_cat-oud-prfume-pt-br-2","8":"product_shipping_class-1-pt-br","10":"first","11":"outofstock","12":"sale","13":"shipping-taxable","14":"purchasable","15":"product-type-simple"},"supplier_id":null,"supplier_sku":"","barcode":null,"atum_controlled":true,"out_stock_date":null,"out_stock_threshold":null,"inheritable":false,"inbound_stock":0,"stock_on_hold":0,"sold_today":0,"sales_last_days":0,"reserved_stock":0,"customer_returns":0,"warehouse_damage":0,"lost_in_post":0,"other_logs":0,"out_stock_days":0,"lost_sales":0,"has_location":false,"update_date":"2026-05-05T00:45:28","atum_locations":[],"atum_stock_status":"outofstock","restock_status":false,"low_stock_amount":"","sales_update_date":"2026-05-05T00:45:28","calc_backorders":null,"_links":{"self":[{"href":"https:\/\/myroyalmarket.com\/pt-br\/wp-json\/wp\/v2\/product\/17678","targetHints":{"allow":["GET"]}}],"collection":[{"href":"https:\/\/myroyalmarket.com\/pt-br\/wp-json\/wp\/v2\/product"}],"about":[{"href":"https:\/\/myroyalmarket.com\/pt-br\/wp-json\/wp\/v2\/types\/product"}],"replies":[{"embeddable":true,"href":"https:\/\/myroyalmarket.com\/pt-br\/wp-json\/wp\/v2\/comments?post=17678"}],"wp:featuredmedia":[{"embeddable":true,"href":"https:\/\/myroyalmarket.com\/pt-br\/wp-json\/wp\/v2\/media\/11224"}],"wp:attachment":[{"href":"https:\/\/myroyalmarket.com\/pt-br\/wp-json\/wp\/v2\/media?parent=17678"}],"wp:term":[{"taxonomy":"product_brand","embeddable":true,"href":"https:\/\/myroyalmarket.com\/pt-br\/wp-json\/wp\/v2\/product_brand?post=17678"},{"taxonomy":"product_cat","embeddable":true,"href":"https:\/\/myroyalmarket.com\/pt-br\/wp-json\/wp\/v2\/product_cat?post=17678"},{"taxonomy":"product_tag","embeddable":true,"href":"https:\/\/myroyalmarket.com\/pt-br\/wp-json\/wp\/v2\/product_tag?post=17678"}],"curies":[{"name":"wp","href":"https:\/\/api.w.org\/{rel}","templated":true}]}}