{"id":17703,"date":"2020-10-28T08:28:46","date_gmt":"2022-04-30T18:23:53","guid":{"rendered":"https:\/\/www.my-damas.com\/product\/ahlam-al-khaleej-oud-perfume-80-for-men-and-women\/"},"modified":"2025-04-21T23:48:39","modified_gmt":"2025-04-21T15:48:39","slug":"ahlam-al-khaleej-oud-perfume-80-for-men-and-women","status":"publish","type":"product","link":"https:\/\/myroyalmarket.com\/pt-br\/produto\/ahlam-al-khaleej-oud-perfume-80-for-men-and-women\/","title":{"rendered":"Ahlam Al Khaleej Oud Perfume 80ml Para Homens e Mulheres por Ard Al Zaafaran Perfumes"},"content":{"rendered":"<div class=\"wpb-content-wrapper\"><p>[vc_row][vc_column width=&#8221;1\/6&#8243;][\/vc_column][vc_column width=&#8221;2\/3&#8243;][vc_column_text]<\/p>\n<h4 class=\"block-title \"><span style=\"font-size: 24px;\">Perfume Ahlam Al Khaleej Eau de Parfum de Ard Al Zaafaran<\/span><\/h4>\n<div class=\"content block-content active\">\n<div class=\"divproductlongtext\">\n<p>Ahlam Al Khaleej Eau de Parfum de Ard Al Zaafaran \u00e9 uma fragr\u00e2ncia poderosa e din\u00e2mica para homens.<\/p>\n<p>Uma nota de topo fresca e cintilante abre o perfume com bergamota, groselha preta, a\u00e7afr\u00e3o seco e pimenta picante.<\/p>\n<p>Ylang-Ylang, rosas e jasmim formam o cora\u00e7\u00e3o floral, seguido de b\u00e9tula, patchouli e alm\u00edscar na base final.<\/p>\n<p>Um perfume masculino sofisticado \u00e9 cheio de poder e energia masculinos.<\/p>\n<p>A embalagem combina com a nobre fragr\u00e2ncia &#8211; uma caixa articulada com imita\u00e7\u00e3o de couro forrada com tecido veludo.<\/p>\n<p>Principais acordes: amadeirado, fresco, especiado, alm\u00edscar<\/p>\n<\/div>\n<\/div>\n<p>[\/vc_column_text][vc_column_text]\u2022 Recomenda\u00e7\u00e3o para: homens<\/p>\n<p>\u2022 Cont\u00e9m \u00e1lcool desnaturado (halal)<\/p>\n<p>\u2022 Quantidade: 80ml<\/p>\n<div>\u2022 Frasco com bico de pulveriza\u00e7\u00e3o<\/div>\n<div><\/div>\n<div>\u2022 Fabricante: Ard Al Zaafaran<\/div>\n<p>[\/vc_column_text][\/vc_column][vc_column width=&#8221;1\/6&#8243;][\/vc_column][\/vc_row]<\/p>\n<\/div>","protected":false},"excerpt":{"rendered":"<ul>\n<li>Notas de topo: bergamota, groselha preta, a\u00e7afr\u00e3o, pimenta<\/li>\n<li>Notas m\u00e9dias: rosas, jasmim, ylang-ylang<\/li>\n<li>Notas de fundo: madeira de b\u00e9tula, patchouli, alm\u00edscar<\/li>\n<li>Fabricante: Ard Al Zafraan<\/li>\n<li>Tamanho 80ml<\/li>\n<li>G\u00eanero Unissex<\/li>\n<li>Linda garrafa decorada<\/li>\n<li>Produto Original da UEA<\/li>\n<\/ul>\n","protected":false},"featured_media":11588,"comment_status":"open","ping_status":"closed","template":"","meta":[],"product_brand":[],"product_cat":[244,243,280,275],"product_tag":[],"class_list":{"0":"post-17703","1":"product","2":"type-product","3":"status-publish","4":"has-post-thumbnail","6":"product_cat-oud-for-women-pt-br","7":"product_cat-oud-prfume-pt-br-2","8":"product_cat-oud-for-men-pt-br","9":"product_cat-oud-unisex-pt-br","10":"product_shipping_class-1-pt-br","12":"first","13":"instock","14":"sale","15":"shipping-taxable","16":"purchasable","17":"product-type-simple"},"supplier_id":null,"supplier_sku":"","barcode":null,"atum_controlled":true,"out_stock_date":null,"out_stock_threshold":null,"inheritable":false,"inbound_stock":0,"stock_on_hold":1,"sold_today":0,"sales_last_days":0,"reserved_stock":0,"customer_returns":0,"warehouse_damage":0,"lost_in_post":0,"other_logs":0,"out_stock_days":0,"lost_sales":0,"has_location":false,"update_date":"2026-03-30T09:39:58","atum_locations":[],"atum_stock_status":"instock","restock_status":false,"low_stock_amount":"","sales_update_date":"2026-03-30T09:39:58","calc_backorders":null,"_links":{"self":[{"href":"https:\/\/myroyalmarket.com\/pt-br\/wp-json\/wp\/v2\/product\/17703","targetHints":{"allow":["GET"]}}],"collection":[{"href":"https:\/\/myroyalmarket.com\/pt-br\/wp-json\/wp\/v2\/product"}],"about":[{"href":"https:\/\/myroyalmarket.com\/pt-br\/wp-json\/wp\/v2\/types\/product"}],"replies":[{"embeddable":true,"href":"https:\/\/myroyalmarket.com\/pt-br\/wp-json\/wp\/v2\/comments?post=17703"}],"wp:featuredmedia":[{"embeddable":true,"href":"https:\/\/myroyalmarket.com\/pt-br\/wp-json\/wp\/v2\/media\/11588"}],"wp:attachment":[{"href":"https:\/\/myroyalmarket.com\/pt-br\/wp-json\/wp\/v2\/media?parent=17703"}],"wp:term":[{"taxonomy":"product_brand","embeddable":true,"href":"https:\/\/myroyalmarket.com\/pt-br\/wp-json\/wp\/v2\/product_brand?post=17703"},{"taxonomy":"product_cat","embeddable":true,"href":"https:\/\/myroyalmarket.com\/pt-br\/wp-json\/wp\/v2\/product_cat?post=17703"},{"taxonomy":"product_tag","embeddable":true,"href":"https:\/\/myroyalmarket.com\/pt-br\/wp-json\/wp\/v2\/product_tag?post=17703"}],"curies":[{"name":"wp","href":"https:\/\/api.w.org\/{rel}","templated":true}]}}