{"id":17748,"date":"2020-10-28T08:28:42","date_gmt":"2022-05-01T19:52:01","guid":{"rendered":"https:\/\/www.my-damas.com\/product\/ameer-al-shabab-oud-perfume-100ml-for-men-and-women\/"},"modified":"2022-05-01T19:52:09","modified_gmt":"2022-05-01T19:52:09","slug":"ameer-al-shabab-oud-perfume-100ml-for-men-and-women","status":"publish","type":"product","link":"https:\/\/myroyalmarket.com\/pt-br\/produto\/ameer-al-shabab-oud-perfume-100ml-for-men-and-women\/","title":{"rendered":"Ameer Al Shabab Oud Perfume 100ml para mulheres e homens por Ard Al Zaafaran Perfumes"},"content":{"rendered":"<div class=\"wpb-content-wrapper\"><p>[vc_row][vc_column width=&#8221;1\/6&#8243;][\/vc_column][vc_column width=&#8221;2\/3&#8243;][vc_column_text]<\/p>\n<h2>Perfume Ameer Al Shabab Eau de Parfum de Ard Al Zaafaran<\/h2>\n<p>Perfume Ameer Al Shabab Eau de Parfum de Ard Al Zaafaran \u00e9 um perfume oriental especiado-quente para homens e mulheres.<\/p>\n<p>Agradavelmente fresco e frutado, o perfume come\u00e7a com ma\u00e7\u00e3s, p\u00eassego, a\u00e7afr\u00e3o e bergamota na nota de topo.<\/p>\n<p>O perfume lentamente se transforma em notas florais com l\u00edrios do vale, rosas e jasmim na nota de cora\u00e7\u00e3o.<\/p>\n<p>Uma base amadeirada quente termina com \u00e2mbar, cipriol, s\u00e2ndalo, cedro, patchouli, baunilha e alm\u00edscar branco.<\/p>\n<p>Um perfume maravilhoso, elegante, oriental, com uma do\u00e7ura agradavelmente leve, ideal para todas as ocasi\u00f5es.<\/p>\n<p>&nbsp;<\/p>\n<p>Principais acordes: amadeirado, especiado, quente, frutado, oriental[\/vc_column_text][vc_column_text]\u2022 Recomenda\u00e7\u00e3o para: mulheres e homens<\/p>\n<p>\u2022 Cont\u00e9m \u00e1lcool desnaturado (halal)<\/p>\n<p>\u2022 Quantidade: 100ml<\/p>\n<div>\u2022 Frasco com bico de pulveriza\u00e7\u00e3o<\/div>\n<div><\/div>\n<div>\u2022 Fabricante: Ard Al Zaafaran<\/div>\n<p>[\/vc_column_text][\/vc_column][vc_column width=&#8221;1\/6&#8243;][\/vc_column][\/vc_row]<\/p>\n<\/div>","protected":false},"excerpt":{"rendered":"<ul>\n<li>Notas de topo: ma\u00e7\u00e3, p\u00eassego, a\u00e7afr\u00e3o, bergamota<\/li>\n<li>Notas m\u00e9dias: l\u00edrios do vale, rosas, jasmim<\/li>\n<li>Notas de fundo: \u00e2mbar, cipriol, s\u00e2ndalo, cedro, patchouli, baunilha, alm\u00edscar branco<\/li>\n<li>Duradouro at\u00e9 6 horas<\/li>\n<li>Produto mais vendido<\/li>\n<li>Eau De Perfume (EDP)<\/li>\n<li>Capacidade: 100ml<\/li>\n<li>Linda garrafa decorada<\/li>\n<li>Produto Original da UEA<\/li>\n<\/ul>\n","protected":false},"featured_media":11384,"comment_status":"open","ping_status":"closed","template":"","meta":[],"product_brand":[],"product_cat":[244,243,280,275],"product_tag":[],"class_list":{"0":"post-17748","1":"product","2":"type-product","3":"status-publish","4":"has-post-thumbnail","6":"product_cat-oud-for-women-pt-br","7":"product_cat-oud-prfume-pt-br-2","8":"product_cat-oud-for-men-pt-br","9":"product_cat-oud-unisex-pt-br","10":"product_shipping_class-1-pt-br","12":"first","13":"instock","14":"sale","15":"shipping-taxable","16":"purchasable","17":"product-type-simple"},"supplier_id":null,"supplier_sku":"","barcode":null,"atum_controlled":true,"out_stock_date":null,"out_stock_threshold":null,"inheritable":false,"inbound_stock":0,"stock_on_hold":0,"sold_today":0,"sales_last_days":0,"reserved_stock":0,"customer_returns":0,"warehouse_damage":0,"lost_in_post":0,"other_logs":0,"out_stock_days":0,"lost_sales":0,"has_location":false,"update_date":"2026-05-04T16:42:53","atum_locations":[],"atum_stock_status":"instock","restock_status":false,"low_stock_amount":"","sales_update_date":"2026-05-04T16:42:53","calc_backorders":null,"_links":{"self":[{"href":"https:\/\/myroyalmarket.com\/pt-br\/wp-json\/wp\/v2\/product\/17748","targetHints":{"allow":["GET"]}}],"collection":[{"href":"https:\/\/myroyalmarket.com\/pt-br\/wp-json\/wp\/v2\/product"}],"about":[{"href":"https:\/\/myroyalmarket.com\/pt-br\/wp-json\/wp\/v2\/types\/product"}],"replies":[{"embeddable":true,"href":"https:\/\/myroyalmarket.com\/pt-br\/wp-json\/wp\/v2\/comments?post=17748"}],"wp:featuredmedia":[{"embeddable":true,"href":"https:\/\/myroyalmarket.com\/pt-br\/wp-json\/wp\/v2\/media\/11384"}],"wp:attachment":[{"href":"https:\/\/myroyalmarket.com\/pt-br\/wp-json\/wp\/v2\/media?parent=17748"}],"wp:term":[{"taxonomy":"product_brand","embeddable":true,"href":"https:\/\/myroyalmarket.com\/pt-br\/wp-json\/wp\/v2\/product_brand?post=17748"},{"taxonomy":"product_cat","embeddable":true,"href":"https:\/\/myroyalmarket.com\/pt-br\/wp-json\/wp\/v2\/product_cat?post=17748"},{"taxonomy":"product_tag","embeddable":true,"href":"https:\/\/myroyalmarket.com\/pt-br\/wp-json\/wp\/v2\/product_tag?post=17748"}],"curies":[{"name":"wp","href":"https:\/\/api.w.org\/{rel}","templated":true}]}}