{"id":17773,"date":"2020-10-28T08:28:42","date_gmt":"2022-05-01T19:53:29","guid":{"rendered":"https:\/\/www.my-damas.com\/product\/shams-al-emarat-khususi-oud-perfume-100ml-for-men-and-women\/"},"modified":"2022-05-01T19:53:36","modified_gmt":"2022-05-01T19:53:36","slug":"shams-al-emarat-khususi-oud-perfume-100ml-for-men-and-women","status":"publish","type":"product","link":"https:\/\/myroyalmarket.com\/pt-br\/produto\/shams-al-emarat-khususi-oud-perfume-100ml-for-men-and-women\/","title":{"rendered":"Shams Al Emarat Khususi Oud Perfume 100ml para Mulheres e Homens por Ard Al Zaafaran Perfumes"},"content":{"rendered":"<div class=\"wpb-content-wrapper\"><p>[vc_row][vc_column width=&#8221;1\/6&#8243;][\/vc_column][vc_column width=&#8221;2\/3&#8243;][vc_column_text]<\/p>\n<h2>PerfumeShams Al Emarat Khususi Eau de Parfum de Ard Al Zaafaran<\/h2>\n<div>Perfume Shams Al Emarat Khususi Eau de Parfum de Ard Al Zaafaran \u00e9 um perfume quente e ligeiramente escuro com ma\u00e7\u00e3s frutadas e uma deliciosa baunilha.<\/div>\n<div><\/div>\n<div>A nota de cabe\u00e7a abre com notas frutadas de tangerina e ma\u00e7\u00e3 complementadas por baunilha.<\/div>\n<div><\/div>\n<div>A nota de cora\u00e7\u00e3o torna-se mais quente e cheia com rosas, baunilha, especiarias e \u00e2mbar.<\/div>\n<div><\/div>\n<div>S\u00e2ndalo, Oudh, patchouli e alm\u00edscar branco na base formam um acabamento amadeirado e quente-suave.<\/div>\n<div><\/div>\n<div>Uma fragr\u00e2ncia bonita e muito quente que \u00e9 adequada para todas as ocasi\u00f5es.<\/div>\n<div><\/div>\n<div>\n<div>Principais acordes: quente, floral, baunilha, \u00e2mbar<\/div>\n<\/div>\n<div><\/div>\n<p>[\/vc_column_text][vc_column_text]<\/p>\n<div>\n<div>\n<div>\n<div>\n<div>\u2022 Recomenda\u00e7\u00e3o: mulheres e homens<\/div>\n<\/div>\n<\/div>\n<\/div>\n<\/div>\n<div>\u2022 Cont\u00e9m \u00e1lcool desnaturado (halal)<\/div>\n<div>\u2022 Quantidade: 100ml<\/div>\n<div>\u2022 Frasco com bico de pulveriza\u00e7\u00e3o<\/div>\n<div>\u2022 Fabricante: Ard Al Zafaaran<\/div>\n<p>[\/vc_column_text][\/vc_column][vc_column width=&#8221;1\/6&#8243;][\/vc_column][\/vc_row]<\/p>\n<\/div>","protected":false},"excerpt":{"rendered":"<ul>\n<li>Notas de topo: tangerina, ma\u00e7\u00e3, baunilha<\/li>\n<li>Notas m\u00e9dias: rosas, baunilha, ylang-ylang, especiarias, \u00e2mbar<\/li>\n<li>Notas de fundo: s\u00e2ndalo, patchouli, Oudh, alm\u00edscar branco<\/li>\n<li>Duradouro at\u00e9 6 horas<\/li>\n<li>Produto mais vendido<\/li>\n<li>Eau De Perfume (EDP)<\/li>\n<li>Capacidade: 100ml<\/li>\n<li>Linda garrafa decorada<\/li>\n<li>Produto Original da UEA<\/li>\n<\/ul>\n","protected":false},"featured_media":11348,"comment_status":"open","ping_status":"closed","template":"","meta":[],"product_brand":[],"product_cat":[244,243,280,275],"product_tag":[],"class_list":{"0":"post-17773","1":"product","2":"type-product","3":"status-publish","4":"has-post-thumbnail","6":"product_cat-oud-for-women-pt-br","7":"product_cat-oud-prfume-pt-br-2","8":"product_cat-oud-for-men-pt-br","9":"product_cat-oud-unisex-pt-br","10":"product_shipping_class-1-pt-br","12":"first","13":"instock","14":"sale","15":"shipping-taxable","16":"purchasable","17":"product-type-simple"},"supplier_id":null,"supplier_sku":"","barcode":null,"atum_controlled":true,"out_stock_date":null,"out_stock_threshold":null,"inheritable":false,"inbound_stock":0,"stock_on_hold":0,"sold_today":0,"sales_last_days":0,"reserved_stock":0,"customer_returns":0,"warehouse_damage":0,"lost_in_post":0,"other_logs":0,"out_stock_days":0,"lost_sales":0,"has_location":false,"update_date":"2026-05-05T00:45:20","atum_locations":[],"atum_stock_status":"instock","restock_status":false,"low_stock_amount":"","sales_update_date":"2026-05-05T00:45:20","calc_backorders":null,"_links":{"self":[{"href":"https:\/\/myroyalmarket.com\/pt-br\/wp-json\/wp\/v2\/product\/17773","targetHints":{"allow":["GET"]}}],"collection":[{"href":"https:\/\/myroyalmarket.com\/pt-br\/wp-json\/wp\/v2\/product"}],"about":[{"href":"https:\/\/myroyalmarket.com\/pt-br\/wp-json\/wp\/v2\/types\/product"}],"replies":[{"embeddable":true,"href":"https:\/\/myroyalmarket.com\/pt-br\/wp-json\/wp\/v2\/comments?post=17773"}],"wp:featuredmedia":[{"embeddable":true,"href":"https:\/\/myroyalmarket.com\/pt-br\/wp-json\/wp\/v2\/media\/11348"}],"wp:attachment":[{"href":"https:\/\/myroyalmarket.com\/pt-br\/wp-json\/wp\/v2\/media?parent=17773"}],"wp:term":[{"taxonomy":"product_brand","embeddable":true,"href":"https:\/\/myroyalmarket.com\/pt-br\/wp-json\/wp\/v2\/product_brand?post=17773"},{"taxonomy":"product_cat","embeddable":true,"href":"https:\/\/myroyalmarket.com\/pt-br\/wp-json\/wp\/v2\/product_cat?post=17773"},{"taxonomy":"product_tag","embeddable":true,"href":"https:\/\/myroyalmarket.com\/pt-br\/wp-json\/wp\/v2\/product_tag?post=17773"}],"curies":[{"name":"wp","href":"https:\/\/api.w.org\/{rel}","templated":true}]}}