{"id":17778,"date":"2022-05-01T19:53:44","date_gmt":"2022-05-01T19:53:44","guid":{"rendered":"https:\/\/www.my-damas.com\/product\/sadeeq-al-lail-oud-perfume-100ml-for-women\/"},"modified":"2022-05-01T19:53:50","modified_gmt":"2022-05-01T19:53:50","slug":"sadeeq-al-lail-oud-perfume-100ml-for-women","status":"publish","type":"product","link":"https:\/\/myroyalmarket.com\/pt-br\/produto\/sadeeq-al-lail-oud-perfume-100ml-for-women\/","title":{"rendered":"Sadeeq Al Lail Oud Perfume 100ml para mulheres por Ard Al Zaafaran Perfumes"},"content":{"rendered":"<div class=\"wpb-content-wrapper\"><p>[vc_row][vc_column width=&#8221;1\/6&#8243;][\/vc_column][vc_column width=&#8221;2\/3&#8243;][vc_column_text]<\/p>\n<h2>Perfume Sadeeq Al Lail Eau de Parfum de Ard Al Zaafaran<\/h2>\n<p>Perfume Sadeeq Al Lail Eau de Parfum de Ard Al Zaafaran \u00e9 uma beleza cl\u00e1ssica, flores atalcadas quentes combinadas com madeiras delicadas acompanhadas de notas de p\u00eassego.<\/p>\n<p>A nota de topo come\u00e7a harmoniosamente com p\u00eassego suave, alde\u00eddos e flores brancas.<\/p>\n<p>A nota de cora\u00e7\u00e3o floral e quente forma violetas e jasmim.<\/p>\n<p>S\u00e2ndalo e musgo na base cremosa completam a fragr\u00e2ncia com notas amadeiradas.<\/p>\n<p>Uma fragr\u00e2ncia maravilhosamente quente e suave que \u00e9 excelente para o uso di\u00e1rio e adequada para a noite.<\/p>\n<p>Principais acordes: florais brancos, atalcados, florais, amadeirados[\/vc_column_text][vc_column_text]\u2022 Recomenda\u00e7\u00e3o para: mulheres<\/p>\n<p>\u2022 Cont\u00e9m \u00e1lcool desnaturado (halal)<\/p>\n<p>\u2022 Quantidade: 100ml<\/p>\n<div>\u2022 Frasco com bico de pulveriza\u00e7\u00e3o<\/div>\n<div><\/div>\n<div>\u2022 Fabricante: Ard Al Zaafaran<\/div>\n<p>[\/vc_column_text][\/vc_column][vc_column width=&#8221;1\/6&#8243;][\/vc_column][\/vc_row]<\/p>\n<\/div>","protected":false},"excerpt":{"rendered":"<ul>\n<li>Notas de topo: p\u00eassego, alde\u00eddo, flores brancas<\/li>\n<li>Notas m\u00e9dias: jasmim, violetas<\/li>\n<li>Notas de fundo: s\u00e2ndalo, musgo<\/li>\n<li>Duradouro at\u00e9 6 horas<\/li>\n<li>Produto mais vendido<\/li>\n<li>Eau De Perfume (EDP)<\/li>\n<li>Capacidade: 100ml<\/li>\n<li>Linda garrafa decorada<\/li>\n<li>Produto Original da UEA<\/li>\n<\/ul>\n","protected":false},"featured_media":11368,"comment_status":"open","ping_status":"closed","template":"","meta":[],"product_brand":[],"product_cat":[244,243],"product_tag":[],"class_list":{"0":"post-17778","1":"product","2":"type-product","3":"status-publish","4":"has-post-thumbnail","6":"product_cat-oud-for-women-pt-br","7":"product_cat-oud-prfume-pt-br-2","8":"product_shipping_class-1-pt-br","10":"first","11":"instock","12":"sale","13":"shipping-taxable","14":"purchasable","15":"product-type-simple"},"supplier_id":null,"supplier_sku":"","barcode":null,"atum_controlled":true,"out_stock_date":null,"out_stock_threshold":null,"inheritable":false,"inbound_stock":0,"stock_on_hold":0,"sold_today":0,"sales_last_days":0,"reserved_stock":0,"customer_returns":0,"warehouse_damage":0,"lost_in_post":0,"other_logs":0,"out_stock_days":0,"lost_sales":0,"has_location":false,"update_date":"2026-05-05T00:45:29","atum_locations":[],"atum_stock_status":"instock","restock_status":false,"low_stock_amount":"","sales_update_date":"2026-05-05T00:45:29","calc_backorders":null,"_links":{"self":[{"href":"https:\/\/myroyalmarket.com\/pt-br\/wp-json\/wp\/v2\/product\/17778","targetHints":{"allow":["GET"]}}],"collection":[{"href":"https:\/\/myroyalmarket.com\/pt-br\/wp-json\/wp\/v2\/product"}],"about":[{"href":"https:\/\/myroyalmarket.com\/pt-br\/wp-json\/wp\/v2\/types\/product"}],"replies":[{"embeddable":true,"href":"https:\/\/myroyalmarket.com\/pt-br\/wp-json\/wp\/v2\/comments?post=17778"}],"wp:featuredmedia":[{"embeddable":true,"href":"https:\/\/myroyalmarket.com\/pt-br\/wp-json\/wp\/v2\/media\/11368"}],"wp:attachment":[{"href":"https:\/\/myroyalmarket.com\/pt-br\/wp-json\/wp\/v2\/media?parent=17778"}],"wp:term":[{"taxonomy":"product_brand","embeddable":true,"href":"https:\/\/myroyalmarket.com\/pt-br\/wp-json\/wp\/v2\/product_brand?post=17778"},{"taxonomy":"product_cat","embeddable":true,"href":"https:\/\/myroyalmarket.com\/pt-br\/wp-json\/wp\/v2\/product_cat?post=17778"},{"taxonomy":"product_tag","embeddable":true,"href":"https:\/\/myroyalmarket.com\/pt-br\/wp-json\/wp\/v2\/product_tag?post=17778"}],"curies":[{"name":"wp","href":"https:\/\/api.w.org\/{rel}","templated":true}]}}