{"id":17795,"date":"2020-10-28T08:28:42","date_gmt":"2022-05-02T07:04:59","guid":{"rendered":"https:\/\/www.my-damas.com\/product\/oud-suyufi-perfume-100ml-for-men-and-women\/"},"modified":"2022-05-02T07:05:10","modified_gmt":"2022-05-02T07:05:10","slug":"oud-suyufi-perfume-100ml-for-men-and-women","status":"publish","type":"product","link":"https:\/\/myroyalmarket.com\/pt-br\/produto\/oud-suyufi-perfume-100ml-for-men-and-women\/","title":{"rendered":"Oud Suyufi Perfume 100ml para mulheres e homens por Ard Al Zaafaran Perfumes"},"content":{"rendered":"<div class=\"wpb-content-wrapper\"><p>[vc_row][vc_column width=&#8221;1\/6&#8243;][\/vc_column][vc_column width=&#8221;2\/3&#8243;][vc_column_text]<\/p>\n<h1>Oud Suyufi<\/h1>\n<p>Perfume de Prest\u00edgio e eleg\u00e2ncia que \u00e9 verdadeiramente especial. O perfume Oud Suyufi \u00e9 uma grande revela\u00e7\u00e3o, \u00e9 um dos nossos preferidos.<\/p>\n<p>Oud Suyufi Perfume Spray \u00e9 um dos famosos e populares \u00f3leos de perfume \u00e1rabe\/attar de um dos produtores de perfume de renome mundial Suroori \u00c9 um \u00f3leo de perfume muito agrad\u00e1vel, suave e duradouro. Ele vem em um design incr\u00edvel com uma linda garrafa de vidro. Um \u00f3leo bem apresentado em um frasco incr\u00edvel com tampa vermelha trabalhada e dourada, perfeito para um presente.<\/p>\n<p>Pode ser uma caixa de presente muito agrad\u00e1vel e bonita, tamb\u00e9m pode ser uma cole\u00e7\u00e3o pessoal muito bonita, voc\u00ea precisa de algumas gotas e dura o resto do dia, ao contr\u00e1rio de outros perfumes em que voc\u00ea precisa reaplicar.[\/vc_column_text][vc_single_image image=&#8221;11336&#8243; img_size=&#8221;full&#8221;][\/vc_column][vc_column width=&#8221;1\/6&#8243;][\/vc_column][\/vc_row]<\/p>\n<\/div>","protected":false},"excerpt":{"rendered":"<ul>\n<li>Notas de topo: Oud<\/li>\n<li>Notas m\u00e9dias: Patchouli, Rosa<\/li>\n<li>Notas de fundo: Alm\u00edscar, \u00c2mbar<\/li>\n<li>Duradouro at\u00e9 6 horas<\/li>\n<li>Produto mais vendido<\/li>\n<li>Eau De Perfume (EDP)<\/li>\n<li>Capacidade: 100ml<\/li>\n<li>Linda garrafa decorada<\/li>\n<li>Produto Original da UEA<\/li>\n<\/ul>\n","protected":false},"featured_media":11340,"comment_status":"open","ping_status":"closed","template":"","meta":[],"product_brand":[],"product_cat":[244,243,280,275],"product_tag":[],"class_list":{"0":"post-17795","1":"product","2":"type-product","3":"status-publish","4":"has-post-thumbnail","6":"product_cat-oud-for-women-pt-br","7":"product_cat-oud-prfume-pt-br-2","8":"product_cat-oud-for-men-pt-br","9":"product_cat-oud-unisex-pt-br","10":"product_shipping_class-1-pt-br","12":"first","13":"instock","14":"sale","15":"shipping-taxable","16":"purchasable","17":"product-type-simple"},"supplier_id":null,"supplier_sku":"","barcode":null,"atum_controlled":true,"out_stock_date":null,"out_stock_threshold":null,"inheritable":false,"inbound_stock":0,"stock_on_hold":0,"sold_today":0,"sales_last_days":0,"reserved_stock":0,"customer_returns":0,"warehouse_damage":0,"lost_in_post":0,"other_logs":0,"out_stock_days":0,"lost_sales":0,"has_location":false,"update_date":"2026-05-04T16:42:53","atum_locations":[],"atum_stock_status":"instock","restock_status":false,"low_stock_amount":"","sales_update_date":"2026-05-04T16:42:53","calc_backorders":null,"_links":{"self":[{"href":"https:\/\/myroyalmarket.com\/pt-br\/wp-json\/wp\/v2\/product\/17795","targetHints":{"allow":["GET"]}}],"collection":[{"href":"https:\/\/myroyalmarket.com\/pt-br\/wp-json\/wp\/v2\/product"}],"about":[{"href":"https:\/\/myroyalmarket.com\/pt-br\/wp-json\/wp\/v2\/types\/product"}],"replies":[{"embeddable":true,"href":"https:\/\/myroyalmarket.com\/pt-br\/wp-json\/wp\/v2\/comments?post=17795"}],"wp:featuredmedia":[{"embeddable":true,"href":"https:\/\/myroyalmarket.com\/pt-br\/wp-json\/wp\/v2\/media\/11340"}],"wp:attachment":[{"href":"https:\/\/myroyalmarket.com\/pt-br\/wp-json\/wp\/v2\/media?parent=17795"}],"wp:term":[{"taxonomy":"product_brand","embeddable":true,"href":"https:\/\/myroyalmarket.com\/pt-br\/wp-json\/wp\/v2\/product_brand?post=17795"},{"taxonomy":"product_cat","embeddable":true,"href":"https:\/\/myroyalmarket.com\/pt-br\/wp-json\/wp\/v2\/product_cat?post=17795"},{"taxonomy":"product_tag","embeddable":true,"href":"https:\/\/myroyalmarket.com\/pt-br\/wp-json\/wp\/v2\/product_tag?post=17795"}],"curies":[{"name":"wp","href":"https:\/\/api.w.org\/{rel}","templated":true}]}}