{"id":17800,"date":"2020-10-28T08:28:42","date_gmt":"2022-05-02T07:05:28","guid":{"rendered":"https:\/\/www.my-damas.com\/product\/oudi-perfume-100ml-for-men-and-women\/"},"modified":"2022-05-02T07:05:34","modified_gmt":"2022-05-02T07:05:34","slug":"oudi-perfume-100ml-for-men-and-women","status":"publish","type":"product","link":"https:\/\/myroyalmarket.com\/pt-br\/produto\/oudi-perfume-100ml-for-men-and-women\/","title":{"rendered":"oudi Perfume 100ml para Mulheres e Homens por Ard Al Zaafaran Perfumes"},"content":{"rendered":"<div class=\"wpb-content-wrapper\"><p>[vc_row][vc_column width=&#8221;1\/6&#8243;][\/vc_column][vc_column width=&#8221;2\/3&#8243;][vc_column_text]<\/p>\n<h2>Perfume Oudi Eau de Parfum de Ard Al Zaafaran<\/h2>\n<p>Oudi Eau de Parfum de Ard Al Zaafaran &#8211; Um perfume oud com bordas suaves!<\/p>\n<p>Oudi de Ard Al Zafaaran \u00e9 um perfume de oud moderado, sem notas \u00e1speras, frequentemente encontrado em perfumes de oud t\u00edpicos.<\/p>\n<p>A nota de cabe\u00e7a come\u00e7a cheia e amadeirada com oud, notas de canela e noz-moscada.<\/p>\n<p>A nota de cora\u00e7\u00e3o de jasmim florido e s\u00e2ndalo.<\/p>\n<p>Alm\u00edscar branco, baunilha, madeira de teca, \u00e2mbar e cedro na base formam um final amadeirado e quente, que confere ao perfume uma agrad\u00e1vel suavidade e tranquilidade.<\/p>\n<p>Uma bela fragr\u00e2ncia de oud, que tamb\u00e9m \u00e9 adequada para a vida cotidiana e com a qual seu usu\u00e1rio se destaca da multid\u00e3o.<\/p>\n<p>Principais acordes: amadeirado, quente-especiado, \u00e2mbar, canela[\/vc_column_text][vc_column_text]\u2022 Para mulheres e homens<\/p>\n<p>\u2022 Cont\u00e9m \u00e1lcool desnaturado (halal)<\/p>\n<p>\u2022 Quantidade: 100ml Eau de perfume<\/p>\n<div>\u2022 Frasco com bico de pulveriza\u00e7\u00e3o<\/div>\n<div><\/div>\n<div>\u2022 Fabricante: Ard Al Zaafaran<\/div>\n<p>[\/vc_column_text][\/vc_column][vc_column width=&#8221;1\/6&#8243;][\/vc_column][\/vc_row]<\/p>\n<\/div>","protected":false},"excerpt":{"rendered":"<ul>\n<li>Notas de topo: oud, canela, noz-moscada<\/li>\n<li>Notas m\u00e9dias: jasmim, s\u00e2ndalo<\/li>\n<li>Notas de fundo: alm\u00edscar branco, \u00e2mbar, baunilha, madeira de gujac, cedro<\/li>\n<li>Duradouro at\u00e9 6 horas<\/li>\n<li>Produto mais vendido<\/li>\n<li>Eau De Perfume (EDP)<\/li>\n<li>Capacidade: 100ml<\/li>\n<li>Linda garrafa decorada<\/li>\n<li>Produto Original da UEA<\/li>\n<\/ul>\n","protected":false},"featured_media":11324,"comment_status":"open","ping_status":"closed","template":"","meta":[],"product_brand":[],"product_cat":[244,243,280,275],"product_tag":[],"class_list":{"0":"post-17800","1":"product","2":"type-product","3":"status-publish","4":"has-post-thumbnail","6":"product_cat-oud-for-women-pt-br","7":"product_cat-oud-prfume-pt-br-2","8":"product_cat-oud-for-men-pt-br","9":"product_cat-oud-unisex-pt-br","10":"product_shipping_class-1-pt-br","12":"first","13":"instock","14":"sale","15":"shipping-taxable","16":"purchasable","17":"product-type-simple"},"supplier_id":null,"supplier_sku":"","barcode":null,"atum_controlled":true,"out_stock_date":null,"out_stock_threshold":null,"inheritable":false,"inbound_stock":0,"stock_on_hold":0,"sold_today":0,"sales_last_days":0,"reserved_stock":0,"customer_returns":0,"warehouse_damage":0,"lost_in_post":0,"other_logs":0,"out_stock_days":0,"lost_sales":0,"has_location":false,"update_date":"2026-02-05T17:32:16","atum_locations":[],"atum_stock_status":"instock","restock_status":false,"low_stock_amount":"","sales_update_date":"2026-02-05T17:32:16","calc_backorders":null,"_links":{"self":[{"href":"https:\/\/myroyalmarket.com\/pt-br\/wp-json\/wp\/v2\/product\/17800","targetHints":{"allow":["GET"]}}],"collection":[{"href":"https:\/\/myroyalmarket.com\/pt-br\/wp-json\/wp\/v2\/product"}],"about":[{"href":"https:\/\/myroyalmarket.com\/pt-br\/wp-json\/wp\/v2\/types\/product"}],"replies":[{"embeddable":true,"href":"https:\/\/myroyalmarket.com\/pt-br\/wp-json\/wp\/v2\/comments?post=17800"}],"wp:featuredmedia":[{"embeddable":true,"href":"https:\/\/myroyalmarket.com\/pt-br\/wp-json\/wp\/v2\/media\/11324"}],"wp:attachment":[{"href":"https:\/\/myroyalmarket.com\/pt-br\/wp-json\/wp\/v2\/media?parent=17800"}],"wp:term":[{"taxonomy":"product_brand","embeddable":true,"href":"https:\/\/myroyalmarket.com\/pt-br\/wp-json\/wp\/v2\/product_brand?post=17800"},{"taxonomy":"product_cat","embeddable":true,"href":"https:\/\/myroyalmarket.com\/pt-br\/wp-json\/wp\/v2\/product_cat?post=17800"},{"taxonomy":"product_tag","embeddable":true,"href":"https:\/\/myroyalmarket.com\/pt-br\/wp-json\/wp\/v2\/product_tag?post=17800"}],"curies":[{"name":"wp","href":"https:\/\/api.w.org\/{rel}","templated":true}]}}