{"id":22535,"date":"2020-10-28T08:28:42","date_gmt":"2022-05-29T12:25:54","guid":{"rendered":"https:\/\/www.my-damas.com\/product\/sheikh-al-shuyukh-oud-perfume-50ml-deodorant-for-men-and-women\/"},"modified":"2022-05-29T12:25:57","modified_gmt":"2022-05-29T12:25:57","slug":"sheikh-al-shuyukh-oud-perfume-50ml-deodorant-for-men-and-women","status":"publish","type":"product","link":"https:\/\/myroyalmarket.com\/pt-br\/produto\/sheikh-al-shuyukh-oud-perfume-50ml-deodorant-for-men-and-women\/","title":{"rendered":"Sheikh Al Shuyukh Oud Perfume 50ml + Desodorante 50ml para mulheres e homens por Ard Al Zaafaran Perfumes"},"content":{"rendered":"<div class=\"wpb-content-wrapper\"><p>[vc_row][vc_column width=&#8221;1\/6&#8243;][\/vc_column][vc_column width=&#8221;2\/3&#8243;][vc_column_text]<\/p>\n<h2>Sheikh Al Shuyukh Eau de Parfum de Lattafa<\/h2>\n<p>Perfume Sheikh Al Shuyukh Eau de Parfum de Lattafa \u00e9 uma fragr\u00e2ncia oriental amadeirada para mulheres e homens.<\/p>\n<p>Oudh e cedro abrem o perfume na nota de topo, com Oudh carregando por todo o perfume.<\/p>\n<p>Segue-se uma nota de cora\u00e7\u00e3o picante de lavanda, s\u00e1lvia e alecrim.<\/p>\n<p>Vetiver e patchouli formam a base final.<\/p>\n<p>Perfume Sheikh Al Shuyukh \u00e9 uma fragr\u00e2ncia rica e limpa, com um lindo frescor. Elementos tradicionais s\u00e3o combinados aqui com modernidade. Particularmente not\u00e1vel \u00e9 a excelente silagem. O perfume \u00e9 muito duradouro.<\/p>\n<p>&nbsp;<\/p>\n<p>Principais acordes: arom\u00e1tico, amadeirado, herbal, especiado fresco[\/vc_column_text][vc_column_text]\u2022 Recomenda\u00e7\u00e3o para: mulheres e homens<\/p>\n<p>\u2022 Cont\u00e9m \u00e1lcool desnaturado (halal)<\/p>\n<p>\u2022 Quantidade: 50ml Eau de perfume + spray desodorante<\/p>\n<div>\u2022 Frasco com bico de pulveriza\u00e7\u00e3o<\/div>\n<p>[\/vc_column_text][\/vc_column][vc_column width=&#8221;1\/6&#8243;][\/vc_column][\/vc_row]<\/p>\n<\/div>","protected":false},"excerpt":{"rendered":"<ul>\n<li>Notas de topo: Oudh, cedro<\/li>\n<li>Notas m\u00e9dias: s\u00e1lvia, lavanda, alecrim<\/li>\n<li>Notas de fundo: patchouli, vetiver<\/li>\n<li>Duradouro at\u00e9 6 horas<\/li>\n<li>Produto mais vendido<\/li>\n<li>Eau De Perfume (EDP)<\/li>\n<li>Capacidade: 50ml<\/li>\n<li>Linda garrafa decorada<\/li>\n<li>Produto Original da UEA<\/li>\n<\/ul>\n","protected":false},"featured_media":11320,"comment_status":"open","ping_status":"closed","template":"","meta":[],"product_brand":[],"product_cat":[244,243,280,275],"product_tag":[],"class_list":{"0":"post-22535","1":"product","2":"type-product","3":"status-publish","4":"has-post-thumbnail","6":"product_cat-oud-for-women-pt-br","7":"product_cat-oud-prfume-pt-br-2","8":"product_cat-oud-for-men-pt-br","9":"product_cat-oud-unisex-pt-br","10":"product_shipping_class-1-pt-br","12":"first","13":"instock","14":"sale","15":"shipping-taxable","16":"purchasable","17":"product-type-simple"},"supplier_id":null,"supplier_sku":"","barcode":null,"atum_controlled":true,"out_stock_date":null,"out_stock_threshold":null,"inheritable":false,"inbound_stock":0,"stock_on_hold":0,"sold_today":0,"sales_last_days":0,"reserved_stock":0,"customer_returns":0,"warehouse_damage":0,"lost_in_post":0,"other_logs":0,"out_stock_days":0,"lost_sales":0,"has_location":false,"update_date":"2025-12-07T00:04:27","atum_locations":[],"atum_stock_status":"instock","restock_status":false,"low_stock_amount":"","sales_update_date":"2025-12-07T00:04:27","calc_backorders":null,"_links":{"self":[{"href":"https:\/\/myroyalmarket.com\/pt-br\/wp-json\/wp\/v2\/product\/22535","targetHints":{"allow":["GET"]}}],"collection":[{"href":"https:\/\/myroyalmarket.com\/pt-br\/wp-json\/wp\/v2\/product"}],"about":[{"href":"https:\/\/myroyalmarket.com\/pt-br\/wp-json\/wp\/v2\/types\/product"}],"replies":[{"embeddable":true,"href":"https:\/\/myroyalmarket.com\/pt-br\/wp-json\/wp\/v2\/comments?post=22535"}],"wp:featuredmedia":[{"embeddable":true,"href":"https:\/\/myroyalmarket.com\/pt-br\/wp-json\/wp\/v2\/media\/11320"}],"wp:attachment":[{"href":"https:\/\/myroyalmarket.com\/pt-br\/wp-json\/wp\/v2\/media?parent=22535"}],"wp:term":[{"taxonomy":"product_brand","embeddable":true,"href":"https:\/\/myroyalmarket.com\/pt-br\/wp-json\/wp\/v2\/product_brand?post=22535"},{"taxonomy":"product_cat","embeddable":true,"href":"https:\/\/myroyalmarket.com\/pt-br\/wp-json\/wp\/v2\/product_cat?post=22535"},{"taxonomy":"product_tag","embeddable":true,"href":"https:\/\/myroyalmarket.com\/pt-br\/wp-json\/wp\/v2\/product_tag?post=22535"}],"curies":[{"name":"wp","href":"https:\/\/api.w.org\/{rel}","templated":true}]}}