{"id":22539,"date":"2020-10-28T08:28:42","date_gmt":"2022-05-29T12:36:25","guid":{"rendered":"https:\/\/www.my-damas.com\/product\/ghaliaa-oud-perfume-100ml-for-women\/"},"modified":"2022-05-29T12:36:34","modified_gmt":"2022-05-29T12:36:34","slug":"ghaliaa-oud-perfume-100ml-for-women","status":"publish","type":"product","link":"https:\/\/myroyalmarket.com\/pt-br\/produto\/ghaliaa-oud-perfume-100ml-for-women\/","title":{"rendered":"Ghaliaa Oud Perfume 100ml para mulheres por Ard Al Zaafaran Perfumes"},"content":{"rendered":"<div class=\"wpb-content-wrapper\"><p>[vc_row][vc_column width=&#8221;1\/6&#8243;][\/vc_column][vc_column width=&#8221;2\/3&#8243;][vc_column_text]<\/p>\n<p style=\"text-align: center;\"><strong>Ghalia Oud<\/strong><br \/>\nEau de Perfume<\/p>\n<p>Ghaliaa Oud de Ard Al Zaafaran \u00e9 um perfume Oriental Feminino. \u00c9 uma mistura perfeita do melhor oud, que d\u00e1 uma bela fragr\u00e2ncia de agarwood, uma garrafa bonita e elegante e uma bela caixa externa. Ghaliaa Oud \u00e9 preenchido de forma exclusiva, retratando a for\u00e7a deste perfume persistente. Esses perfumes foram todos importados dos Emirados \u00c1rabes Unidos e t\u00eam um \u00f3timo cheiro e \u00f3tima apar\u00eancia, tornando-os presentes perfeitos.[\/vc_column_text][\/vc_column][vc_column width=&#8221;1\/6&#8243;][\/vc_column][\/vc_row]<\/p>\n<\/div>","protected":false},"excerpt":{"rendered":"<ul>\n<li>Duradouro at\u00e9 6 horas<\/li>\n<li>Produto mais vendido<\/li>\n<li>Eau de Perfume (EDP)<\/li>\n<li>Capacidade: 100ml<\/li>\n<li>Linda garrafa decorada<\/li>\n<li>Produto Original da UEA<\/li>\n<\/ul>\n","protected":false},"featured_media":11308,"comment_status":"open","ping_status":"closed","template":"","meta":[],"product_brand":[],"product_cat":[244,243],"product_tag":[],"class_list":{"0":"post-22539","1":"product","2":"type-product","3":"status-publish","4":"has-post-thumbnail","6":"product_cat-oud-for-women-pt-br","7":"product_cat-oud-prfume-pt-br-2","8":"product_shipping_class-1-pt-br","10":"first","11":"instock","12":"sale","13":"shipping-taxable","14":"purchasable","15":"product-type-simple"},"supplier_id":null,"supplier_sku":"","barcode":null,"atum_controlled":true,"out_stock_date":null,"out_stock_threshold":null,"inheritable":false,"inbound_stock":0,"stock_on_hold":0,"sold_today":0,"sales_last_days":0,"reserved_stock":0,"customer_returns":0,"warehouse_damage":0,"lost_in_post":0,"other_logs":0,"out_stock_days":0,"lost_sales":0,"has_location":false,"update_date":"2025-12-06T15:17:53","atum_locations":[],"atum_stock_status":"instock","restock_status":false,"low_stock_amount":"","sales_update_date":"2025-12-06T15:17:53","calc_backorders":null,"_links":{"self":[{"href":"https:\/\/myroyalmarket.com\/pt-br\/wp-json\/wp\/v2\/product\/22539","targetHints":{"allow":["GET"]}}],"collection":[{"href":"https:\/\/myroyalmarket.com\/pt-br\/wp-json\/wp\/v2\/product"}],"about":[{"href":"https:\/\/myroyalmarket.com\/pt-br\/wp-json\/wp\/v2\/types\/product"}],"replies":[{"embeddable":true,"href":"https:\/\/myroyalmarket.com\/pt-br\/wp-json\/wp\/v2\/comments?post=22539"}],"wp:featuredmedia":[{"embeddable":true,"href":"https:\/\/myroyalmarket.com\/pt-br\/wp-json\/wp\/v2\/media\/11308"}],"wp:attachment":[{"href":"https:\/\/myroyalmarket.com\/pt-br\/wp-json\/wp\/v2\/media?parent=22539"}],"wp:term":[{"taxonomy":"product_brand","embeddable":true,"href":"https:\/\/myroyalmarket.com\/pt-br\/wp-json\/wp\/v2\/product_brand?post=22539"},{"taxonomy":"product_cat","embeddable":true,"href":"https:\/\/myroyalmarket.com\/pt-br\/wp-json\/wp\/v2\/product_cat?post=22539"},{"taxonomy":"product_tag","embeddable":true,"href":"https:\/\/myroyalmarket.com\/pt-br\/wp-json\/wp\/v2\/product_tag?post=22539"}],"curies":[{"name":"wp","href":"https:\/\/api.w.org\/{rel}","templated":true}]}}