{"id":22553,"date":"2020-10-28T08:28:41","date_gmt":"2022-05-29T16:32:56","guid":{"rendered":"https:\/\/www.my-damas.com\/product\/al-astura-oud-perfume-100ml-for-men\/"},"modified":"2022-09-30T08:30:08","modified_gmt":"2022-09-30T08:30:08","slug":"al-astura-oud-perfume-100ml-for-men","status":"publish","type":"product","link":"https:\/\/myroyalmarket.com\/pt-br\/produto\/al-astura-oud-perfume-100ml-for-men\/","title":{"rendered":"Al Astura Oud Perfume 100ml para homens por Ard Al Zaafaran Perfumes"},"content":{"rendered":"<p>Al Astura \u00e9 um dos perfumes de fragr\u00e2ncias exclusivos de um dos mundialmente renomados produtores de perfumes \u00e1rabes, orientais e famosos AL ZAAFARAN. \u00c9 uma fragr\u00e2ncia doce e duradoura. Astura \u00e9 uma fragr\u00e2ncia fresca, doce, floral e picante. IT vem em um design de garrafa fant\u00e1stico.<\/p>\n<p>Um bem apresentado em uma garrafa fant\u00e1stica com artesanato fino e detalhado, perfeito para um presente.<\/p>\n<p>Pode ser uma caixa de presente ador\u00e1vel e bonita. Tamb\u00e9m pode ser uma cole\u00e7\u00e3o pessoal muito agrad\u00e1vel.<\/p>\n","protected":false},"excerpt":{"rendered":"<ul>\n<li>Duradouro at\u00e9 6 horas<\/li>\n<li>Produto mais vendido<\/li>\n<li>Eau de Perfume (EDP)<\/li>\n<li>Capacidade: 100ml<\/li>\n<li>Linda garrafa decorada<\/li>\n<li>Produto Original da UEA<\/li>\n<\/ul>\n","protected":false},"featured_media":11436,"comment_status":"open","ping_status":"closed","template":"","meta":[],"product_brand":[],"product_cat":[243,280],"product_tag":[],"class_list":{"0":"post-22553","1":"product","2":"type-product","3":"status-publish","4":"has-post-thumbnail","6":"product_cat-oud-prfume-pt-br-2","7":"product_cat-oud-for-men-pt-br","8":"product_shipping_class-1-pt-br","10":"first","11":"instock","12":"sale","13":"shipping-taxable","14":"purchasable","15":"product-type-simple"},"supplier_id":null,"supplier_sku":"","barcode":null,"atum_controlled":true,"out_stock_date":null,"out_stock_threshold":null,"inheritable":false,"inbound_stock":0,"stock_on_hold":1,"sold_today":0,"sales_last_days":0,"reserved_stock":0,"customer_returns":0,"warehouse_damage":0,"lost_in_post":0,"other_logs":0,"out_stock_days":0,"lost_sales":0,"has_location":false,"update_date":"2025-12-07T00:04:23","atum_locations":[],"atum_stock_status":"instock","restock_status":false,"low_stock_amount":"","sales_update_date":"2025-12-07T00:04:23","calc_backorders":null,"_links":{"self":[{"href":"https:\/\/myroyalmarket.com\/pt-br\/wp-json\/wp\/v2\/product\/22553","targetHints":{"allow":["GET"]}}],"collection":[{"href":"https:\/\/myroyalmarket.com\/pt-br\/wp-json\/wp\/v2\/product"}],"about":[{"href":"https:\/\/myroyalmarket.com\/pt-br\/wp-json\/wp\/v2\/types\/product"}],"replies":[{"embeddable":true,"href":"https:\/\/myroyalmarket.com\/pt-br\/wp-json\/wp\/v2\/comments?post=22553"}],"wp:featuredmedia":[{"embeddable":true,"href":"https:\/\/myroyalmarket.com\/pt-br\/wp-json\/wp\/v2\/media\/11436"}],"wp:attachment":[{"href":"https:\/\/myroyalmarket.com\/pt-br\/wp-json\/wp\/v2\/media?parent=22553"}],"wp:term":[{"taxonomy":"product_brand","embeddable":true,"href":"https:\/\/myroyalmarket.com\/pt-br\/wp-json\/wp\/v2\/product_brand?post=22553"},{"taxonomy":"product_cat","embeddable":true,"href":"https:\/\/myroyalmarket.com\/pt-br\/wp-json\/wp\/v2\/product_cat?post=22553"},{"taxonomy":"product_tag","embeddable":true,"href":"https:\/\/myroyalmarket.com\/pt-br\/wp-json\/wp\/v2\/product_tag?post=22553"}],"curies":[{"name":"wp","href":"https:\/\/api.w.org\/{rel}","templated":true}]}}