{"id":22561,"date":"2020-10-28T08:28:38","date_gmt":"2022-05-29T16:33:40","guid":{"rendered":"https:\/\/www.my-damas.com\/product\/sultan-al-quloob-oud-perfume-100ml-for-men\/"},"modified":"2022-05-29T16:34:00","modified_gmt":"2022-05-29T16:34:00","slug":"sultan-al-quloob-oud-perfume-100ml-for-men","status":"publish","type":"product","link":"https:\/\/myroyalmarket.com\/pt-br\/produto\/sultan-al-quloob-oud-perfume-100ml-for-men\/","title":{"rendered":"Sultan Al Quloob Oud Perfume 100ml Para Homens por Ard Al Zaafaran Perfumes"},"content":{"rendered":"<div class=\"wpb-content-wrapper\"><p>[vc_row][vc_column width=&#8221;1\/6&#8243;][\/vc_column][vc_column width=&#8221;2\/3&#8243;][vc_column_text]<\/p>\n<h1>Sultan Al Quloob<\/h1>\n<p>Sultan al quloob \u00e9 o famoso fabricante de perfumes suroori UAE. Oferece o acorde ousado e en\u00e9rgico que os sinais da juventude. O aroma revela ricas notas amadeiradas combinadas com rosa e a\u00e7afr\u00e3o ex\u00f3tico. As notas m\u00e9dias s\u00e3o preenchidas com \u00e2mbar quente e alm\u00edscar. O banco de dados notas adocicadas de agarwood. Oferece aos amantes de fragr\u00e2ncias um aroma divino delicadamente agrad\u00e1vel e pode ser um presente ideal.[\/vc_column_text][vc_column_text]<strong>Notas olfativas:<\/strong> Rosa, notas amadeiradas, a\u00e7afr\u00e3o, \u00e2mbar, alm\u00edscar[\/vc_column_text][\/vc_column][vc_column width=&#8221;1\/6&#8243;][\/vc_column][\/vc_row]<\/p>\n<\/div>","protected":false},"excerpt":{"rendered":"<ul>\n<li>Notas de topo: jasmim, madressilva, alm\u00edscar branco, \u00e2mbar<\/li>\n<li>Notas m\u00e9dias: Notas amadeiradas, Ylang-Ylang<\/li>\n<li>Notas de base: jasmim, ylang-ylang<\/li>\n<li>Fam\u00edlia da fragr\u00e2ncia: oriental<\/li>\n<li>Tipo de fragr\u00e2ncia: Halal \/ Eau de Parfum<\/li>\n<li>Marca: Ard al Zaafaran \/ Suroori<\/li>\n<li>Indicado para: Homens<\/li>\n<li>Pa\u00eds de fabrica\u00e7\u00e3o: Emirados \u00c1rabes Unidos<\/li>\n<li>Tamanho: 100ml<\/li>\n<\/ul>\n","protected":false},"featured_media":11472,"comment_status":"open","ping_status":"closed","template":"","meta":[],"product_brand":[],"product_cat":[243,280],"product_tag":[],"class_list":{"0":"post-22561","1":"product","2":"type-product","3":"status-publish","4":"has-post-thumbnail","6":"product_cat-oud-prfume-pt-br-2","7":"product_cat-oud-for-men-pt-br","8":"product_shipping_class-1-pt-br","10":"first","11":"instock","12":"sale","13":"shipping-taxable","14":"purchasable","15":"product-type-simple"},"supplier_id":null,"supplier_sku":"","barcode":null,"atum_controlled":true,"out_stock_date":null,"out_stock_threshold":null,"inheritable":false,"inbound_stock":0,"stock_on_hold":0,"sold_today":0,"sales_last_days":0,"reserved_stock":0,"customer_returns":0,"warehouse_damage":0,"lost_in_post":0,"other_logs":0,"out_stock_days":0,"lost_sales":0,"has_location":false,"update_date":"2026-05-05T00:45:23","atum_locations":[],"atum_stock_status":"instock","restock_status":false,"low_stock_amount":"","sales_update_date":"2026-05-05T00:45:23","calc_backorders":null,"_links":{"self":[{"href":"https:\/\/myroyalmarket.com\/pt-br\/wp-json\/wp\/v2\/product\/22561","targetHints":{"allow":["GET"]}}],"collection":[{"href":"https:\/\/myroyalmarket.com\/pt-br\/wp-json\/wp\/v2\/product"}],"about":[{"href":"https:\/\/myroyalmarket.com\/pt-br\/wp-json\/wp\/v2\/types\/product"}],"replies":[{"embeddable":true,"href":"https:\/\/myroyalmarket.com\/pt-br\/wp-json\/wp\/v2\/comments?post=22561"}],"wp:featuredmedia":[{"embeddable":true,"href":"https:\/\/myroyalmarket.com\/pt-br\/wp-json\/wp\/v2\/media\/11472"}],"wp:attachment":[{"href":"https:\/\/myroyalmarket.com\/pt-br\/wp-json\/wp\/v2\/media?parent=22561"}],"wp:term":[{"taxonomy":"product_brand","embeddable":true,"href":"https:\/\/myroyalmarket.com\/pt-br\/wp-json\/wp\/v2\/product_brand?post=22561"},{"taxonomy":"product_cat","embeddable":true,"href":"https:\/\/myroyalmarket.com\/pt-br\/wp-json\/wp\/v2\/product_cat?post=22561"},{"taxonomy":"product_tag","embeddable":true,"href":"https:\/\/myroyalmarket.com\/pt-br\/wp-json\/wp\/v2\/product_tag?post=22561"}],"curies":[{"name":"wp","href":"https:\/\/api.w.org\/{rel}","templated":true}]}}