{"id":22580,"date":"2020-10-28T08:28:41","date_gmt":"2022-05-29T16:34:57","guid":{"rendered":"https:\/\/www.my-damas.com\/product\/washwashah-oud-perfume-100ml-for-women\/"},"modified":"2022-05-29T16:35:06","modified_gmt":"2022-05-29T16:35:06","slug":"washwashah-oud-perfume-100ml-for-women","status":"publish","type":"product","link":"https:\/\/myroyalmarket.com\/pt-br\/produto\/washwashah-oud-perfume-100ml-for-women\/","title":{"rendered":"Washwashah Oud Perfume 100ml para mulheres por Ard Al Zaafaran Perfumes"},"content":{"rendered":"<div class=\"wpb-content-wrapper\"><p>[vc_row][vc_column width=&#8221;1\/6&#8243;][\/vc_column][vc_column width=&#8221;2\/3&#8243;][vc_column_text]<\/p>\n<h2>Perfume Washwashah Eau de Parfum de Ard Al Zaafaran<\/h2>\n<p>Perfume Washwashah Eau de Parfum de Ard Al Zaafaran \u00e9 um perfume quente e doce com agrad\u00e1veis aromas frutados-florais.<\/p>\n<p>O perfume Washwashah come\u00e7a frutado com framboesas e laranja amarga. A pimenta rosa d\u00e1 \u00e0 nota de cabe\u00e7a uma agrad\u00e1vel leveza e nitidez.<\/p>\n<p>A nota de cora\u00e7\u00e3o \u00e9 quente e floral com flores de laranjeira, osmanthus, tuberosa, jasmim e neroli.<\/p>\n<p>A base \u00e9 quente e delicada com benjoim, baunilha, tonka, \u00e2mbar e madeira de Caxemira.<\/p>\n<p>Um perfume agrad\u00e1vel e quente com leves notas florais e aromas frutados.<\/p>\n<p>Principais acordes: quente, floral, levemente doce, Gourmand[\/vc_column_text][vc_single_image image=&#8221;11444&#8243; img_size=&#8221;full&#8221;][vc_column_text]\u2022 Recomenda\u00e7\u00e3o para: mulheres<\/p>\n<p>\u2022 Cont\u00e9m \u00e1lcool desnaturado (halal)<\/p>\n<p>\u2022 Quantidade: 100ml + 50ml Spray Desodorante<\/p>\n<div>\u2022 Frasco com bico de pulveriza\u00e7\u00e3o<\/div>\n<div><\/div>\n<div>\u2022 Fabricante: Ard Al Zaafaran<\/div>\n<p>[\/vc_column_text][\/vc_column][vc_column width=&#8221;1\/6&#8243;][\/vc_column][\/vc_row]<\/p>\n<\/div>","protected":false},"excerpt":{"rendered":"<ul>\n<li>Notas de topo: framboesas, laranja amarga, pimenta rosa<\/li>\n<li>Notas de cora\u00e7\u00e3o: flor de laranjeira, osmanthus, tuberosa, jasmim, neroli<\/li>\n<li>Notas de fundo: benjoim, baunilha, tonka, \u00e2mbar, madeira de caxemira<\/li>\n<li>Duradouro<\/li>\n<li>Produto mais vendido<\/li>\n<li>Eau De Perfume (EDP)<\/li>\n<li>Capacidade: 100ml<\/li>\n<li>Linda garrafa decorada<\/li>\n<li>Produto Original da UEA<\/li>\n<li>Recomenda\u00e7\u00e3o para: mulheres<\/li>\n<\/ul>\n","protected":false},"featured_media":11440,"comment_status":"open","ping_status":"closed","template":"","meta":[],"product_brand":[],"product_cat":[244,243],"product_tag":[],"class_list":{"0":"post-22580","1":"product","2":"type-product","3":"status-publish","4":"has-post-thumbnail","6":"product_cat-oud-for-women-pt-br","7":"product_cat-oud-prfume-pt-br-2","8":"product_shipping_class-1-pt-br","10":"first","11":"instock","12":"sale","13":"shipping-taxable","14":"purchasable","15":"product-type-simple"},"supplier_id":null,"supplier_sku":"","barcode":null,"atum_controlled":true,"out_stock_date":null,"out_stock_threshold":null,"inheritable":false,"inbound_stock":0,"stock_on_hold":0,"sold_today":0,"sales_last_days":0,"reserved_stock":0,"customer_returns":0,"warehouse_damage":0,"lost_in_post":0,"other_logs":0,"out_stock_days":0,"lost_sales":0,"has_location":false,"update_date":"2025-12-07T00:04:26","atum_locations":[],"atum_stock_status":"instock","restock_status":false,"low_stock_amount":"","sales_update_date":"2025-12-07T00:04:26","calc_backorders":null,"_links":{"self":[{"href":"https:\/\/myroyalmarket.com\/pt-br\/wp-json\/wp\/v2\/product\/22580","targetHints":{"allow":["GET"]}}],"collection":[{"href":"https:\/\/myroyalmarket.com\/pt-br\/wp-json\/wp\/v2\/product"}],"about":[{"href":"https:\/\/myroyalmarket.com\/pt-br\/wp-json\/wp\/v2\/types\/product"}],"replies":[{"embeddable":true,"href":"https:\/\/myroyalmarket.com\/pt-br\/wp-json\/wp\/v2\/comments?post=22580"}],"wp:featuredmedia":[{"embeddable":true,"href":"https:\/\/myroyalmarket.com\/pt-br\/wp-json\/wp\/v2\/media\/11440"}],"wp:attachment":[{"href":"https:\/\/myroyalmarket.com\/pt-br\/wp-json\/wp\/v2\/media?parent=22580"}],"wp:term":[{"taxonomy":"product_brand","embeddable":true,"href":"https:\/\/myroyalmarket.com\/pt-br\/wp-json\/wp\/v2\/product_brand?post=22580"},{"taxonomy":"product_cat","embeddable":true,"href":"https:\/\/myroyalmarket.com\/pt-br\/wp-json\/wp\/v2\/product_cat?post=22580"},{"taxonomy":"product_tag","embeddable":true,"href":"https:\/\/myroyalmarket.com\/pt-br\/wp-json\/wp\/v2\/product_tag?post=22580"}],"curies":[{"name":"wp","href":"https:\/\/api.w.org\/{rel}","templated":true}]}}