{"id":22588,"date":"2020-10-28T08:28:41","date_gmt":"2022-05-29T17:03:00","guid":{"rendered":"https:\/\/www.my-damas.com\/product\/areej-oud-perfume-100ml-for-men-and-women\/"},"modified":"2022-05-29T17:03:15","modified_gmt":"2022-05-29T17:03:15","slug":"areej-oud-perfume-100ml-for-men-and-women","status":"publish","type":"product","link":"https:\/\/myroyalmarket.com\/pt-br\/produto\/areej-oud-perfume-100ml-for-men-and-women\/","title":{"rendered":"Areej Oud Perfume 80ml para homens e mulheres"},"content":{"rendered":"<div class=\"wpb-content-wrapper\"><p>[vc_row][vc_column width=&#8221;1\/6&#8243;][\/vc_column][vc_column width=&#8221;2\/3&#8243;][vc_column_text]Areej<\/p>\n<p>Um perfume quente com notas c\u00edtricas, orientais, amadeiradas e doces. Uma fragr\u00e2ncia com um toque do oriente\u2026<\/p>\n<p>Esta fragr\u00e2ncia \u00e9 o perfume perfeito para homens e mulheres, tanto pelo seu aroma como pela sua apar\u00eancia. Se voc\u00ea est\u00e1 procurando um perfume Oud \u00e1rabe rico e profundo, n\u00e3o procure mais. Esta fragr\u00e2ncia Arabian Oud ser\u00e1 perfeita para todas as ocasi\u00f5es &#8211; anivers\u00e1rios, anivers\u00e1rios e muito mais.[\/vc_column_text][\/vc_column][vc_column width=&#8221;1\/6&#8243;][\/vc_column][\/vc_row]<\/p>\n<\/div>","protected":false},"excerpt":{"rendered":"<ul>\n<li>Nota de topo: frutas c\u00edtricas, amoras<\/li>\n<li>Nota m\u00e9dia: rosas, jasmim, flores brancas, flores de laranjeira<\/li>\n<li>Nota de fundo: s\u00e2ndalo, fava tonka, baunilha<\/li>\n<li>Duradouro at\u00e9 6 horas<\/li>\n<li>Produto mais vendido<\/li>\n<li>Eau De Perfume (EDP)<\/li>\n<li>Capacidade: 100ml<\/li>\n<li>Linda garrafa decorada<\/li>\n<li>Produto Original da UEA<\/li>\n<\/ul>\n","protected":false},"featured_media":11416,"comment_status":"open","ping_status":"closed","template":"","meta":[],"product_brand":[],"product_cat":[244,243,280,275],"product_tag":[],"class_list":{"0":"post-22588","1":"product","2":"type-product","3":"status-publish","4":"has-post-thumbnail","6":"product_cat-oud-for-women-pt-br","7":"product_cat-oud-prfume-pt-br-2","8":"product_cat-oud-for-men-pt-br","9":"product_cat-oud-unisex-pt-br","10":"product_shipping_class-1-pt-br","12":"first","13":"instock","14":"sale","15":"shipping-taxable","16":"purchasable","17":"product-type-simple"},"supplier_id":null,"supplier_sku":"","barcode":null,"atum_controlled":true,"out_stock_date":null,"out_stock_threshold":null,"inheritable":false,"inbound_stock":0,"stock_on_hold":1,"sold_today":0,"sales_last_days":0,"reserved_stock":0,"customer_returns":0,"warehouse_damage":0,"lost_in_post":0,"other_logs":0,"out_stock_days":0,"lost_sales":0,"has_location":false,"update_date":"2026-05-05T00:45:51","atum_locations":[],"atum_stock_status":"instock","restock_status":false,"low_stock_amount":"","sales_update_date":"2026-05-05T00:45:51","calc_backorders":null,"_links":{"self":[{"href":"https:\/\/myroyalmarket.com\/pt-br\/wp-json\/wp\/v2\/product\/22588","targetHints":{"allow":["GET"]}}],"collection":[{"href":"https:\/\/myroyalmarket.com\/pt-br\/wp-json\/wp\/v2\/product"}],"about":[{"href":"https:\/\/myroyalmarket.com\/pt-br\/wp-json\/wp\/v2\/types\/product"}],"replies":[{"embeddable":true,"href":"https:\/\/myroyalmarket.com\/pt-br\/wp-json\/wp\/v2\/comments?post=22588"}],"wp:featuredmedia":[{"embeddable":true,"href":"https:\/\/myroyalmarket.com\/pt-br\/wp-json\/wp\/v2\/media\/11416"}],"wp:attachment":[{"href":"https:\/\/myroyalmarket.com\/pt-br\/wp-json\/wp\/v2\/media?parent=22588"}],"wp:term":[{"taxonomy":"product_brand","embeddable":true,"href":"https:\/\/myroyalmarket.com\/pt-br\/wp-json\/wp\/v2\/product_brand?post=22588"},{"taxonomy":"product_cat","embeddable":true,"href":"https:\/\/myroyalmarket.com\/pt-br\/wp-json\/wp\/v2\/product_cat?post=22588"},{"taxonomy":"product_tag","embeddable":true,"href":"https:\/\/myroyalmarket.com\/pt-br\/wp-json\/wp\/v2\/product_tag?post=22588"}],"curies":[{"name":"wp","href":"https:\/\/api.w.org\/{rel}","templated":true}]}}