{"id":22612,"date":"2020-10-28T08:28:37","date_gmt":"2022-05-30T08:17:34","guid":{"rendered":"https:\/\/www.my-damas.com\/product\/musk-yemeni-oud-perfume-100ml-for-men-and-women\/"},"modified":"2022-05-30T08:17:36","modified_gmt":"2022-05-30T08:17:36","slug":"musk-yemeni-oud-perfume-100ml-for-men-and-women","status":"publish","type":"product","link":"https:\/\/myroyalmarket.com\/pt-br\/produto\/musk-yemeni-oud-perfume-100ml-for-men-and-women\/","title":{"rendered":"Musk Yemeni (Oud Perfume) 100ML para Homens e Mulheres por Ard Al Zaafaran Perfumes"},"content":{"rendered":"<div class=\"wpb-content-wrapper\"><p>[vc_row][vc_column width=&#8221;1\/6&#8243;][\/vc_column][vc_column width=&#8221;2\/3&#8243;][vc_column_text]<\/p>\n<h2>Perfume Musk Yemeni Eau de Parfum de Ard Al Zaafaran<\/h2>\n<p>Musk Yemeni Eau de Parfum de Ard Al Zaafaran \u00e9 uma fragr\u00e2ncia amadeirada oriental para mulheres e homens.<\/p>\n<p>Perfume Musk Yemeni come\u00e7a com uma bela nota de topo de bergamota, alm\u00edscar e vetiver.<\/p>\n<p>Neroli, cravo, flor de laranjeira e patchouli formam a nota de cora\u00e7\u00e3o e adicionam algumas fragr\u00e2ncias florais.<\/p>\n<p>Oudh, alm\u00edscar, cedro e patchouli na base proporcionam um agrad\u00e1vel acabamento amadeirado e almiscarado ao perfume.<\/p>\n<p>Um belo perfume de alm\u00edscar com Oudh, onde a bergamota define interessantes acentos c\u00edtricos.<\/p>\n<p>Musk Yemeni faz parte da cole\u00e7\u00e3o Surrori de Ard Al Zaafaran.[\/vc_column_text][vc_column_text]\u2022 Principais acordes: Oudh, alm\u00edscar, amadeirado, patchouli, oriental\u2022 Principais acordes: Oudh, alm\u00edscar, amadeirado, patchouli, oriental[\/vc_column_text][\/vc_column][vc_column width=&#8221;1\/6&#8243;][\/vc_column][\/vc_row]<\/p>\n<\/div>","protected":false},"excerpt":{"rendered":"<ul>\n<li>Notas de topo: bergamota, alm\u00edscar, vetiver<\/li>\n<li>Notas m\u00e9dias: neroli, cravo, flor de laranjeira, patchouli<\/li>\n<li>Notas de fundo: Oudh, alm\u00edscar, cedro, patchouli<\/li>\n<li>Duradouro at\u00e9 6 horas<\/li>\n<li>Produto mais vendido<\/li>\n<li>Eau De Perfume (EDP)<\/li>\n<li>Capacidade: 100ml<\/li>\n<li>Linda garrafa decorada<\/li>\n<li>Produto Original da UEA<\/li>\n<\/ul>\n","protected":false},"featured_media":11536,"comment_status":"open","ping_status":"closed","template":"","meta":[],"product_brand":[],"product_cat":[244,243,280,275],"product_tag":[],"class_list":{"0":"post-22612","1":"product","2":"type-product","3":"status-publish","4":"has-post-thumbnail","6":"product_cat-oud-for-women-pt-br","7":"product_cat-oud-prfume-pt-br-2","8":"product_cat-oud-for-men-pt-br","9":"product_cat-oud-unisex-pt-br","10":"product_shipping_class-1-pt-br","12":"first","13":"outofstock","14":"sale","15":"shipping-taxable","16":"purchasable","17":"product-type-simple"},"supplier_id":null,"supplier_sku":"","barcode":null,"atum_controlled":true,"out_stock_date":null,"out_stock_threshold":null,"inheritable":false,"inbound_stock":0,"stock_on_hold":0,"sold_today":0,"sales_last_days":0,"reserved_stock":0,"customer_returns":0,"warehouse_damage":0,"lost_in_post":0,"other_logs":0,"out_stock_days":0,"lost_sales":0,"has_location":false,"update_date":"2026-05-05T00:45:43","atum_locations":[],"atum_stock_status":"outofstock","restock_status":false,"low_stock_amount":"","sales_update_date":"2026-05-05T00:45:43","calc_backorders":null,"_links":{"self":[{"href":"https:\/\/myroyalmarket.com\/pt-br\/wp-json\/wp\/v2\/product\/22612","targetHints":{"allow":["GET"]}}],"collection":[{"href":"https:\/\/myroyalmarket.com\/pt-br\/wp-json\/wp\/v2\/product"}],"about":[{"href":"https:\/\/myroyalmarket.com\/pt-br\/wp-json\/wp\/v2\/types\/product"}],"replies":[{"embeddable":true,"href":"https:\/\/myroyalmarket.com\/pt-br\/wp-json\/wp\/v2\/comments?post=22612"}],"wp:featuredmedia":[{"embeddable":true,"href":"https:\/\/myroyalmarket.com\/pt-br\/wp-json\/wp\/v2\/media\/11536"}],"wp:attachment":[{"href":"https:\/\/myroyalmarket.com\/pt-br\/wp-json\/wp\/v2\/media?parent=22612"}],"wp:term":[{"taxonomy":"product_brand","embeddable":true,"href":"https:\/\/myroyalmarket.com\/pt-br\/wp-json\/wp\/v2\/product_brand?post=22612"},{"taxonomy":"product_cat","embeddable":true,"href":"https:\/\/myroyalmarket.com\/pt-br\/wp-json\/wp\/v2\/product_cat?post=22612"},{"taxonomy":"product_tag","embeddable":true,"href":"https:\/\/myroyalmarket.com\/pt-br\/wp-json\/wp\/v2\/product_tag?post=22612"}],"curies":[{"name":"wp","href":"https:\/\/api.w.org\/{rel}","templated":true}]}}