{"id":22618,"date":"2020-10-28T08:28:37","date_gmt":"2022-05-30T08:25:23","guid":{"rendered":"https:\/\/www.my-damas.com\/product\/khalis-musk-pure-musk-oud-perfume-100ml-for-men-and-women\/"},"modified":"2022-05-30T08:25:29","modified_gmt":"2022-05-30T08:25:29","slug":"khalis-musk-pure-musk-oud-perfume-100ml-for-men-and-women","status":"publish","type":"product","link":"https:\/\/myroyalmarket.com\/pt-br\/produto\/khalis-musk-pure-musk-oud-perfume-100ml-for-men-and-women\/","title":{"rendered":"Khalis Pure Musk Eau de Parfum 100ML para Homens e Mulheres por Lattafa Perfumes"},"content":{"rendered":"<div class=\"wpb-content-wrapper\"><p>[vc_row][vc_column width=&#8221;1\/6&#8243;][\/vc_column][vc_column width=&#8221;2\/3&#8243;][vc_column_text]<\/p>\n<h2>Khalis Pure Musk Eau de Parfum de Lattafa Perfumes<\/h2>\n<p>Khalis Pure Musk Eau de Parfum de Lattafa Perfumes \u00e9 um perfume oriental com aromas doces e suaves de alm\u00edscar branco.<\/p>\n<p>Esta fragr\u00e2ncia n\u00e3o ofensiva \u00e9 ideal para todas as ocasi\u00f5es.<\/p>\n<p>&nbsp;<\/p>\n<p>Principais acordes: limpo, doce, alm\u00edscar branco[\/vc_column_text][\/vc_column][vc_column width=&#8221;1\/6&#8243;][\/vc_column][\/vc_row]<\/p>\n<\/div>","protected":false},"excerpt":{"rendered":"<ul>\n<li>Notas de topo: Alm\u00edscar e \u00c2mbar<\/li>\n<li>Notas m\u00e9dias: alm\u00edscar, rosa e a\u00e7\u00facar<\/li>\n<li>Notas de fundo: alm\u00edscar, notas amadeiradas e baunilha<\/li>\n<li>Capacidade: 100ml<\/li>\n<li>Fabricante: Lattafa<\/li>\n<li>Pa\u00eds de fabrica\u00e7\u00e3o: Emirados \u00c1rabes Unidos<\/li>\n<li>G\u00eanero: Unissex<\/li>\n<\/ul>\n","protected":false},"featured_media":11528,"comment_status":"open","ping_status":"closed","template":"","meta":[],"product_brand":[],"product_cat":[244,243,280,275],"product_tag":[],"class_list":{"0":"post-22618","1":"product","2":"type-product","3":"status-publish","4":"has-post-thumbnail","6":"product_cat-oud-for-women-pt-br","7":"product_cat-oud-prfume-pt-br-2","8":"product_cat-oud-for-men-pt-br","9":"product_cat-oud-unisex-pt-br","10":"product_shipping_class-1-pt-br","12":"first","13":"instock","14":"sale","15":"shipping-taxable","16":"purchasable","17":"product-type-simple"},"supplier_id":null,"supplier_sku":"","barcode":null,"atum_controlled":true,"out_stock_date":null,"out_stock_threshold":null,"inheritable":false,"inbound_stock":0,"stock_on_hold":0,"sold_today":0,"sales_last_days":0,"reserved_stock":0,"customer_returns":0,"warehouse_damage":0,"lost_in_post":0,"other_logs":0,"out_stock_days":0,"lost_sales":0,"has_location":false,"update_date":"2025-12-06T15:17:53","atum_locations":[],"atum_stock_status":"instock","restock_status":false,"low_stock_amount":"","sales_update_date":"2025-12-06T15:17:53","calc_backorders":null,"_links":{"self":[{"href":"https:\/\/myroyalmarket.com\/pt-br\/wp-json\/wp\/v2\/product\/22618","targetHints":{"allow":["GET"]}}],"collection":[{"href":"https:\/\/myroyalmarket.com\/pt-br\/wp-json\/wp\/v2\/product"}],"about":[{"href":"https:\/\/myroyalmarket.com\/pt-br\/wp-json\/wp\/v2\/types\/product"}],"replies":[{"embeddable":true,"href":"https:\/\/myroyalmarket.com\/pt-br\/wp-json\/wp\/v2\/comments?post=22618"}],"wp:featuredmedia":[{"embeddable":true,"href":"https:\/\/myroyalmarket.com\/pt-br\/wp-json\/wp\/v2\/media\/11528"}],"wp:attachment":[{"href":"https:\/\/myroyalmarket.com\/pt-br\/wp-json\/wp\/v2\/media?parent=22618"}],"wp:term":[{"taxonomy":"product_brand","embeddable":true,"href":"https:\/\/myroyalmarket.com\/pt-br\/wp-json\/wp\/v2\/product_brand?post=22618"},{"taxonomy":"product_cat","embeddable":true,"href":"https:\/\/myroyalmarket.com\/pt-br\/wp-json\/wp\/v2\/product_cat?post=22618"},{"taxonomy":"product_tag","embeddable":true,"href":"https:\/\/myroyalmarket.com\/pt-br\/wp-json\/wp\/v2\/product_tag?post=22618"}],"curies":[{"name":"wp","href":"https:\/\/api.w.org\/{rel}","templated":true}]}}