{"id":22624,"date":"2020-10-28T08:28:37","date_gmt":"2022-05-30T08:31:23","guid":{"rendered":"https:\/\/www.my-damas.com\/product\/gwad-el-leil-oud-perfume-100ml-for-women-and-men\/"},"modified":"2022-05-30T08:40:37","modified_gmt":"2022-05-30T08:40:37","slug":"gwad-el-leil-oud-perfume-100ml-for-women-and-men","status":"publish","type":"product","link":"https:\/\/myroyalmarket.com\/pt-br\/produto\/gwad-el-leil-oud-perfume-100ml-for-women-and-men\/","title":{"rendered":"Gwad El leil (Oud Perfume) 100ML para mulheres e homens por Khales"},"content":{"rendered":"<div class=\"wpb-content-wrapper\"><p>[vc_row][vc_column width=&#8221;1\/6&#8243;][\/vc_column][vc_column width=&#8221;2\/3&#8243;][vc_column_text]Gwad El Leil, a fragr\u00e2ncia de luxo distinta, reflete o luxo de sua personalidade, com um aroma distinto de oud real e uma brisa luxuosa de incenso, uma fragr\u00e2ncia perfumada que compartilha com voc\u00ea os m\u00ednimos detalhes de seus eventos e faz voc\u00ea se sentir luxuoso, real e rico.[\/vc_column_text][vc_column_text]\u00c9 intercalado com o luxuoso e original oud da Mal\u00e1sia que lhe confere resist\u00eancia e durabilidade.<br \/>\nO perfume Gwad El Leil \u00e9 considerado uma fragr\u00e2ncia atalcada que combina os aromas de caramelo, c\u00edtricos, baunilha, \u00e2mbar e oud.[\/vc_column_text][\/vc_column][vc_column width=&#8221;1\/6&#8243;][\/vc_column][\/vc_row]<\/p>\n<\/div>","protected":false},"excerpt":{"rendered":"<ul>\n<li>Marca: Khalis<\/li>\n<li>Tipo de fragr\u00e2ncia: Eau de Parfum<\/li>\n<li>Caramelo, c\u00edtrico, baunilha, \u00e2mbar e oud.<\/li>\n<li>Tamanho: 100ml<\/li>\n<li>Grupo Alvo: Unissex<\/li>\n<li>Fam\u00edlia de fragr\u00e2ncias: cria\u00e7\u00e3o<\/li>\n<li>Nome do perfume: Jawad Al Layl<\/li>\n<\/ul>\n","protected":false},"featured_media":11524,"comment_status":"open","ping_status":"closed","template":"","meta":[],"product_brand":[],"product_cat":[244,243,280,275],"product_tag":[],"class_list":{"0":"post-22624","1":"product","2":"type-product","3":"status-publish","4":"has-post-thumbnail","6":"product_cat-oud-for-women-pt-br","7":"product_cat-oud-prfume-pt-br-2","8":"product_cat-oud-for-men-pt-br","9":"product_cat-oud-unisex-pt-br","10":"product_shipping_class-1-pt-br","12":"first","13":"instock","14":"sale","15":"shipping-taxable","16":"purchasable","17":"product-type-simple"},"supplier_id":null,"supplier_sku":"","barcode":null,"atum_controlled":true,"out_stock_date":null,"out_stock_threshold":null,"inheritable":false,"inbound_stock":0,"stock_on_hold":0,"sold_today":0,"sales_last_days":0,"reserved_stock":0,"customer_returns":0,"warehouse_damage":0,"lost_in_post":0,"other_logs":0,"out_stock_days":0,"lost_sales":0,"has_location":false,"update_date":"2025-12-07T00:04:31","atum_locations":[],"atum_stock_status":"instock","restock_status":false,"low_stock_amount":"","sales_update_date":"2025-12-07T00:04:31","calc_backorders":null,"_links":{"self":[{"href":"https:\/\/myroyalmarket.com\/pt-br\/wp-json\/wp\/v2\/product\/22624","targetHints":{"allow":["GET"]}}],"collection":[{"href":"https:\/\/myroyalmarket.com\/pt-br\/wp-json\/wp\/v2\/product"}],"about":[{"href":"https:\/\/myroyalmarket.com\/pt-br\/wp-json\/wp\/v2\/types\/product"}],"replies":[{"embeddable":true,"href":"https:\/\/myroyalmarket.com\/pt-br\/wp-json\/wp\/v2\/comments?post=22624"}],"wp:featuredmedia":[{"embeddable":true,"href":"https:\/\/myroyalmarket.com\/pt-br\/wp-json\/wp\/v2\/media\/11524"}],"wp:attachment":[{"href":"https:\/\/myroyalmarket.com\/pt-br\/wp-json\/wp\/v2\/media?parent=22624"}],"wp:term":[{"taxonomy":"product_brand","embeddable":true,"href":"https:\/\/myroyalmarket.com\/pt-br\/wp-json\/wp\/v2\/product_brand?post=22624"},{"taxonomy":"product_cat","embeddable":true,"href":"https:\/\/myroyalmarket.com\/pt-br\/wp-json\/wp\/v2\/product_cat?post=22624"},{"taxonomy":"product_tag","embeddable":true,"href":"https:\/\/myroyalmarket.com\/pt-br\/wp-json\/wp\/v2\/product_tag?post=22624"}],"curies":[{"name":"wp","href":"https:\/\/api.w.org\/{rel}","templated":true}]}}