{"id":22634,"date":"2020-10-28T08:28:37","date_gmt":"2022-05-30T09:11:05","guid":{"rendered":"https:\/\/www.my-damas.com\/product\/ser-al-khulood-oud-perfume-100-ml-for-lattafa-for-men-and-women\/"},"modified":"2022-05-30T09:11:14","modified_gmt":"2022-05-30T09:11:14","slug":"ser-al-khulood-oud-perfume-100-ml-for-lattafa-for-men-and-women","status":"publish","type":"product","link":"https:\/\/myroyalmarket.com\/pt-br\/produto\/ser-al-khulood-oud-perfume-100-ml-for-lattafa-for-men-and-women\/","title":{"rendered":"Perfume Ser Al Khulood Oud 100 ML por Lattafa para homens e mulheres"},"content":{"rendered":"<div class=\"wpb-content-wrapper\"><p>[vc_row][vc_column width=&#8221;1\/6&#8243;][\/vc_column][vc_column width=&#8221;2\/3&#8243;][vc_column_text]<\/p>\n<h2>Ser Al Khulood Eau de Parfum Spray de Lattafa<\/h2>\n<div>Ser Al Khulood Eau de Parfum de Lattafa \u00e9 uma fragr\u00e2ncia oriental com notas doces e frutadas.<\/div>\n<div><\/div>\n<div>A nota de topo abre frutado-doce e relativamente alto com morangos e a\u00e7\u00facar.<\/div>\n<div><\/div>\n<div>Os morangos s\u00e3o rapidamente substitu\u00eddos por jasmim e tuberosa e a fragr\u00e2ncia come\u00e7a a parecer mais quente e oriental.<\/div>\n<div><\/div>\n<div>\u00c2mbar, baunilha e alm\u00edscar formam um acabamento adequado aos aromas florais da nota de cora\u00e7\u00e3o.<\/div>\n<div><\/div>\n<div>Um perfume quente e floral com uma abertura interessante, adequado para qualquer ocasi\u00e3o.<\/div>\n<div><\/div>\n<div>Principais acordes: doce, frutado, floral branco, tuberosa, baunilha<\/div>\n<p>[\/vc_column_text][vc_column_text]<\/p>\n<div>\u2022 Adequado para: mulheres e homens<\/div>\n<div>\u2022 Cont\u00e9m \u00e1lcool desnaturado (halal)<\/div>\n<div>\u2022 Quantidade: 100ml<\/div>\n<div>\u2022 Frasco com bico de pulveriza\u00e7\u00e3o<\/div>\n<div>\u2022 Fabricante: Lattafa<\/div>\n<p>[\/vc_column_text][\/vc_column][vc_column width=&#8221;1\/6&#8243;][\/vc_column][\/vc_row]<\/p>\n<\/div>","protected":false},"excerpt":{"rendered":"<ul>\n<li>Notas de topo: morango, a\u00e7\u00facar<\/li>\n<li>Notas m\u00e9dias: tuberosa, jasmim<\/li>\n<li>Notas de fundo: \u00e2mbar, alm\u00edscar, baunilha<\/li>\n<li>Adequado para: mulheres e homens<\/li>\n<li>Cont\u00e9m \u00e1lcool desnaturado (halal)<\/li>\n<li>Quantidade: 100ml<\/li>\n<li>Frasco com bico de pulveriza\u00e7\u00e3o<\/li>\n<li>Fabricante: Lattafa<\/li>\n<\/ul>\n","protected":false},"featured_media":11512,"comment_status":"open","ping_status":"closed","template":"","meta":[],"product_brand":[],"product_cat":[244,243,280,275],"product_tag":[],"class_list":{"0":"post-22634","1":"product","2":"type-product","3":"status-publish","4":"has-post-thumbnail","6":"product_cat-oud-for-women-pt-br","7":"product_cat-oud-prfume-pt-br-2","8":"product_cat-oud-for-men-pt-br","9":"product_cat-oud-unisex-pt-br","10":"product_shipping_class-1-pt-br","12":"first","13":"instock","14":"sale","15":"shipping-taxable","16":"purchasable","17":"product-type-simple"},"supplier_id":null,"supplier_sku":"","barcode":null,"atum_controlled":true,"out_stock_date":null,"out_stock_threshold":null,"inheritable":false,"inbound_stock":0,"stock_on_hold":0,"sold_today":0,"sales_last_days":0,"reserved_stock":0,"customer_returns":0,"warehouse_damage":0,"lost_in_post":0,"other_logs":0,"out_stock_days":0,"lost_sales":0,"has_location":false,"update_date":"2025-12-07T00:04:32","atum_locations":[],"atum_stock_status":"instock","restock_status":false,"low_stock_amount":"","sales_update_date":"2025-12-07T00:04:32","calc_backorders":null,"_links":{"self":[{"href":"https:\/\/myroyalmarket.com\/pt-br\/wp-json\/wp\/v2\/product\/22634","targetHints":{"allow":["GET"]}}],"collection":[{"href":"https:\/\/myroyalmarket.com\/pt-br\/wp-json\/wp\/v2\/product"}],"about":[{"href":"https:\/\/myroyalmarket.com\/pt-br\/wp-json\/wp\/v2\/types\/product"}],"replies":[{"embeddable":true,"href":"https:\/\/myroyalmarket.com\/pt-br\/wp-json\/wp\/v2\/comments?post=22634"}],"wp:featuredmedia":[{"embeddable":true,"href":"https:\/\/myroyalmarket.com\/pt-br\/wp-json\/wp\/v2\/media\/11512"}],"wp:attachment":[{"href":"https:\/\/myroyalmarket.com\/pt-br\/wp-json\/wp\/v2\/media?parent=22634"}],"wp:term":[{"taxonomy":"product_brand","embeddable":true,"href":"https:\/\/myroyalmarket.com\/pt-br\/wp-json\/wp\/v2\/product_brand?post=22634"},{"taxonomy":"product_cat","embeddable":true,"href":"https:\/\/myroyalmarket.com\/pt-br\/wp-json\/wp\/v2\/product_cat?post=22634"},{"taxonomy":"product_tag","embeddable":true,"href":"https:\/\/myroyalmarket.com\/pt-br\/wp-json\/wp\/v2\/product_tag?post=22634"}],"curies":[{"name":"wp","href":"https:\/\/api.w.org\/{rel}","templated":true}]}}