{"id":22643,"date":"2020-10-28T08:28:37","date_gmt":"2022-05-30T17:18:08","guid":{"rendered":"https:\/\/www.my-damas.com\/product\/ameer-al-dalaal-oud-perfume-100-ml-for-women\/"},"modified":"2022-10-12T07:22:06","modified_gmt":"2022-10-12T07:22:06","slug":"ameer-al-dalaal-oud-perfume-100-ml-for-women-2","status":"publish","type":"product","link":"https:\/\/myroyalmarket.com\/pt-br\/produto\/ameer-al-dalaal-oud-perfume-100-ml-for-women-2\/","title":{"rendered":"Perfume Ameer Al Dalaal Oud 100 ML para Mulheres de Ard Al Zaafaran"},"content":{"rendered":"<h1>Ameerat Al Dalal<\/h1>\n<p>Esta \u00e9 uma fragr\u00e2ncia floral amadeirada almiscarada para mulheres.<\/p>\n","protected":false},"excerpt":{"rendered":"<ul>\n<li>Notas de topo: c\u00edtricos e notas florais<\/li>\n<li>Notas m\u00e9dias: jasmim<\/li>\n<li>Notas de fundo: notas amadeiradas e alm\u00edscar<\/li>\n<li>Marca: Ard al Zaafaran \/ Suroori<\/li>\n<li>Adequado para: Mulheres<\/li>\n<li>Pa\u00eds de fabrica\u00e7\u00e3o: Emirados \u00c1rabes Unidos<\/li>\n<li>Tamanho: 100ml<\/li>\n<\/ul>\n","protected":false},"featured_media":11508,"comment_status":"open","ping_status":"closed","template":"","meta":[],"product_brand":[],"product_cat":[244,243],"product_tag":[],"class_list":{"0":"post-22643","1":"product","2":"type-product","3":"status-publish","4":"has-post-thumbnail","6":"product_cat-oud-for-women-pt-br","7":"product_cat-oud-prfume-pt-br-2","8":"product_shipping_class-1-pt-br","10":"first","11":"outofstock","12":"sale","13":"shipping-taxable","14":"purchasable","15":"product-type-simple"},"supplier_id":null,"supplier_sku":"","barcode":null,"atum_controlled":true,"out_stock_date":"2022-10-12 07:53:26","out_stock_threshold":null,"inheritable":false,"inbound_stock":0,"stock_on_hold":0,"sold_today":0,"sales_last_days":0,"reserved_stock":0,"customer_returns":0,"warehouse_damage":0,"lost_in_post":0,"other_logs":0,"out_stock_days":1151,"lost_sales":0,"has_location":false,"update_date":"2025-12-07T00:04:36","atum_locations":[],"atum_stock_status":"outofstock","restock_status":false,"low_stock_amount":"","sales_update_date":"2025-12-07T00:04:36","calc_backorders":null,"_links":{"self":[{"href":"https:\/\/myroyalmarket.com\/pt-br\/wp-json\/wp\/v2\/product\/22643","targetHints":{"allow":["GET"]}}],"collection":[{"href":"https:\/\/myroyalmarket.com\/pt-br\/wp-json\/wp\/v2\/product"}],"about":[{"href":"https:\/\/myroyalmarket.com\/pt-br\/wp-json\/wp\/v2\/types\/product"}],"replies":[{"embeddable":true,"href":"https:\/\/myroyalmarket.com\/pt-br\/wp-json\/wp\/v2\/comments?post=22643"}],"wp:featuredmedia":[{"embeddable":true,"href":"https:\/\/myroyalmarket.com\/pt-br\/wp-json\/wp\/v2\/media\/11508"}],"wp:attachment":[{"href":"https:\/\/myroyalmarket.com\/pt-br\/wp-json\/wp\/v2\/media?parent=22643"}],"wp:term":[{"taxonomy":"product_brand","embeddable":true,"href":"https:\/\/myroyalmarket.com\/pt-br\/wp-json\/wp\/v2\/product_brand?post=22643"},{"taxonomy":"product_cat","embeddable":true,"href":"https:\/\/myroyalmarket.com\/pt-br\/wp-json\/wp\/v2\/product_cat?post=22643"},{"taxonomy":"product_tag","embeddable":true,"href":"https:\/\/myroyalmarket.com\/pt-br\/wp-json\/wp\/v2\/product_tag?post=22643"}],"curies":[{"name":"wp","href":"https:\/\/api.w.org\/{rel}","templated":true}]}}