{"id":22659,"date":"2020-10-28T08:28:37","date_gmt":"2022-05-31T08:19:46","guid":{"rendered":"https:\/\/www.my-damas.com\/product\/zahoor-francee-oud-perfume-100-ml-from-ard-al-zafaran-for-women\/"},"modified":"2022-05-31T08:19:50","modified_gmt":"2022-05-31T08:19:50","slug":"zahoor-francee-oud-perfume-100-ml-from-ard-al-zafaran-for-women","status":"publish","type":"product","link":"https:\/\/myroyalmarket.com\/pt-br\/produto\/zahoor-francee-oud-perfume-100-ml-from-ard-al-zafaran-for-women\/","title":{"rendered":"Zahoor Francee Oud perfume 100 ML por Ard Al Zafaran para Mulheres"},"content":{"rendered":"<div class=\"wpb-content-wrapper\"><p>[vc_row][vc_column width=&#8221;1\/6&#8243;][\/vc_column][vc_column width=&#8221;2\/3&#8243;][vc_column_text]<\/p>\n<h2>Perfume Zahoor Francee Eau de Parfum Spray de Ard Al Zaafaran<\/h2>\n<div>Perfume Zahoor Francee Eau de Parfum de Ard Al Zaafaran \u00e9 um perfume floral frutado para mulheres.<\/div>\n<div><\/div>\n<div>\n<p>O perfume n\u00e3o tem um topo, cora\u00e7\u00e3o e nota de base t\u00edpicos, mas encanta com notas florais de jasmim e rosas, que foram habilmente combinadas com aromas frutados de abacaxi, morangos e uvas. Alm\u00edscar branco em p\u00f3 e \u00e2mbar quente conferem suavidade e calor lisonjeiro. Um perfume lindamente equilibrado com uma do\u00e7ura deliciosa que \u00e9 muito adequado para qualquer ocasi\u00e3o.<\/p>\n<p>Principais acordes: frutado, doce, \u00e2mbar, almiscarado, floral branco, rosas, atalcado<\/p>\n<\/div>\n<p>[\/vc_column_text][vc_column_text]<\/p>\n<div>\n<div>\u2022 Recomenda\u00e7\u00e3o para: mulheres<\/div>\n<\/div>\n<div><\/div>\n<div>\n<p>\u2022 Cont\u00e9m \u00e1lcool desnaturado<\/p>\n<p>\u2022 Quantidade: 100ml Eau de perfume<\/p>\n<\/div>\n<div><\/div>\n<div>\u2022 Frasco com bico de pulveriza\u00e7\u00e3o<\/div>\n<div><\/div>\n<div>\u2022 Fabricante: Ard Al Zaafaran<\/div>\n<p>[\/vc_column_text][\/vc_column][vc_column width=&#8221;1\/6&#8243;][\/vc_column][\/vc_row]<\/p>\n<\/div>","protected":false},"excerpt":{"rendered":"<ul>\n<li><strong>Notas de topo:<\/strong> rosas, jasmim, abacaxi<\/li>\n<li><strong>Notas m\u00e9dias:<\/strong> uvas, morango<\/li>\n<li><strong>Notas de fundo:<\/strong> \u00e2mbar, alm\u00edscar branco<\/li>\n<li><strong>Marca<\/strong> : Ard Al Zafaran<\/li>\n<li><strong>Tipo de fragr\u00e2ncia<\/strong> : Eau de Parfum<\/li>\n<li><strong>Tamanho<\/strong> : 100ml<\/li>\n<li><strong>Grupo Alvo<\/strong> : Mulheres<\/li>\n<li><strong>Fam\u00edlia de fragr\u00e2ncias<\/strong> : floral e frutado<\/li>\n<li><strong>Nome do perfume<\/strong> : Zahoor Francee<\/li>\n<\/ul>\n","protected":false},"featured_media":11492,"comment_status":"open","ping_status":"closed","template":"","meta":[],"product_brand":[],"product_cat":[244,243],"product_tag":[],"class_list":{"0":"post-22659","1":"product","2":"type-product","3":"status-publish","4":"has-post-thumbnail","6":"product_cat-oud-for-women-pt-br","7":"product_cat-oud-prfume-pt-br-2","8":"product_shipping_class-1-pt-br","10":"first","11":"instock","12":"sale","13":"shipping-taxable","14":"purchasable","15":"product-type-simple"},"supplier_id":null,"supplier_sku":"","barcode":null,"atum_controlled":true,"out_stock_date":null,"out_stock_threshold":null,"inheritable":false,"inbound_stock":0,"stock_on_hold":0,"sold_today":0,"sales_last_days":0,"reserved_stock":0,"customer_returns":0,"warehouse_damage":0,"lost_in_post":0,"other_logs":0,"out_stock_days":0,"lost_sales":0,"has_location":false,"update_date":"2026-05-05T00:45:46","atum_locations":[],"atum_stock_status":"instock","restock_status":false,"low_stock_amount":"","sales_update_date":"2026-05-05T00:45:46","calc_backorders":null,"_links":{"self":[{"href":"https:\/\/myroyalmarket.com\/pt-br\/wp-json\/wp\/v2\/product\/22659","targetHints":{"allow":["GET"]}}],"collection":[{"href":"https:\/\/myroyalmarket.com\/pt-br\/wp-json\/wp\/v2\/product"}],"about":[{"href":"https:\/\/myroyalmarket.com\/pt-br\/wp-json\/wp\/v2\/types\/product"}],"replies":[{"embeddable":true,"href":"https:\/\/myroyalmarket.com\/pt-br\/wp-json\/wp\/v2\/comments?post=22659"}],"wp:featuredmedia":[{"embeddable":true,"href":"https:\/\/myroyalmarket.com\/pt-br\/wp-json\/wp\/v2\/media\/11492"}],"wp:attachment":[{"href":"https:\/\/myroyalmarket.com\/pt-br\/wp-json\/wp\/v2\/media?parent=22659"}],"wp:term":[{"taxonomy":"product_brand","embeddable":true,"href":"https:\/\/myroyalmarket.com\/pt-br\/wp-json\/wp\/v2\/product_brand?post=22659"},{"taxonomy":"product_cat","embeddable":true,"href":"https:\/\/myroyalmarket.com\/pt-br\/wp-json\/wp\/v2\/product_cat?post=22659"},{"taxonomy":"product_tag","embeddable":true,"href":"https:\/\/myroyalmarket.com\/pt-br\/wp-json\/wp\/v2\/product_tag?post=22659"}],"curies":[{"name":"wp","href":"https:\/\/api.w.org\/{rel}","templated":true}]}}