{"id":22697,"date":"2020-10-28T08:28:37","date_gmt":"2022-05-31T15:32:45","guid":{"rendered":"https:\/\/www.my-damas.com\/product\/musk-mood-eau-de-parfum-100ml-oud-for-women-and-men\/"},"modified":"2022-05-31T15:32:50","modified_gmt":"2022-05-31T15:32:50","slug":"musk-mood-eau-de-parfum-100ml-oud-for-women-and-men","status":"publish","type":"product","link":"https:\/\/myroyalmarket.com\/pt-br\/produto\/musk-mood-eau-de-parfum-100ml-oud-for-women-and-men\/","title":{"rendered":"Musk Mood Eau de Parfum 100ml (Oud) para Mulheres e Homens por Lattafa Perfumes"},"content":{"rendered":"<div class=\"wpb-content-wrapper\"><p>[vc_row][vc_column width=&#8221;1\/6&#8243;][\/vc_column][vc_column width=&#8221;2\/3&#8243;][vc_column_text]<\/p>\n<h2>Perfume Musk Mood Eau de Parfum de Lattafa Perfumes<\/h2>\n<p>Perfume Musk Mood Eau de Parfum de Lattafa Perfumes \u00e9 um perfume de alm\u00edscar branco perfeito. Fino, macio e atalcado, espalha frescor e harmonia.<\/p>\n<p>A nota de topo espalha notas c\u00edtricas e frutadas sem sobrecarregar. Aqui, o protagonista &#8220;White Musk&#8221; j\u00e1 brilha e d\u00e1 uma ideia do clima principal do perfume.<\/p>\n<p>A nota de cora\u00e7\u00e3o \u00e9 uma mistura de aromas florais, alm\u00edscar branco e baunilha.<\/p>\n<p>A base completa o perfume com alm\u00edscar branco e s\u00e2ndalo.<\/p>\n<p>Um perfume fino e leve com um reconfortante alm\u00edscar branco como fragr\u00e2ncia que define o tom, que \u00e9 adequado para o uso di\u00e1rio.<\/p>\n<p>Principais acordes: alm\u00edscar branco, floral, amadeirado, atalcado, suave[\/vc_column_text][vc_single_image image=&#8221;11664&#8243; img_size=&#8221;full&#8221;][vc_column_text]\u2022 Recomenda\u00e7\u00e3o para: mulheres e homens<\/p>\n<p>\u2022 Cont\u00e9m \u00e1lcool desnaturado (halal)<\/p>\n<p>\u2022 Quantidade: 100ml Eau de perfume<\/p>\n<div>\u2022 Frasco com bico de pulveriza\u00e7\u00e3o<\/div>\n<p>[\/vc_column_text][\/vc_column][vc_column width=&#8221;1\/6&#8243;][\/vc_column][\/vc_row]<\/p>\n<\/div>","protected":false},"excerpt":{"rendered":"<ul>\n<li>Notas de topo: frutas c\u00edtricas, notas frutadas<\/li>\n<li>Notas m\u00e9dias: florais, baunilha, alm\u00edscar branco<\/li>\n<li>Notas de fundo: alm\u00edscar branco, s\u00e2ndalo<\/li>\n<li>Duradouro at\u00e9 6 horas<\/li>\n<li>Cont\u00e9m \u00e1lcool desnaturado (halal)<\/li>\n<li>Produto mais vendido<\/li>\n<li>Eau De Perfume (EDP)<\/li>\n<li>Capacidade: 100ml<\/li>\n<li>Linda garrafa decorada<\/li>\n<li>Produto Original da UEA<\/li>\n<\/ul>\n","protected":false},"featured_media":11656,"comment_status":"open","ping_status":"closed","template":"","meta":[],"product_brand":[],"product_cat":[244,243,280,275],"product_tag":[],"class_list":{"0":"post-22697","1":"product","2":"type-product","3":"status-publish","4":"has-post-thumbnail","6":"product_cat-oud-for-women-pt-br","7":"product_cat-oud-prfume-pt-br-2","8":"product_cat-oud-for-men-pt-br","9":"product_cat-oud-unisex-pt-br","10":"product_shipping_class-1-pt-br","12":"first","13":"instock","14":"sale","15":"shipping-taxable","16":"purchasable","17":"product-type-simple"},"supplier_id":null,"supplier_sku":"","barcode":null,"atum_controlled":true,"out_stock_date":null,"out_stock_threshold":null,"inheritable":false,"inbound_stock":0,"stock_on_hold":0,"sold_today":0,"sales_last_days":0,"reserved_stock":0,"customer_returns":0,"warehouse_damage":0,"lost_in_post":0,"other_logs":0,"out_stock_days":0,"lost_sales":0,"has_location":false,"update_date":"2026-05-05T00:45:22","atum_locations":[],"atum_stock_status":"instock","restock_status":false,"low_stock_amount":"","sales_update_date":"2026-05-05T00:45:22","calc_backorders":null,"_links":{"self":[{"href":"https:\/\/myroyalmarket.com\/pt-br\/wp-json\/wp\/v2\/product\/22697","targetHints":{"allow":["GET"]}}],"collection":[{"href":"https:\/\/myroyalmarket.com\/pt-br\/wp-json\/wp\/v2\/product"}],"about":[{"href":"https:\/\/myroyalmarket.com\/pt-br\/wp-json\/wp\/v2\/types\/product"}],"replies":[{"embeddable":true,"href":"https:\/\/myroyalmarket.com\/pt-br\/wp-json\/wp\/v2\/comments?post=22697"}],"wp:featuredmedia":[{"embeddable":true,"href":"https:\/\/myroyalmarket.com\/pt-br\/wp-json\/wp\/v2\/media\/11656"}],"wp:attachment":[{"href":"https:\/\/myroyalmarket.com\/pt-br\/wp-json\/wp\/v2\/media?parent=22697"}],"wp:term":[{"taxonomy":"product_brand","embeddable":true,"href":"https:\/\/myroyalmarket.com\/pt-br\/wp-json\/wp\/v2\/product_brand?post=22697"},{"taxonomy":"product_cat","embeddable":true,"href":"https:\/\/myroyalmarket.com\/pt-br\/wp-json\/wp\/v2\/product_cat?post=22697"},{"taxonomy":"product_tag","embeddable":true,"href":"https:\/\/myroyalmarket.com\/pt-br\/wp-json\/wp\/v2\/product_tag?post=22697"}],"curies":[{"name":"wp","href":"https:\/\/api.w.org\/{rel}","templated":true}]}}